{"id":7293,"date":"2025-11-18T17:20:04","date_gmt":"2025-11-18T16:20:04","guid":{"rendered":"https:\/\/pelin1971.hr\/katalog\/magic-mug-with-inscription-picture-print\/"},"modified":"2025-11-25T10:43:11","modified_gmt":"2025-11-25T09:43:11","slug":"magic-mug-with-inscription-picture-print","status":"publish","type":"product","link":"https:\/\/pelin1971.hr\/en\/katalog\/magic-mug-with-inscription-picture-print\/","title":{"rendered":"Magic mug with inscription, picture, print"},"content":{"rendered":"<h1>Magic mug &#8211; magic mugs with your picture\/inscription<\/h1>\n<h4>Send us the picture you want by e-mail and the magic mug will arrive at your address (and that&#8217;s it&#8230; simple)<\/h4>\n<h4>-The magic mug is black on the outside and when a hot drink is poured into it, it begins to change color, the black color disappears and the desired image or inscription appears. When the mug cools down, the mug becomes black on the outside again and the image or inscription remains hidden under the color<\/h4>\n","protected":false},"excerpt":{"rendered":"<p>Magic mug &#8211; magic mugs with your picture\/inscription Send us the picture you want by e-mail and the magic mug will arrive at your address (and that&#8217;s it&#8230; simple) -The magic mug is black on the outside and when a hot drink is poured into it, it begins to change color, the black color disappears<\/p>\n","protected":false},"featured_media":10331,"comment_status":"open","ping_status":"closed","template":"","meta":{"_acf_changed":false},"product_brand":[],"product_cat":[4582],"product_tag":[2902,4610,2897,2898,2901,2899,2900],"class_list":{"0":"post-7293","1":"product","2":"type-product","3":"status-publish","4":"has-post-thumbnail","6":"product_cat-printing-on-t-shirts-mugs-hats-umbrellas","7":"product_tag-gift-magic-mug","8":"product_tag-magic-cup-2","9":"product_tag-magic-cup","10":"product_tag-magic-cups","11":"product_tag-magic-mugs-with-inscriptions","12":"product_tag-magic-mugs-with-pictures","13":"product_tag-magic-mugs-with-print","15":"first","16":"instock","17":"shipping-taxable","18":"product-type-simple"},"acf":[],"yoast_head":"<!-- This site is optimized with the Yoast SEO plugin v26.8 - https:\/\/yoast.com\/product\/yoast-seo-wordpress\/ -->\n<title>magic mug - magic mug with a picture, inscription, print of your choice<\/title>\n<meta name=\"description\" content=\"magic mug,magic mug,magic mugs with picture,magic mugs with print,magic mugs with inscription,gift magic mug\" \/>\n<meta name=\"robots\" content=\"index, follow, max-snippet:-1, max-image-preview:large, max-video-preview:-1\" \/>\n<link rel=\"canonical\" href=\"https:\/\/pelin1971.hr\/en\/katalog\/magic-mug-with-inscription-picture-print\/\" \/>\n<meta property=\"og:locale\" content=\"en_US\" \/>\n<meta property=\"og:type\" content=\"article\" \/>\n<meta property=\"og:title\" content=\"magic mug - magic mug with a picture, inscription, print of your choice\" \/>\n<meta property=\"og:description\" content=\"magic mug,magic mug,magic mugs with picture,magic mugs with print,magic mugs with inscription,gift magic mug\" \/>\n<meta property=\"og:url\" content=\"https:\/\/pelin1971.hr\/en\/katalog\/magic-mug-with-inscription-picture-print\/\" \/>\n<meta property=\"og:site_name\" content=\"Pelin1971\" \/>\n<meta property=\"article:modified_time\" content=\"2025-11-25T09:43:11+00:00\" \/>\n<meta property=\"og:image\" content=\"https:\/\/pelin1971.hr\/wp-content\/uploads\/2025\/11\/Magic-za-web_3.jpg\" \/>\n\t<meta property=\"og:image:width\" content=\"499\" \/>\n\t<meta property=\"og:image:height\" content=\"499\" \/>\n\t<meta property=\"og:image:type\" content=\"image\/jpeg\" \/>\n<meta name=\"twitter:card\" content=\"summary_large_image\" \/>\n<script type=\"application\/ld+json\" class=\"yoast-schema-graph\">{\"@context\":\"https:\/\/schema.org\",\"@graph\":[{\"@type\":\"WebPage\",\"@id\":\"https:\/\/pelin1971.hr\/en\/katalog\/magic-mug-with-inscription-picture-print\/\",\"url\":\"https:\/\/pelin1971.hr\/en\/katalog\/magic-mug-with-inscription-picture-print\/\",\"name\":\"magic mug - magic mug with a picture, inscription, print of your choice\",\"isPartOf\":{\"@id\":\"https:\/\/pelin1971.hr\/en\/#website\"},\"primaryImageOfPage\":{\"@id\":\"https:\/\/pelin1971.hr\/en\/katalog\/magic-mug-with-inscription-picture-print\/#primaryimage\"},\"image\":{\"@id\":\"https:\/\/pelin1971.hr\/en\/katalog\/magic-mug-with-inscription-picture-print\/#primaryimage\"},\"thumbnailUrl\":\"https:\/\/pelin1971.hr\/wp-content\/uploads\/2026\/02\/carobna-salica.jpg\",\"datePublished\":\"2025-11-18T16:20:04+00:00\",\"dateModified\":\"2025-11-25T09:43:11+00:00\",\"description\":\"magic mug,magic mug,magic mugs with picture,magic mugs with print,magic mugs with inscription,gift magic mug\",\"breadcrumb\":{\"@id\":\"https:\/\/pelin1971.hr\/en\/katalog\/magic-mug-with-inscription-picture-print\/#breadcrumb\"},\"inLanguage\":\"en-US\",\"potentialAction\":[{\"@type\":\"ReadAction\",\"target\":[\"https:\/\/pelin1971.hr\/en\/katalog\/magic-mug-with-inscription-picture-print\/\"]}]},{\"@type\":\"ImageObject\",\"inLanguage\":\"en-US\",\"@id\":\"https:\/\/pelin1971.hr\/en\/katalog\/magic-mug-with-inscription-picture-print\/#primaryimage\",\"url\":\"https:\/\/pelin1971.hr\/wp-content\/uploads\/2026\/02\/carobna-salica.jpg\",\"contentUrl\":\"https:\/\/pelin1971.hr\/wp-content\/uploads\/2026\/02\/carobna-salica.jpg\",\"width\":2079,\"height\":2078,\"caption\":\"magi\u010dna \u0161alica sa tiskom po \u017eelji \u010darobna \u0161alica , personalizirana \u0161alica , cijena\"},{\"@type\":\"BreadcrumbList\",\"@id\":\"https:\/\/pelin1971.hr\/en\/katalog\/magic-mug-with-inscription-picture-print\/#breadcrumb\",\"itemListElement\":[{\"@type\":\"ListItem\",\"position\":1,\"name\":\"Home\",\"item\":\"https:\/\/pelin1971.hr\/en\/\"},{\"@type\":\"ListItem\",\"position\":2,\"name\":\"Shop\",\"item\":\"https:\/\/pelin1971.hr\/en\/shop\/\"},{\"@type\":\"ListItem\",\"position\":3,\"name\":\"Printing on T-shirts, mugs, hats, umbrellas\u2026\",\"item\":\"https:\/\/pelin1971.hr\/en\/kategorija-proizvoda\/printing-on-t-shirts-mugs-hats-umbrellas\/\"},{\"@type\":\"ListItem\",\"position\":4,\"name\":\"Magic mug with inscription, picture, print\"}]},{\"@type\":\"WebSite\",\"@id\":\"https:\/\/pelin1971.hr\/en\/#website\",\"url\":\"https:\/\/pelin1971.hr\/en\/\",\"name\":\"Pelin1971\",\"description\":\"\",\"potentialAction\":[{\"@type\":\"SearchAction\",\"target\":{\"@type\":\"EntryPoint\",\"urlTemplate\":\"https:\/\/pelin1971.hr\/en\/?s={search_term_string}\"},\"query-input\":{\"@type\":\"PropertyValueSpecification\",\"valueRequired\":true,\"valueName\":\"search_term_string\"}}],\"inLanguage\":\"en-US\"}]}<\/script>\n<!-- \/ Yoast SEO plugin. -->","yoast_head_json":{"title":"magic mug - magic mug with a picture, inscription, print of your choice","description":"magic mug,magic mug,magic mugs with picture,magic mugs with print,magic mugs with inscription,gift magic mug","robots":{"index":"index","follow":"follow","max-snippet":"max-snippet:-1","max-image-preview":"max-image-preview:large","max-video-preview":"max-video-preview:-1"},"canonical":"https:\/\/pelin1971.hr\/en\/katalog\/magic-mug-with-inscription-picture-print\/","og_locale":"en_US","og_type":"article","og_title":"magic mug - magic mug with a picture, inscription, print of your choice","og_description":"magic mug,magic mug,magic mugs with picture,magic mugs with print,magic mugs with inscription,gift magic mug","og_url":"https:\/\/pelin1971.hr\/en\/katalog\/magic-mug-with-inscription-picture-print\/","og_site_name":"Pelin1971","article_modified_time":"2025-11-25T09:43:11+00:00","og_image":[{"width":499,"height":499,"url":"https:\/\/pelin1971.hr\/wp-content\/uploads\/2025\/11\/Magic-za-web_3.jpg","type":"image\/jpeg"}],"twitter_card":"summary_large_image","schema":{"@context":"https:\/\/schema.org","@graph":[{"@type":"WebPage","@id":"https:\/\/pelin1971.hr\/en\/katalog\/magic-mug-with-inscription-picture-print\/","url":"https:\/\/pelin1971.hr\/en\/katalog\/magic-mug-with-inscription-picture-print\/","name":"magic mug - magic mug with a picture, inscription, print of your choice","isPartOf":{"@id":"https:\/\/pelin1971.hr\/en\/#website"},"primaryImageOfPage":{"@id":"https:\/\/pelin1971.hr\/en\/katalog\/magic-mug-with-inscription-picture-print\/#primaryimage"},"image":{"@id":"https:\/\/pelin1971.hr\/en\/katalog\/magic-mug-with-inscription-picture-print\/#primaryimage"},"thumbnailUrl":"https:\/\/pelin1971.hr\/wp-content\/uploads\/2026\/02\/carobna-salica.jpg","datePublished":"2025-11-18T16:20:04+00:00","dateModified":"2025-11-25T09:43:11+00:00","description":"magic mug,magic mug,magic mugs with picture,magic mugs with print,magic mugs with inscription,gift magic mug","breadcrumb":{"@id":"https:\/\/pelin1971.hr\/en\/katalog\/magic-mug-with-inscription-picture-print\/#breadcrumb"},"inLanguage":"en-US","potentialAction":[{"@type":"ReadAction","target":["https:\/\/pelin1971.hr\/en\/katalog\/magic-mug-with-inscription-picture-print\/"]}]},{"@type":"ImageObject","inLanguage":"en-US","@id":"https:\/\/pelin1971.hr\/en\/katalog\/magic-mug-with-inscription-picture-print\/#primaryimage","url":"https:\/\/pelin1971.hr\/wp-content\/uploads\/2026\/02\/carobna-salica.jpg","contentUrl":"https:\/\/pelin1971.hr\/wp-content\/uploads\/2026\/02\/carobna-salica.jpg","width":2079,"height":2078,"caption":"magi\u010dna \u0161alica sa tiskom po \u017eelji \u010darobna \u0161alica , personalizirana \u0161alica , cijena"},{"@type":"BreadcrumbList","@id":"https:\/\/pelin1971.hr\/en\/katalog\/magic-mug-with-inscription-picture-print\/#breadcrumb","itemListElement":[{"@type":"ListItem","position":1,"name":"Home","item":"https:\/\/pelin1971.hr\/en\/"},{"@type":"ListItem","position":2,"name":"Shop","item":"https:\/\/pelin1971.hr\/en\/shop\/"},{"@type":"ListItem","position":3,"name":"Printing on T-shirts, mugs, hats, umbrellas\u2026","item":"https:\/\/pelin1971.hr\/en\/kategorija-proizvoda\/printing-on-t-shirts-mugs-hats-umbrellas\/"},{"@type":"ListItem","position":4,"name":"Magic mug with inscription, picture, print"}]},{"@type":"WebSite","@id":"https:\/\/pelin1971.hr\/en\/#website","url":"https:\/\/pelin1971.hr\/en\/","name":"Pelin1971","description":"","potentialAction":[{"@type":"SearchAction","target":{"@type":"EntryPoint","urlTemplate":"https:\/\/pelin1971.hr\/en\/?s={search_term_string}"},"query-input":{"@type":"PropertyValueSpecification","valueRequired":true,"valueName":"search_term_string"}}],"inLanguage":"en-US"}]}},"_links":{"self":[{"href":"https:\/\/pelin1971.hr\/en\/wp-json\/wp\/v2\/product\/7293","targetHints":{"allow":["GET"]}}],"collection":[{"href":"https:\/\/pelin1971.hr\/en\/wp-json\/wp\/v2\/product"}],"about":[{"href":"https:\/\/pelin1971.hr\/en\/wp-json\/wp\/v2\/types\/product"}],"replies":[{"embeddable":true,"href":"https:\/\/pelin1971.hr\/en\/wp-json\/wp\/v2\/comments?post=7293"}],"wp:featuredmedia":[{"embeddable":true,"href":"https:\/\/pelin1971.hr\/en\/wp-json\/wp\/v2\/media\/10331"}],"wp:attachment":[{"href":"https:\/\/pelin1971.hr\/en\/wp-json\/wp\/v2\/media?parent=7293"}],"wp:term":[{"taxonomy":"product_brand","embeddable":true,"href":"https:\/\/pelin1971.hr\/en\/wp-json\/wp\/v2\/product_brand?post=7293"},{"taxonomy":"product_cat","embeddable":true,"href":"https:\/\/pelin1971.hr\/en\/wp-json\/wp\/v2\/product_cat?post=7293"},{"taxonomy":"product_tag","embeddable":true,"href":"https:\/\/pelin1971.hr\/en\/wp-json\/wp\/v2\/product_tag?post=7293"}],"curies":[{"name":"wp","href":"https:\/\/api.w.org\/{rel}","templated":true}]}}