{"id":7248,"date":"2025-11-18T17:19:47","date_gmt":"2025-11-18T16:19:47","guid":{"rendered":"https:\/\/pelin1971.hr\/katalog\/monte-carlo-wine-glasses-for-white-wine\/"},"modified":"2025-11-25T10:43:36","modified_gmt":"2025-11-25T09:43:36","slug":"monte-carlo-wine-glasses-for-white-wine","status":"publish","type":"product","link":"https:\/\/pelin1971.hr\/en\/katalog\/monte-carlo-wine-glasses-for-white-wine\/","title":{"rendered":"MONTE CARLO WINE GLASSES FOR WHITE WINE"},"content":{"rendered":"<h1>Monte Carlo wine glasses for white wine<\/h1>\n<p>-Capacity: 325 cl<br \/>\n-Packaged: 6\/1  12\/1<br \/>\n-dimensions: height 232mm, diameter 80mm<br \/>\n&#8211; purpose: for serving white quality wines<br \/>\n-manufacturer: Pasabahce<\/p>\n<p>-our similar item : <a href=\"https:\/\/pelin1971.hr\/katalog\/casa-allegra-za-vino\/\">Allegro wine glass<\/a><\/p>\n","protected":false},"excerpt":{"rendered":"<p>Monte Carlo wine glasses for white wine -Capacity: 325 cl -Packaged: 6\/1 12\/1 -dimensions: height 232mm, diameter 80mm &#8211; purpose: for serving white quality wines -manufacturer: Pasabahce -our similar item : Allegro wine glass<\/p>\n","protected":false},"featured_media":8972,"comment_status":"open","ping_status":"closed","template":"","meta":{"_acf_changed":false},"product_brand":[],"product_cat":[4595,4600],"product_tag":[2871,2869,2870],"class_list":{"0":"post-7248","1":"product","2":"type-product","3":"status-publish","4":"has-post-thumbnail","6":"product_cat-glasses-for-bottled-wines","7":"product_cat-glasses-chalice-stand","8":"product_tag-monte-carlo-wine-glasses","9":"product_tag-wine-glasses","10":"product_tag-wine-glasses-for-white-wine","12":"first","13":"instock","14":"shipping-taxable","15":"purchasable","16":"product-type-simple"},"acf":[],"yoast_head":"<!-- This site is optimized with the Yoast SEO plugin v26.8 - https:\/\/yoast.com\/product\/yoast-seo-wordpress\/ -->\n<title>Monte Carlo 325cc White Wine Glass Rack<\/title>\n<meta name=\"description\" content=\"Wine glasses for white wine Monte Carlo,catering glasses,glasses for catering,glasses for quality white wines,restaurant glasses,price\" \/>\n<meta name=\"robots\" content=\"index, follow, max-snippet:-1, max-image-preview:large, max-video-preview:-1\" \/>\n<link rel=\"canonical\" href=\"https:\/\/pelin1971.hr\/en\/katalog\/monte-carlo-wine-glasses-for-white-wine\/\" \/>\n<meta property=\"og:locale\" content=\"en_US\" \/>\n<meta property=\"og:type\" content=\"article\" \/>\n<meta property=\"og:title\" content=\"Monte Carlo 325cc White Wine Glass Rack\" \/>\n<meta property=\"og:description\" content=\"Wine glasses for white wine Monte Carlo,catering glasses,glasses for catering,glasses for quality white wines,restaurant glasses,price\" \/>\n<meta property=\"og:url\" content=\"https:\/\/pelin1971.hr\/en\/katalog\/monte-carlo-wine-glasses-for-white-wine\/\" \/>\n<meta property=\"og:site_name\" content=\"Pelin1971\" \/>\n<meta property=\"article:modified_time\" content=\"2025-11-25T09:43:36+00:00\" \/>\n<meta property=\"og:image\" content=\"https:\/\/pelin1971.hr\/wp-content\/uploads\/2025\/11\/asa-Monte-Carlo-bijelo-vino-325cc.jpg\" \/>\n\t<meta property=\"og:image:width\" content=\"2080\" \/>\n\t<meta property=\"og:image:height\" content=\"2080\" \/>\n\t<meta property=\"og:image:type\" content=\"image\/jpeg\" \/>\n<meta name=\"twitter:card\" content=\"summary_large_image\" \/>\n<script type=\"application\/ld+json\" class=\"yoast-schema-graph\">{\"@context\":\"https:\/\/schema.org\",\"@graph\":[{\"@type\":\"WebPage\",\"@id\":\"https:\/\/pelin1971.hr\/en\/katalog\/monte-carlo-wine-glasses-for-white-wine\/\",\"url\":\"https:\/\/pelin1971.hr\/en\/katalog\/monte-carlo-wine-glasses-for-white-wine\/\",\"name\":\"Monte Carlo 325cc White Wine Glass Rack\",\"isPartOf\":{\"@id\":\"https:\/\/pelin1971.hr\/en\/#website\"},\"primaryImageOfPage\":{\"@id\":\"https:\/\/pelin1971.hr\/en\/katalog\/monte-carlo-wine-glasses-for-white-wine\/#primaryimage\"},\"image\":{\"@id\":\"https:\/\/pelin1971.hr\/en\/katalog\/monte-carlo-wine-glasses-for-white-wine\/#primaryimage\"},\"thumbnailUrl\":\"https:\/\/pelin1971.hr\/wp-content\/uploads\/2025\/02\/\u010da\u0161a-Monte-Carlo-bijelo-vino-325cc.jpg\",\"datePublished\":\"2025-11-18T16:19:47+00:00\",\"dateModified\":\"2025-11-25T09:43:36+00:00\",\"description\":\"Wine glasses for white wine Monte Carlo,catering glasses,glasses for catering,glasses for quality white wines,restaurant glasses,price\",\"breadcrumb\":{\"@id\":\"https:\/\/pelin1971.hr\/en\/katalog\/monte-carlo-wine-glasses-for-white-wine\/#breadcrumb\"},\"inLanguage\":\"en-US\",\"potentialAction\":[{\"@type\":\"ReadAction\",\"target\":[\"https:\/\/pelin1971.hr\/en\/katalog\/monte-carlo-wine-glasses-for-white-wine\/\"]}]},{\"@type\":\"ImageObject\",\"inLanguage\":\"en-US\",\"@id\":\"https:\/\/pelin1971.hr\/en\/katalog\/monte-carlo-wine-glasses-for-white-wine\/#primaryimage\",\"url\":\"https:\/\/pelin1971.hr\/wp-content\/uploads\/2025\/02\/\u010da\u0161a-Monte-Carlo-bijelo-vino-325cc.jpg\",\"contentUrl\":\"https:\/\/pelin1971.hr\/wp-content\/uploads\/2025\/02\/\u010da\u0161a-Monte-Carlo-bijelo-vino-325cc.jpg\",\"width\":2080,\"height\":2080,\"caption\":\"Vinske \u010da\u0161e za bijelo vino Monte Carlo,ugostiteljske \u010da\u0161e,\u010da\u0161e za ugostiteljstvo,\u010da\u0161e za kvalitetna bijela vina,restoranske \u010da\u0161e,cijena\"},{\"@type\":\"BreadcrumbList\",\"@id\":\"https:\/\/pelin1971.hr\/en\/katalog\/monte-carlo-wine-glasses-for-white-wine\/#breadcrumb\",\"itemListElement\":[{\"@type\":\"ListItem\",\"position\":1,\"name\":\"Home\",\"item\":\"https:\/\/pelin1971.hr\/en\/\"},{\"@type\":\"ListItem\",\"position\":2,\"name\":\"Shop\",\"item\":\"https:\/\/pelin1971.hr\/en\/shop\/\"},{\"@type\":\"ListItem\",\"position\":3,\"name\":\"Catering glasses\",\"item\":\"https:\/\/pelin1971.hr\/en\/kategorija-proizvoda\/catering-glasses\/\"},{\"@type\":\"ListItem\",\"position\":4,\"name\":\"Glasses for bottled wines\",\"item\":\"https:\/\/pelin1971.hr\/en\/kategorija-proizvoda\/catering-glasses\/glasses-for-bottled-wines\/\"},{\"@type\":\"ListItem\",\"position\":5,\"name\":\"MONTE CARLO WINE GLASSES FOR WHITE WINE\"}]},{\"@type\":\"WebSite\",\"@id\":\"https:\/\/pelin1971.hr\/en\/#website\",\"url\":\"https:\/\/pelin1971.hr\/en\/\",\"name\":\"Pelin1971\",\"description\":\"\",\"potentialAction\":[{\"@type\":\"SearchAction\",\"target\":{\"@type\":\"EntryPoint\",\"urlTemplate\":\"https:\/\/pelin1971.hr\/en\/?s={search_term_string}\"},\"query-input\":{\"@type\":\"PropertyValueSpecification\",\"valueRequired\":true,\"valueName\":\"search_term_string\"}}],\"inLanguage\":\"en-US\"}]}<\/script>\n<!-- \/ Yoast SEO plugin. -->","yoast_head_json":{"title":"Monte Carlo 325cc White Wine Glass Rack","description":"Wine glasses for white wine Monte Carlo,catering glasses,glasses for catering,glasses for quality white wines,restaurant glasses,price","robots":{"index":"index","follow":"follow","max-snippet":"max-snippet:-1","max-image-preview":"max-image-preview:large","max-video-preview":"max-video-preview:-1"},"canonical":"https:\/\/pelin1971.hr\/en\/katalog\/monte-carlo-wine-glasses-for-white-wine\/","og_locale":"en_US","og_type":"article","og_title":"Monte Carlo 325cc White Wine Glass Rack","og_description":"Wine glasses for white wine Monte Carlo,catering glasses,glasses for catering,glasses for quality white wines,restaurant glasses,price","og_url":"https:\/\/pelin1971.hr\/en\/katalog\/monte-carlo-wine-glasses-for-white-wine\/","og_site_name":"Pelin1971","article_modified_time":"2025-11-25T09:43:36+00:00","og_image":[{"width":2080,"height":2080,"url":"https:\/\/pelin1971.hr\/wp-content\/uploads\/2025\/11\/asa-Monte-Carlo-bijelo-vino-325cc.jpg","type":"image\/jpeg"}],"twitter_card":"summary_large_image","schema":{"@context":"https:\/\/schema.org","@graph":[{"@type":"WebPage","@id":"https:\/\/pelin1971.hr\/en\/katalog\/monte-carlo-wine-glasses-for-white-wine\/","url":"https:\/\/pelin1971.hr\/en\/katalog\/monte-carlo-wine-glasses-for-white-wine\/","name":"Monte Carlo 325cc White Wine Glass Rack","isPartOf":{"@id":"https:\/\/pelin1971.hr\/en\/#website"},"primaryImageOfPage":{"@id":"https:\/\/pelin1971.hr\/en\/katalog\/monte-carlo-wine-glasses-for-white-wine\/#primaryimage"},"image":{"@id":"https:\/\/pelin1971.hr\/en\/katalog\/monte-carlo-wine-glasses-for-white-wine\/#primaryimage"},"thumbnailUrl":"https:\/\/pelin1971.hr\/wp-content\/uploads\/2025\/02\/\u010da\u0161a-Monte-Carlo-bijelo-vino-325cc.jpg","datePublished":"2025-11-18T16:19:47+00:00","dateModified":"2025-11-25T09:43:36+00:00","description":"Wine glasses for white wine Monte Carlo,catering glasses,glasses for catering,glasses for quality white wines,restaurant glasses,price","breadcrumb":{"@id":"https:\/\/pelin1971.hr\/en\/katalog\/monte-carlo-wine-glasses-for-white-wine\/#breadcrumb"},"inLanguage":"en-US","potentialAction":[{"@type":"ReadAction","target":["https:\/\/pelin1971.hr\/en\/katalog\/monte-carlo-wine-glasses-for-white-wine\/"]}]},{"@type":"ImageObject","inLanguage":"en-US","@id":"https:\/\/pelin1971.hr\/en\/katalog\/monte-carlo-wine-glasses-for-white-wine\/#primaryimage","url":"https:\/\/pelin1971.hr\/wp-content\/uploads\/2025\/02\/\u010da\u0161a-Monte-Carlo-bijelo-vino-325cc.jpg","contentUrl":"https:\/\/pelin1971.hr\/wp-content\/uploads\/2025\/02\/\u010da\u0161a-Monte-Carlo-bijelo-vino-325cc.jpg","width":2080,"height":2080,"caption":"Vinske \u010da\u0161e za bijelo vino Monte Carlo,ugostiteljske \u010da\u0161e,\u010da\u0161e za ugostiteljstvo,\u010da\u0161e za kvalitetna bijela vina,restoranske \u010da\u0161e,cijena"},{"@type":"BreadcrumbList","@id":"https:\/\/pelin1971.hr\/en\/katalog\/monte-carlo-wine-glasses-for-white-wine\/#breadcrumb","itemListElement":[{"@type":"ListItem","position":1,"name":"Home","item":"https:\/\/pelin1971.hr\/en\/"},{"@type":"ListItem","position":2,"name":"Shop","item":"https:\/\/pelin1971.hr\/en\/shop\/"},{"@type":"ListItem","position":3,"name":"Catering glasses","item":"https:\/\/pelin1971.hr\/en\/kategorija-proizvoda\/catering-glasses\/"},{"@type":"ListItem","position":4,"name":"Glasses for bottled wines","item":"https:\/\/pelin1971.hr\/en\/kategorija-proizvoda\/catering-glasses\/glasses-for-bottled-wines\/"},{"@type":"ListItem","position":5,"name":"MONTE CARLO WINE GLASSES FOR WHITE WINE"}]},{"@type":"WebSite","@id":"https:\/\/pelin1971.hr\/en\/#website","url":"https:\/\/pelin1971.hr\/en\/","name":"Pelin1971","description":"","potentialAction":[{"@type":"SearchAction","target":{"@type":"EntryPoint","urlTemplate":"https:\/\/pelin1971.hr\/en\/?s={search_term_string}"},"query-input":{"@type":"PropertyValueSpecification","valueRequired":true,"valueName":"search_term_string"}}],"inLanguage":"en-US"}]}},"_links":{"self":[{"href":"https:\/\/pelin1971.hr\/en\/wp-json\/wp\/v2\/product\/7248","targetHints":{"allow":["GET"]}}],"collection":[{"href":"https:\/\/pelin1971.hr\/en\/wp-json\/wp\/v2\/product"}],"about":[{"href":"https:\/\/pelin1971.hr\/en\/wp-json\/wp\/v2\/types\/product"}],"replies":[{"embeddable":true,"href":"https:\/\/pelin1971.hr\/en\/wp-json\/wp\/v2\/comments?post=7248"}],"wp:featuredmedia":[{"embeddable":true,"href":"https:\/\/pelin1971.hr\/en\/wp-json\/wp\/v2\/media\/8972"}],"wp:attachment":[{"href":"https:\/\/pelin1971.hr\/en\/wp-json\/wp\/v2\/media?parent=7248"}],"wp:term":[{"taxonomy":"product_brand","embeddable":true,"href":"https:\/\/pelin1971.hr\/en\/wp-json\/wp\/v2\/product_brand?post=7248"},{"taxonomy":"product_cat","embeddable":true,"href":"https:\/\/pelin1971.hr\/en\/wp-json\/wp\/v2\/product_cat?post=7248"},{"taxonomy":"product_tag","embeddable":true,"href":"https:\/\/pelin1971.hr\/en\/wp-json\/wp\/v2\/product_tag?post=7248"}],"curies":[{"name":"wp","href":"https:\/\/api.w.org\/{rel}","templated":true}]}}