{"id":7235,"date":"2025-11-18T17:19:47","date_gmt":"2025-11-18T16:19:47","guid":{"rendered":"https:\/\/pelin1971.hr\/katalog\/tulip-beer-glasses\/"},"modified":"2025-11-25T10:43:36","modified_gmt":"2025-11-25T09:43:36","slug":"tulip-beer-glasses","status":"publish","type":"product","link":"https:\/\/pelin1971.hr\/en\/katalog\/tulip-beer-glasses\/","title":{"rendered":"TULIP BEER GLASSES"},"content":{"rendered":"<h1>Tulip beer glasses<\/h1>\n<p>-purpose: beer glasses,&#8230;.<br \/>\n-manufacturer: Pasabahce<br \/>\n-capacity: 380cl<br \/>\n-packaging: 6\/1 and 12\/1<\/p>\n","protected":false},"excerpt":{"rendered":"<p>Tulip beer glasses -purpose: beer glasses,&#8230;. -manufacturer: Pasabahce -capacity: 380cl -packaging: 6\/1 and 12\/1<\/p>\n","protected":false},"featured_media":8965,"comment_status":"open","ping_status":"closed","template":"","meta":{"_acf_changed":false},"product_brand":[],"product_cat":[4600],"product_tag":[2837,2832,4616,2835,2836,2834,2833],"class_list":{"0":"post-7235","1":"product","2":"type-product","3":"status-publish","4":"has-post-thumbnail","6":"product_cat-glasses-chalice-stand","7":"product_tag-beer-glass-stand","8":"product_tag-beer-glasses","9":"product_tag-beer-glasses-4","10":"product_tag-beer-glasses-on-a-stand","11":"product_tag-beer-serving-glasses","12":"product_tag-glass-glasses-on-a-beer-rack","13":"product_tag-tulip-glasses-on-a-stand","15":"first","16":"instock","17":"shipping-taxable","18":"purchasable","19":"product-type-simple"},"acf":[],"yoast_head":"<!-- This site is optimized with the Yoast SEO plugin v26.8 - https:\/\/yoast.com\/product\/yoast-seo-wordpress\/ -->\n<title>BEER GLASSES ON A TULIP STAND,BEER GLASSES<\/title>\n<meta name=\"description\" content=\"beer glasses,tulip glasses on a stand,glass glasses on a beer stand,beer glasses on a stand,beer serving glasses,beer glass stand,price\" \/>\n<meta name=\"robots\" content=\"index, follow, max-snippet:-1, max-image-preview:large, max-video-preview:-1\" \/>\n<link rel=\"canonical\" href=\"https:\/\/pelin1971.hr\/en\/katalog\/tulip-beer-glasses\/\" \/>\n<meta property=\"og:locale\" content=\"en_US\" \/>\n<meta property=\"og:type\" content=\"article\" \/>\n<meta property=\"og:title\" content=\"BEER GLASSES ON A TULIP STAND,BEER GLASSES\" \/>\n<meta property=\"og:description\" content=\"beer glasses,tulip glasses on a stand,glass glasses on a beer stand,beer glasses on a stand,beer serving glasses,beer glass stand,price\" \/>\n<meta property=\"og:url\" content=\"https:\/\/pelin1971.hr\/en\/katalog\/tulip-beer-glasses\/\" \/>\n<meta property=\"og:site_name\" content=\"Pelin1971\" \/>\n<meta property=\"article:modified_time\" content=\"2025-11-25T09:43:36+00:00\" \/>\n<meta property=\"og:image\" content=\"https:\/\/pelin1971.hr\/wp-content\/uploads\/2025\/11\/tulip-beer.jpg\" \/>\n\t<meta property=\"og:image:width\" content=\"1041\" \/>\n\t<meta property=\"og:image:height\" content=\"1041\" \/>\n\t<meta property=\"og:image:type\" content=\"image\/jpeg\" \/>\n<meta name=\"twitter:card\" content=\"summary_large_image\" \/>\n<script type=\"application\/ld+json\" class=\"yoast-schema-graph\">{\"@context\":\"https:\/\/schema.org\",\"@graph\":[{\"@type\":\"WebPage\",\"@id\":\"https:\/\/pelin1971.hr\/en\/katalog\/tulip-beer-glasses\/\",\"url\":\"https:\/\/pelin1971.hr\/en\/katalog\/tulip-beer-glasses\/\",\"name\":\"BEER GLASSES ON A TULIP STAND,BEER GLASSES\",\"isPartOf\":{\"@id\":\"https:\/\/pelin1971.hr\/en\/#website\"},\"primaryImageOfPage\":{\"@id\":\"https:\/\/pelin1971.hr\/en\/katalog\/tulip-beer-glasses\/#primaryimage\"},\"image\":{\"@id\":\"https:\/\/pelin1971.hr\/en\/katalog\/tulip-beer-glasses\/#primaryimage\"},\"thumbnailUrl\":\"https:\/\/pelin1971.hr\/wp-content\/uploads\/2017\/03\/tulip-beer.jpg\",\"datePublished\":\"2025-11-18T16:19:47+00:00\",\"dateModified\":\"2025-11-25T09:43:36+00:00\",\"description\":\"beer glasses,tulip glasses on a stand,glass glasses on a beer stand,beer glasses on a stand,beer serving glasses,beer glass stand,price\",\"breadcrumb\":{\"@id\":\"https:\/\/pelin1971.hr\/en\/katalog\/tulip-beer-glasses\/#breadcrumb\"},\"inLanguage\":\"en-US\",\"potentialAction\":[{\"@type\":\"ReadAction\",\"target\":[\"https:\/\/pelin1971.hr\/en\/katalog\/tulip-beer-glasses\/\"]}]},{\"@type\":\"ImageObject\",\"inLanguage\":\"en-US\",\"@id\":\"https:\/\/pelin1971.hr\/en\/katalog\/tulip-beer-glasses\/#primaryimage\",\"url\":\"https:\/\/pelin1971.hr\/wp-content\/uploads\/2017\/03\/tulip-beer.jpg\",\"contentUrl\":\"https:\/\/pelin1971.hr\/wp-content\/uploads\/2017\/03\/tulip-beer.jpg\",\"width\":1041,\"height\":1041,\"caption\":\"\u010da\u0161e za pivu , tulip beer,pivske \u010da\u0161e,cijena\"},{\"@type\":\"BreadcrumbList\",\"@id\":\"https:\/\/pelin1971.hr\/en\/katalog\/tulip-beer-glasses\/#breadcrumb\",\"itemListElement\":[{\"@type\":\"ListItem\",\"position\":1,\"name\":\"Home\",\"item\":\"https:\/\/pelin1971.hr\/en\/\"},{\"@type\":\"ListItem\",\"position\":2,\"name\":\"Shop\",\"item\":\"https:\/\/pelin1971.hr\/en\/shop\/\"},{\"@type\":\"ListItem\",\"position\":3,\"name\":\"Glasses for catering I\",\"item\":\"https:\/\/pelin1971.hr\/en\/kategorija-proizvoda\/glasses-for-catering-i\/\"},{\"@type\":\"ListItem\",\"position\":4,\"name\":\"Glasses Chalice - Stand\",\"item\":\"https:\/\/pelin1971.hr\/en\/kategorija-proizvoda\/glasses-for-catering-i\/glasses-chalice-stand\/\"},{\"@type\":\"ListItem\",\"position\":5,\"name\":\"TULIP BEER GLASSES\"}]},{\"@type\":\"WebSite\",\"@id\":\"https:\/\/pelin1971.hr\/en\/#website\",\"url\":\"https:\/\/pelin1971.hr\/en\/\",\"name\":\"Pelin1971\",\"description\":\"\",\"potentialAction\":[{\"@type\":\"SearchAction\",\"target\":{\"@type\":\"EntryPoint\",\"urlTemplate\":\"https:\/\/pelin1971.hr\/en\/?s={search_term_string}\"},\"query-input\":{\"@type\":\"PropertyValueSpecification\",\"valueRequired\":true,\"valueName\":\"search_term_string\"}}],\"inLanguage\":\"en-US\"}]}<\/script>\n<!-- \/ Yoast SEO plugin. -->","yoast_head_json":{"title":"BEER GLASSES ON A TULIP STAND,BEER GLASSES","description":"beer glasses,tulip glasses on a stand,glass glasses on a beer stand,beer glasses on a stand,beer serving glasses,beer glass stand,price","robots":{"index":"index","follow":"follow","max-snippet":"max-snippet:-1","max-image-preview":"max-image-preview:large","max-video-preview":"max-video-preview:-1"},"canonical":"https:\/\/pelin1971.hr\/en\/katalog\/tulip-beer-glasses\/","og_locale":"en_US","og_type":"article","og_title":"BEER GLASSES ON A TULIP STAND,BEER GLASSES","og_description":"beer glasses,tulip glasses on a stand,glass glasses on a beer stand,beer glasses on a stand,beer serving glasses,beer glass stand,price","og_url":"https:\/\/pelin1971.hr\/en\/katalog\/tulip-beer-glasses\/","og_site_name":"Pelin1971","article_modified_time":"2025-11-25T09:43:36+00:00","og_image":[{"width":1041,"height":1041,"url":"https:\/\/pelin1971.hr\/wp-content\/uploads\/2025\/11\/tulip-beer.jpg","type":"image\/jpeg"}],"twitter_card":"summary_large_image","schema":{"@context":"https:\/\/schema.org","@graph":[{"@type":"WebPage","@id":"https:\/\/pelin1971.hr\/en\/katalog\/tulip-beer-glasses\/","url":"https:\/\/pelin1971.hr\/en\/katalog\/tulip-beer-glasses\/","name":"BEER GLASSES ON A TULIP STAND,BEER GLASSES","isPartOf":{"@id":"https:\/\/pelin1971.hr\/en\/#website"},"primaryImageOfPage":{"@id":"https:\/\/pelin1971.hr\/en\/katalog\/tulip-beer-glasses\/#primaryimage"},"image":{"@id":"https:\/\/pelin1971.hr\/en\/katalog\/tulip-beer-glasses\/#primaryimage"},"thumbnailUrl":"https:\/\/pelin1971.hr\/wp-content\/uploads\/2017\/03\/tulip-beer.jpg","datePublished":"2025-11-18T16:19:47+00:00","dateModified":"2025-11-25T09:43:36+00:00","description":"beer glasses,tulip glasses on a stand,glass glasses on a beer stand,beer glasses on a stand,beer serving glasses,beer glass stand,price","breadcrumb":{"@id":"https:\/\/pelin1971.hr\/en\/katalog\/tulip-beer-glasses\/#breadcrumb"},"inLanguage":"en-US","potentialAction":[{"@type":"ReadAction","target":["https:\/\/pelin1971.hr\/en\/katalog\/tulip-beer-glasses\/"]}]},{"@type":"ImageObject","inLanguage":"en-US","@id":"https:\/\/pelin1971.hr\/en\/katalog\/tulip-beer-glasses\/#primaryimage","url":"https:\/\/pelin1971.hr\/wp-content\/uploads\/2017\/03\/tulip-beer.jpg","contentUrl":"https:\/\/pelin1971.hr\/wp-content\/uploads\/2017\/03\/tulip-beer.jpg","width":1041,"height":1041,"caption":"\u010da\u0161e za pivu , tulip beer,pivske \u010da\u0161e,cijena"},{"@type":"BreadcrumbList","@id":"https:\/\/pelin1971.hr\/en\/katalog\/tulip-beer-glasses\/#breadcrumb","itemListElement":[{"@type":"ListItem","position":1,"name":"Home","item":"https:\/\/pelin1971.hr\/en\/"},{"@type":"ListItem","position":2,"name":"Shop","item":"https:\/\/pelin1971.hr\/en\/shop\/"},{"@type":"ListItem","position":3,"name":"Glasses for catering I","item":"https:\/\/pelin1971.hr\/en\/kategorija-proizvoda\/glasses-for-catering-i\/"},{"@type":"ListItem","position":4,"name":"Glasses Chalice - Stand","item":"https:\/\/pelin1971.hr\/en\/kategorija-proizvoda\/glasses-for-catering-i\/glasses-chalice-stand\/"},{"@type":"ListItem","position":5,"name":"TULIP BEER GLASSES"}]},{"@type":"WebSite","@id":"https:\/\/pelin1971.hr\/en\/#website","url":"https:\/\/pelin1971.hr\/en\/","name":"Pelin1971","description":"","potentialAction":[{"@type":"SearchAction","target":{"@type":"EntryPoint","urlTemplate":"https:\/\/pelin1971.hr\/en\/?s={search_term_string}"},"query-input":{"@type":"PropertyValueSpecification","valueRequired":true,"valueName":"search_term_string"}}],"inLanguage":"en-US"}]}},"_links":{"self":[{"href":"https:\/\/pelin1971.hr\/en\/wp-json\/wp\/v2\/product\/7235","targetHints":{"allow":["GET"]}}],"collection":[{"href":"https:\/\/pelin1971.hr\/en\/wp-json\/wp\/v2\/product"}],"about":[{"href":"https:\/\/pelin1971.hr\/en\/wp-json\/wp\/v2\/types\/product"}],"replies":[{"embeddable":true,"href":"https:\/\/pelin1971.hr\/en\/wp-json\/wp\/v2\/comments?post=7235"}],"wp:featuredmedia":[{"embeddable":true,"href":"https:\/\/pelin1971.hr\/en\/wp-json\/wp\/v2\/media\/8965"}],"wp:attachment":[{"href":"https:\/\/pelin1971.hr\/en\/wp-json\/wp\/v2\/media?parent=7235"}],"wp:term":[{"taxonomy":"product_brand","embeddable":true,"href":"https:\/\/pelin1971.hr\/en\/wp-json\/wp\/v2\/product_brand?post=7235"},{"taxonomy":"product_cat","embeddable":true,"href":"https:\/\/pelin1971.hr\/en\/wp-json\/wp\/v2\/product_cat?post=7235"},{"taxonomy":"product_tag","embeddable":true,"href":"https:\/\/pelin1971.hr\/en\/wp-json\/wp\/v2\/product_tag?post=7235"}],"curies":[{"name":"wp","href":"https:\/\/api.w.org\/{rel}","templated":true}]}}