{"id":7233,"date":"2025-11-18T17:19:47","date_gmt":"2025-11-18T16:19:47","guid":{"rendered":"https:\/\/pelin1971.hr\/katalog\/fiore-viljamovka\/"},"modified":"2025-11-25T10:43:38","modified_gmt":"2025-11-25T09:43:38","slug":"fiore-viljamovka","status":"publish","type":"product","link":"https:\/\/pelin1971.hr\/en\/katalog\/fiore-viljamovka\/","title":{"rendered":"FIORE VILJAMOVKA"},"content":{"rendered":"<h1>FIORE VILJAMOVKA<\/h1>\n<p>-packaging: 12\/1<br \/>\n-manufacturer: Bormiolli Rocco<br \/>\n-purpose: glasses for premium brandies and similar drinks<\/p>\n","protected":false},"excerpt":{"rendered":"<p>FIORE VILJAMOVKA -packaging: 12\/1 -manufacturer: Bormiolli Rocco -purpose: glasses for premium brandies and similar drinks<\/p>\n","protected":false},"featured_media":8992,"comment_status":"open","ping_status":"closed","template":"","meta":{"_acf_changed":false},"product_brand":[],"product_cat":[4594],"product_tag":[],"class_list":{"0":"post-7233","1":"product","2":"type-product","3":"status-publish","4":"has-post-thumbnail","6":"product_cat-aperitif-glasses","8":"first","9":"instock","10":"shipping-taxable","11":"purchasable","12":"product-type-simple"},"acf":[],"yoast_head":"<!-- This site is optimized with the Yoast SEO plugin v26.8 - https:\/\/yoast.com\/product\/yoast-seo-wordpress\/ -->\n<title>FIORE VILJAMOVKA - Pelin1971<\/title>\n<meta name=\"robots\" content=\"index, follow, max-snippet:-1, max-image-preview:large, max-video-preview:-1\" \/>\n<link rel=\"canonical\" href=\"https:\/\/pelin1971.hr\/en\/katalog\/fiore-viljamovka\/\" \/>\n<meta property=\"og:locale\" content=\"en_US\" \/>\n<meta property=\"og:type\" content=\"article\" \/>\n<meta property=\"og:title\" content=\"FIORE VILJAMOVKA - Pelin1971\" \/>\n<meta property=\"og:description\" content=\"FIORE VILJAMOVKA -packaging: 12\/1 -manufacturer: Bormiolli Rocco -purpose: glasses for premium brandies and similar drinks\" \/>\n<meta property=\"og:url\" content=\"https:\/\/pelin1971.hr\/en\/katalog\/fiore-viljamovka\/\" \/>\n<meta property=\"og:site_name\" content=\"Pelin1971\" \/>\n<meta property=\"article:modified_time\" content=\"2025-11-25T09:43:38+00:00\" \/>\n<meta property=\"og:image\" content=\"https:\/\/pelin1971.hr\/wp-content\/uploads\/2025\/11\/fiore-viljamovka-1.jpg\" \/>\n\t<meta property=\"og:image:width\" content=\"500\" \/>\n\t<meta property=\"og:image:height\" content=\"500\" \/>\n\t<meta property=\"og:image:type\" content=\"image\/jpeg\" \/>\n<meta name=\"twitter:card\" content=\"summary_large_image\" \/>\n<script type=\"application\/ld+json\" class=\"yoast-schema-graph\">{\"@context\":\"https:\/\/schema.org\",\"@graph\":[{\"@type\":\"WebPage\",\"@id\":\"https:\/\/pelin1971.hr\/en\/katalog\/fiore-viljamovka\/\",\"url\":\"https:\/\/pelin1971.hr\/en\/katalog\/fiore-viljamovka\/\",\"name\":\"FIORE VILJAMOVKA - Pelin1971\",\"isPartOf\":{\"@id\":\"https:\/\/pelin1971.hr\/en\/#website\"},\"primaryImageOfPage\":{\"@id\":\"https:\/\/pelin1971.hr\/en\/katalog\/fiore-viljamovka\/#primaryimage\"},\"image\":{\"@id\":\"https:\/\/pelin1971.hr\/en\/katalog\/fiore-viljamovka\/#primaryimage\"},\"thumbnailUrl\":\"https:\/\/pelin1971.hr\/wp-content\/uploads\/2016\/02\/fiore-viljamovka-1.jpg\",\"datePublished\":\"2025-11-18T16:19:47+00:00\",\"dateModified\":\"2025-11-25T09:43:38+00:00\",\"breadcrumb\":{\"@id\":\"https:\/\/pelin1971.hr\/en\/katalog\/fiore-viljamovka\/#breadcrumb\"},\"inLanguage\":\"en-US\",\"potentialAction\":[{\"@type\":\"ReadAction\",\"target\":[\"https:\/\/pelin1971.hr\/en\/katalog\/fiore-viljamovka\/\"]}]},{\"@type\":\"ImageObject\",\"inLanguage\":\"en-US\",\"@id\":\"https:\/\/pelin1971.hr\/en\/katalog\/fiore-viljamovka\/#primaryimage\",\"url\":\"https:\/\/pelin1971.hr\/wp-content\/uploads\/2016\/02\/fiore-viljamovka-1.jpg\",\"contentUrl\":\"https:\/\/pelin1971.hr\/wp-content\/uploads\/2016\/02\/fiore-viljamovka-1.jpg\",\"width\":500,\"height\":500,\"caption\":\"\u010da\u0161e fiore za rakije na stalku,ugostiteljska oprema,sitni inventar za ugostiteljstvo,\u010da\u0161e za ugostiteljstvo,ugostiteljske \u010da\u0161e za rakiju,\u017eestoko,aperitive,cijena\"},{\"@type\":\"BreadcrumbList\",\"@id\":\"https:\/\/pelin1971.hr\/en\/katalog\/fiore-viljamovka\/#breadcrumb\",\"itemListElement\":[{\"@type\":\"ListItem\",\"position\":1,\"name\":\"Home\",\"item\":\"https:\/\/pelin1971.hr\/en\/\"},{\"@type\":\"ListItem\",\"position\":2,\"name\":\"Shop\",\"item\":\"https:\/\/pelin1971.hr\/en\/shop\/\"},{\"@type\":\"ListItem\",\"position\":3,\"name\":\"Catering glasses\",\"item\":\"https:\/\/pelin1971.hr\/en\/kategorija-proizvoda\/catering-glasses\/\"},{\"@type\":\"ListItem\",\"position\":4,\"name\":\"Aperitif glasses\",\"item\":\"https:\/\/pelin1971.hr\/en\/kategorija-proizvoda\/catering-glasses\/aperitif-glasses\/\"},{\"@type\":\"ListItem\",\"position\":5,\"name\":\"FIORE VILJAMOVKA\"}]},{\"@type\":\"WebSite\",\"@id\":\"https:\/\/pelin1971.hr\/en\/#website\",\"url\":\"https:\/\/pelin1971.hr\/en\/\",\"name\":\"Pelin1971\",\"description\":\"\",\"potentialAction\":[{\"@type\":\"SearchAction\",\"target\":{\"@type\":\"EntryPoint\",\"urlTemplate\":\"https:\/\/pelin1971.hr\/en\/?s={search_term_string}\"},\"query-input\":{\"@type\":\"PropertyValueSpecification\",\"valueRequired\":true,\"valueName\":\"search_term_string\"}}],\"inLanguage\":\"en-US\"}]}<\/script>\n<!-- \/ Yoast SEO plugin. -->","yoast_head_json":{"title":"FIORE VILJAMOVKA - Pelin1971","robots":{"index":"index","follow":"follow","max-snippet":"max-snippet:-1","max-image-preview":"max-image-preview:large","max-video-preview":"max-video-preview:-1"},"canonical":"https:\/\/pelin1971.hr\/en\/katalog\/fiore-viljamovka\/","og_locale":"en_US","og_type":"article","og_title":"FIORE VILJAMOVKA - Pelin1971","og_description":"FIORE VILJAMOVKA -packaging: 12\/1 -manufacturer: Bormiolli Rocco -purpose: glasses for premium brandies and similar drinks","og_url":"https:\/\/pelin1971.hr\/en\/katalog\/fiore-viljamovka\/","og_site_name":"Pelin1971","article_modified_time":"2025-11-25T09:43:38+00:00","og_image":[{"width":500,"height":500,"url":"https:\/\/pelin1971.hr\/wp-content\/uploads\/2025\/11\/fiore-viljamovka-1.jpg","type":"image\/jpeg"}],"twitter_card":"summary_large_image","schema":{"@context":"https:\/\/schema.org","@graph":[{"@type":"WebPage","@id":"https:\/\/pelin1971.hr\/en\/katalog\/fiore-viljamovka\/","url":"https:\/\/pelin1971.hr\/en\/katalog\/fiore-viljamovka\/","name":"FIORE VILJAMOVKA - Pelin1971","isPartOf":{"@id":"https:\/\/pelin1971.hr\/en\/#website"},"primaryImageOfPage":{"@id":"https:\/\/pelin1971.hr\/en\/katalog\/fiore-viljamovka\/#primaryimage"},"image":{"@id":"https:\/\/pelin1971.hr\/en\/katalog\/fiore-viljamovka\/#primaryimage"},"thumbnailUrl":"https:\/\/pelin1971.hr\/wp-content\/uploads\/2016\/02\/fiore-viljamovka-1.jpg","datePublished":"2025-11-18T16:19:47+00:00","dateModified":"2025-11-25T09:43:38+00:00","breadcrumb":{"@id":"https:\/\/pelin1971.hr\/en\/katalog\/fiore-viljamovka\/#breadcrumb"},"inLanguage":"en-US","potentialAction":[{"@type":"ReadAction","target":["https:\/\/pelin1971.hr\/en\/katalog\/fiore-viljamovka\/"]}]},{"@type":"ImageObject","inLanguage":"en-US","@id":"https:\/\/pelin1971.hr\/en\/katalog\/fiore-viljamovka\/#primaryimage","url":"https:\/\/pelin1971.hr\/wp-content\/uploads\/2016\/02\/fiore-viljamovka-1.jpg","contentUrl":"https:\/\/pelin1971.hr\/wp-content\/uploads\/2016\/02\/fiore-viljamovka-1.jpg","width":500,"height":500,"caption":"\u010da\u0161e fiore za rakije na stalku,ugostiteljska oprema,sitni inventar za ugostiteljstvo,\u010da\u0161e za ugostiteljstvo,ugostiteljske \u010da\u0161e za rakiju,\u017eestoko,aperitive,cijena"},{"@type":"BreadcrumbList","@id":"https:\/\/pelin1971.hr\/en\/katalog\/fiore-viljamovka\/#breadcrumb","itemListElement":[{"@type":"ListItem","position":1,"name":"Home","item":"https:\/\/pelin1971.hr\/en\/"},{"@type":"ListItem","position":2,"name":"Shop","item":"https:\/\/pelin1971.hr\/en\/shop\/"},{"@type":"ListItem","position":3,"name":"Catering glasses","item":"https:\/\/pelin1971.hr\/en\/kategorija-proizvoda\/catering-glasses\/"},{"@type":"ListItem","position":4,"name":"Aperitif glasses","item":"https:\/\/pelin1971.hr\/en\/kategorija-proizvoda\/catering-glasses\/aperitif-glasses\/"},{"@type":"ListItem","position":5,"name":"FIORE VILJAMOVKA"}]},{"@type":"WebSite","@id":"https:\/\/pelin1971.hr\/en\/#website","url":"https:\/\/pelin1971.hr\/en\/","name":"Pelin1971","description":"","potentialAction":[{"@type":"SearchAction","target":{"@type":"EntryPoint","urlTemplate":"https:\/\/pelin1971.hr\/en\/?s={search_term_string}"},"query-input":{"@type":"PropertyValueSpecification","valueRequired":true,"valueName":"search_term_string"}}],"inLanguage":"en-US"}]}},"_links":{"self":[{"href":"https:\/\/pelin1971.hr\/en\/wp-json\/wp\/v2\/product\/7233","targetHints":{"allow":["GET"]}}],"collection":[{"href":"https:\/\/pelin1971.hr\/en\/wp-json\/wp\/v2\/product"}],"about":[{"href":"https:\/\/pelin1971.hr\/en\/wp-json\/wp\/v2\/types\/product"}],"replies":[{"embeddable":true,"href":"https:\/\/pelin1971.hr\/en\/wp-json\/wp\/v2\/comments?post=7233"}],"wp:featuredmedia":[{"embeddable":true,"href":"https:\/\/pelin1971.hr\/en\/wp-json\/wp\/v2\/media\/8992"}],"wp:attachment":[{"href":"https:\/\/pelin1971.hr\/en\/wp-json\/wp\/v2\/media?parent=7233"}],"wp:term":[{"taxonomy":"product_brand","embeddable":true,"href":"https:\/\/pelin1971.hr\/en\/wp-json\/wp\/v2\/product_brand?post=7233"},{"taxonomy":"product_cat","embeddable":true,"href":"https:\/\/pelin1971.hr\/en\/wp-json\/wp\/v2\/product_cat?post=7233"},{"taxonomy":"product_tag","embeddable":true,"href":"https:\/\/pelin1971.hr\/en\/wp-json\/wp\/v2\/product_tag?post=7233"}],"curies":[{"name":"wp","href":"https:\/\/api.w.org\/{rel}","templated":true}]}}