{"id":7220,"date":"2025-11-18T17:19:55","date_gmt":"2025-11-18T16:19:55","guid":{"rendered":"https:\/\/pelin1971.hr\/katalog\/glass-tina-31-0-2-stamp\/"},"modified":"2025-11-25T10:44:11","modified_gmt":"2025-11-25T09:44:11","slug":"glass-tina-31-0-2-stamp","status":"publish","type":"product","link":"https:\/\/pelin1971.hr\/en\/katalog\/glass-tina-31-0-2-stamp\/","title":{"rendered":"GLASS TINA 31 (0.2 stamp)"},"content":{"rendered":"<h1>GLASS TINA 31 (0.2 mark) &#8211; GLASS CLASSICO 29 (0.2 mark) thick bottom<\/h1>\n<p>-volume: 29cl<br \/>\n-packaging: 12\/1<\/p>\n","protected":false},"excerpt":{"rendered":"<p>GLASS TINA 31 (0.2 mark) &#8211; GLASS CLASSICO 29 (0.2 mark) thick bottom -volume: 29cl -packaging: 12\/1<\/p>\n","protected":false},"featured_media":8945,"comment_status":"open","ping_status":"closed","template":"","meta":{"_acf_changed":false},"product_brand":[],"product_cat":[4601],"product_tag":[2802],"class_list":{"0":"post-7220","1":"product","2":"type-product","3":"status-publish","4":"has-post-thumbnail","6":"product_cat-tina-glasses","7":"product_tag-glass-tina-31-stamp-gauge","9":"first","10":"instock","11":"shipping-taxable","12":"purchasable","13":"product-type-simple"},"acf":[],"yoast_head":"<!-- This site is optimized with the Yoast SEO plugin v26.8 - https:\/\/yoast.com\/product\/yoast-seo-wordpress\/ -->\n<title>GLASS TINA 31 stamp - GLASS CLASSICO 29 stamp (thick bottom)<\/title>\n<meta name=\"description\" content=\"Tina 31 glass with a thick bottom, intended for serving in the catering industry for juices, water and the like, universal multi-purpose glass, price\" \/>\n<meta name=\"robots\" content=\"index, follow, max-snippet:-1, max-image-preview:large, max-video-preview:-1\" \/>\n<link rel=\"canonical\" href=\"https:\/\/pelin1971.hr\/en\/katalog\/glass-tina-31-0-2-stamp\/\" \/>\n<meta property=\"og:locale\" content=\"en_US\" \/>\n<meta property=\"og:type\" content=\"article\" \/>\n<meta property=\"og:title\" content=\"GLASS TINA 31 stamp - GLASS CLASSICO 29 stamp (thick bottom)\" \/>\n<meta property=\"og:description\" content=\"Tina 31 glass with a thick bottom, intended for serving in the catering industry for juices, water and the like, universal multi-purpose glass, price\" \/>\n<meta property=\"og:url\" content=\"https:\/\/pelin1971.hr\/en\/katalog\/glass-tina-31-0-2-stamp\/\" \/>\n<meta property=\"og:site_name\" content=\"Pelin1971\" \/>\n<meta property=\"article:modified_time\" content=\"2025-11-25T09:44:11+00:00\" \/>\n<meta property=\"og:image\" content=\"https:\/\/pelin1971.hr\/wp-content\/uploads\/2025\/11\/tina_31-3.jpg\" \/>\n\t<meta property=\"og:image:width\" content=\"500\" \/>\n\t<meta property=\"og:image:height\" content=\"500\" \/>\n\t<meta property=\"og:image:type\" content=\"image\/jpeg\" \/>\n<meta name=\"twitter:card\" content=\"summary_large_image\" \/>\n<script type=\"application\/ld+json\" class=\"yoast-schema-graph\">{\"@context\":\"https:\/\/schema.org\",\"@graph\":[{\"@type\":\"WebPage\",\"@id\":\"https:\/\/pelin1971.hr\/en\/katalog\/glass-tina-31-0-2-stamp\/\",\"url\":\"https:\/\/pelin1971.hr\/en\/katalog\/glass-tina-31-0-2-stamp\/\",\"name\":\"GLASS TINA 31 stamp - GLASS CLASSICO 29 stamp (thick bottom)\",\"isPartOf\":{\"@id\":\"https:\/\/pelin1971.hr\/en\/#website\"},\"primaryImageOfPage\":{\"@id\":\"https:\/\/pelin1971.hr\/en\/katalog\/glass-tina-31-0-2-stamp\/#primaryimage\"},\"image\":{\"@id\":\"https:\/\/pelin1971.hr\/en\/katalog\/glass-tina-31-0-2-stamp\/#primaryimage\"},\"thumbnailUrl\":\"https:\/\/pelin1971.hr\/wp-content\/uploads\/2016\/02\/tina_31-3.jpg\",\"datePublished\":\"2025-11-18T16:19:55+00:00\",\"dateModified\":\"2025-11-25T09:44:11+00:00\",\"description\":\"Tina 31 glass with a thick bottom, intended for serving in the catering industry for juices, water and the like, universal multi-purpose glass, price\",\"breadcrumb\":{\"@id\":\"https:\/\/pelin1971.hr\/en\/katalog\/glass-tina-31-0-2-stamp\/#breadcrumb\"},\"inLanguage\":\"en-US\",\"potentialAction\":[{\"@type\":\"ReadAction\",\"target\":[\"https:\/\/pelin1971.hr\/en\/katalog\/glass-tina-31-0-2-stamp\/\"]}]},{\"@type\":\"ImageObject\",\"inLanguage\":\"en-US\",\"@id\":\"https:\/\/pelin1971.hr\/en\/katalog\/glass-tina-31-0-2-stamp\/#primaryimage\",\"url\":\"https:\/\/pelin1971.hr\/wp-content\/uploads\/2016\/02\/tina_31-3.jpg\",\"contentUrl\":\"https:\/\/pelin1971.hr\/wp-content\/uploads\/2016\/02\/tina_31-3.jpg\",\"width\":500,\"height\":500,\"caption\":\"\u010da\u0161a tina 31 \u017eig,cijena\"},{\"@type\":\"BreadcrumbList\",\"@id\":\"https:\/\/pelin1971.hr\/en\/katalog\/glass-tina-31-0-2-stamp\/#breadcrumb\",\"itemListElement\":[{\"@type\":\"ListItem\",\"position\":1,\"name\":\"Home\",\"item\":\"https:\/\/pelin1971.hr\/en\/\"},{\"@type\":\"ListItem\",\"position\":2,\"name\":\"Shop\",\"item\":\"https:\/\/pelin1971.hr\/en\/shop\/\"},{\"@type\":\"ListItem\",\"position\":3,\"name\":\"Glasses for catering I\",\"item\":\"https:\/\/pelin1971.hr\/en\/kategorija-proizvoda\/glasses-for-catering-i\/\"},{\"@type\":\"ListItem\",\"position\":4,\"name\":\"Tina glasses\",\"item\":\"https:\/\/pelin1971.hr\/en\/kategorija-proizvoda\/glasses-for-catering-i\/tina-glasses\/\"},{\"@type\":\"ListItem\",\"position\":5,\"name\":\"GLASS TINA 31 (0.2 stamp)\"}]},{\"@type\":\"WebSite\",\"@id\":\"https:\/\/pelin1971.hr\/en\/#website\",\"url\":\"https:\/\/pelin1971.hr\/en\/\",\"name\":\"Pelin1971\",\"description\":\"\",\"potentialAction\":[{\"@type\":\"SearchAction\",\"target\":{\"@type\":\"EntryPoint\",\"urlTemplate\":\"https:\/\/pelin1971.hr\/en\/?s={search_term_string}\"},\"query-input\":{\"@type\":\"PropertyValueSpecification\",\"valueRequired\":true,\"valueName\":\"search_term_string\"}}],\"inLanguage\":\"en-US\"}]}<\/script>\n<!-- \/ Yoast SEO plugin. -->","yoast_head_json":{"title":"GLASS TINA 31 stamp - GLASS CLASSICO 29 stamp (thick bottom)","description":"Tina 31 glass with a thick bottom, intended for serving in the catering industry for juices, water and the like, universal multi-purpose glass, price","robots":{"index":"index","follow":"follow","max-snippet":"max-snippet:-1","max-image-preview":"max-image-preview:large","max-video-preview":"max-video-preview:-1"},"canonical":"https:\/\/pelin1971.hr\/en\/katalog\/glass-tina-31-0-2-stamp\/","og_locale":"en_US","og_type":"article","og_title":"GLASS TINA 31 stamp - GLASS CLASSICO 29 stamp (thick bottom)","og_description":"Tina 31 glass with a thick bottom, intended for serving in the catering industry for juices, water and the like, universal multi-purpose glass, price","og_url":"https:\/\/pelin1971.hr\/en\/katalog\/glass-tina-31-0-2-stamp\/","og_site_name":"Pelin1971","article_modified_time":"2025-11-25T09:44:11+00:00","og_image":[{"width":500,"height":500,"url":"https:\/\/pelin1971.hr\/wp-content\/uploads\/2025\/11\/tina_31-3.jpg","type":"image\/jpeg"}],"twitter_card":"summary_large_image","schema":{"@context":"https:\/\/schema.org","@graph":[{"@type":"WebPage","@id":"https:\/\/pelin1971.hr\/en\/katalog\/glass-tina-31-0-2-stamp\/","url":"https:\/\/pelin1971.hr\/en\/katalog\/glass-tina-31-0-2-stamp\/","name":"GLASS TINA 31 stamp - GLASS CLASSICO 29 stamp (thick bottom)","isPartOf":{"@id":"https:\/\/pelin1971.hr\/en\/#website"},"primaryImageOfPage":{"@id":"https:\/\/pelin1971.hr\/en\/katalog\/glass-tina-31-0-2-stamp\/#primaryimage"},"image":{"@id":"https:\/\/pelin1971.hr\/en\/katalog\/glass-tina-31-0-2-stamp\/#primaryimage"},"thumbnailUrl":"https:\/\/pelin1971.hr\/wp-content\/uploads\/2016\/02\/tina_31-3.jpg","datePublished":"2025-11-18T16:19:55+00:00","dateModified":"2025-11-25T09:44:11+00:00","description":"Tina 31 glass with a thick bottom, intended for serving in the catering industry for juices, water and the like, universal multi-purpose glass, price","breadcrumb":{"@id":"https:\/\/pelin1971.hr\/en\/katalog\/glass-tina-31-0-2-stamp\/#breadcrumb"},"inLanguage":"en-US","potentialAction":[{"@type":"ReadAction","target":["https:\/\/pelin1971.hr\/en\/katalog\/glass-tina-31-0-2-stamp\/"]}]},{"@type":"ImageObject","inLanguage":"en-US","@id":"https:\/\/pelin1971.hr\/en\/katalog\/glass-tina-31-0-2-stamp\/#primaryimage","url":"https:\/\/pelin1971.hr\/wp-content\/uploads\/2016\/02\/tina_31-3.jpg","contentUrl":"https:\/\/pelin1971.hr\/wp-content\/uploads\/2016\/02\/tina_31-3.jpg","width":500,"height":500,"caption":"\u010da\u0161a tina 31 \u017eig,cijena"},{"@type":"BreadcrumbList","@id":"https:\/\/pelin1971.hr\/en\/katalog\/glass-tina-31-0-2-stamp\/#breadcrumb","itemListElement":[{"@type":"ListItem","position":1,"name":"Home","item":"https:\/\/pelin1971.hr\/en\/"},{"@type":"ListItem","position":2,"name":"Shop","item":"https:\/\/pelin1971.hr\/en\/shop\/"},{"@type":"ListItem","position":3,"name":"Glasses for catering I","item":"https:\/\/pelin1971.hr\/en\/kategorija-proizvoda\/glasses-for-catering-i\/"},{"@type":"ListItem","position":4,"name":"Tina glasses","item":"https:\/\/pelin1971.hr\/en\/kategorija-proizvoda\/glasses-for-catering-i\/tina-glasses\/"},{"@type":"ListItem","position":5,"name":"GLASS TINA 31 (0.2 stamp)"}]},{"@type":"WebSite","@id":"https:\/\/pelin1971.hr\/en\/#website","url":"https:\/\/pelin1971.hr\/en\/","name":"Pelin1971","description":"","potentialAction":[{"@type":"SearchAction","target":{"@type":"EntryPoint","urlTemplate":"https:\/\/pelin1971.hr\/en\/?s={search_term_string}"},"query-input":{"@type":"PropertyValueSpecification","valueRequired":true,"valueName":"search_term_string"}}],"inLanguage":"en-US"}]}},"_links":{"self":[{"href":"https:\/\/pelin1971.hr\/en\/wp-json\/wp\/v2\/product\/7220","targetHints":{"allow":["GET"]}}],"collection":[{"href":"https:\/\/pelin1971.hr\/en\/wp-json\/wp\/v2\/product"}],"about":[{"href":"https:\/\/pelin1971.hr\/en\/wp-json\/wp\/v2\/types\/product"}],"replies":[{"embeddable":true,"href":"https:\/\/pelin1971.hr\/en\/wp-json\/wp\/v2\/comments?post=7220"}],"wp:featuredmedia":[{"embeddable":true,"href":"https:\/\/pelin1971.hr\/en\/wp-json\/wp\/v2\/media\/8945"}],"wp:attachment":[{"href":"https:\/\/pelin1971.hr\/en\/wp-json\/wp\/v2\/media?parent=7220"}],"wp:term":[{"taxonomy":"product_brand","embeddable":true,"href":"https:\/\/pelin1971.hr\/en\/wp-json\/wp\/v2\/product_brand?post=7220"},{"taxonomy":"product_cat","embeddable":true,"href":"https:\/\/pelin1971.hr\/en\/wp-json\/wp\/v2\/product_cat?post=7220"},{"taxonomy":"product_tag","embeddable":true,"href":"https:\/\/pelin1971.hr\/en\/wp-json\/wp\/v2\/product_tag?post=7220"}],"curies":[{"name":"wp","href":"https:\/\/api.w.org\/{rel}","templated":true}]}}