{"id":7219,"date":"2025-11-18T17:19:56","date_gmt":"2025-11-18T16:19:56","guid":{"rendered":"https:\/\/pelin1971.hr\/katalog\/catering-dietary-sweetener-in-bags\/"},"modified":"2025-11-25T10:44:10","modified_gmt":"2025-11-25T09:44:10","slug":"catering-dietary-sweetener-in-bags","status":"publish","type":"product","link":"https:\/\/pelin1971.hr\/en\/katalog\/catering-dietary-sweetener-in-bags\/","title":{"rendered":"CATERING DIETARY SWEETENER IN BAGS"},"content":{"rendered":"<h1>Catering dietary sweetener<\/h1>\n<h1>in bags<\/h1>\n","protected":false},"excerpt":{"rendered":"<p>Catering dietary sweetener in bags<\/p>\n","protected":false},"featured_media":8902,"comment_status":"open","ping_status":"closed","template":"","meta":{"_acf_changed":false},"product_brand":[],"product_cat":[4581],"product_tag":[2797,2803,2798],"class_list":{"0":"post-7219","1":"product","2":"type-product","3":"status-publish","4":"has-post-thumbnail","6":"product_cat-printing-and-packaging","7":"product_tag-catering-dietary-sweetener-in-sachets","8":"product_tag-dietary-sweetener-for-catering","9":"product_tag-dietary-sweetener-individually-packaged-in-sachets","11":"first","12":"instock","13":"shipping-taxable","14":"purchasable","15":"product-type-simple"},"acf":[],"yoast_head":"<!-- This site is optimized with the Yoast SEO plugin v26.8 - https:\/\/yoast.com\/product\/yoast-seo-wordpress\/ -->\n<title>Catering dietary sweetener in sachets for catering<\/title>\n<meta name=\"description\" content=\"catering dietary sweetener in sachets, dietary sweetener individually packaged in sachets, dietary sweetener for catering\" \/>\n<meta name=\"robots\" content=\"index, follow, max-snippet:-1, max-image-preview:large, max-video-preview:-1\" \/>\n<link rel=\"canonical\" href=\"https:\/\/pelin1971.hr\/en\/katalog\/catering-dietary-sweetener-in-bags\/\" \/>\n<meta property=\"og:locale\" content=\"en_US\" \/>\n<meta property=\"og:type\" content=\"article\" \/>\n<meta property=\"og:title\" content=\"Catering dietary sweetener in sachets for catering\" \/>\n<meta property=\"og:description\" content=\"catering dietary sweetener in sachets, dietary sweetener individually packaged in sachets, dietary sweetener for catering\" \/>\n<meta property=\"og:url\" content=\"https:\/\/pelin1971.hr\/en\/katalog\/catering-dietary-sweetener-in-bags\/\" \/>\n<meta property=\"og:site_name\" content=\"Pelin1971\" \/>\n<meta property=\"article:modified_time\" content=\"2025-11-25T09:44:10+00:00\" \/>\n<meta property=\"og:image\" content=\"https:\/\/pelin1971.hr\/wp-content\/uploads\/2025\/11\/dijetalni-zasladjivac.jpg\" \/>\n\t<meta property=\"og:image:width\" content=\"500\" \/>\n\t<meta property=\"og:image:height\" content=\"500\" \/>\n\t<meta property=\"og:image:type\" content=\"image\/jpeg\" \/>\n<meta name=\"twitter:card\" content=\"summary_large_image\" \/>\n<script type=\"application\/ld+json\" class=\"yoast-schema-graph\">{\"@context\":\"https:\/\/schema.org\",\"@graph\":[{\"@type\":\"WebPage\",\"@id\":\"https:\/\/pelin1971.hr\/en\/katalog\/catering-dietary-sweetener-in-bags\/\",\"url\":\"https:\/\/pelin1971.hr\/en\/katalog\/catering-dietary-sweetener-in-bags\/\",\"name\":\"Catering dietary sweetener in sachets for catering\",\"isPartOf\":{\"@id\":\"https:\/\/pelin1971.hr\/en\/#website\"},\"primaryImageOfPage\":{\"@id\":\"https:\/\/pelin1971.hr\/en\/katalog\/catering-dietary-sweetener-in-bags\/#primaryimage\"},\"image\":{\"@id\":\"https:\/\/pelin1971.hr\/en\/katalog\/catering-dietary-sweetener-in-bags\/#primaryimage\"},\"thumbnailUrl\":\"https:\/\/pelin1971.hr\/wp-content\/uploads\/2016\/02\/dijetalni-zasladjivac.jpg\",\"datePublished\":\"2025-11-18T16:19:56+00:00\",\"dateModified\":\"2025-11-25T09:44:10+00:00\",\"description\":\"catering dietary sweetener in sachets, dietary sweetener individually packaged in sachets, dietary sweetener for catering\",\"breadcrumb\":{\"@id\":\"https:\/\/pelin1971.hr\/en\/katalog\/catering-dietary-sweetener-in-bags\/#breadcrumb\"},\"inLanguage\":\"en-US\",\"potentialAction\":[{\"@type\":\"ReadAction\",\"target\":[\"https:\/\/pelin1971.hr\/en\/katalog\/catering-dietary-sweetener-in-bags\/\"]}]},{\"@type\":\"ImageObject\",\"inLanguage\":\"en-US\",\"@id\":\"https:\/\/pelin1971.hr\/en\/katalog\/catering-dietary-sweetener-in-bags\/#primaryimage\",\"url\":\"https:\/\/pelin1971.hr\/wp-content\/uploads\/2016\/02\/dijetalni-zasladjivac.jpg\",\"contentUrl\":\"https:\/\/pelin1971.hr\/wp-content\/uploads\/2016\/02\/dijetalni-zasladjivac.jpg\",\"width\":500,\"height\":500,\"caption\":\"dijetalni zasla\u0111iva\u010d u vre\u0107icama za ugostiteljstvo,cijena\"},{\"@type\":\"BreadcrumbList\",\"@id\":\"https:\/\/pelin1971.hr\/en\/katalog\/catering-dietary-sweetener-in-bags\/#breadcrumb\",\"itemListElement\":[{\"@type\":\"ListItem\",\"position\":1,\"name\":\"Home\",\"item\":\"https:\/\/pelin1971.hr\/en\/\"},{\"@type\":\"ListItem\",\"position\":2,\"name\":\"Shop\",\"item\":\"https:\/\/pelin1971.hr\/en\/shop\/\"},{\"@type\":\"ListItem\",\"position\":3,\"name\":\"Printing and packaging\",\"item\":\"https:\/\/pelin1971.hr\/en\/kategorija-proizvoda\/printing-and-packaging\/\"},{\"@type\":\"ListItem\",\"position\":4,\"name\":\"CATERING DIETARY SWEETENER IN BAGS\"}]},{\"@type\":\"WebSite\",\"@id\":\"https:\/\/pelin1971.hr\/en\/#website\",\"url\":\"https:\/\/pelin1971.hr\/en\/\",\"name\":\"Pelin1971\",\"description\":\"\",\"potentialAction\":[{\"@type\":\"SearchAction\",\"target\":{\"@type\":\"EntryPoint\",\"urlTemplate\":\"https:\/\/pelin1971.hr\/en\/?s={search_term_string}\"},\"query-input\":{\"@type\":\"PropertyValueSpecification\",\"valueRequired\":true,\"valueName\":\"search_term_string\"}}],\"inLanguage\":\"en-US\"}]}<\/script>\n<!-- \/ Yoast SEO plugin. -->","yoast_head_json":{"title":"Catering dietary sweetener in sachets for catering","description":"catering dietary sweetener in sachets, dietary sweetener individually packaged in sachets, dietary sweetener for catering","robots":{"index":"index","follow":"follow","max-snippet":"max-snippet:-1","max-image-preview":"max-image-preview:large","max-video-preview":"max-video-preview:-1"},"canonical":"https:\/\/pelin1971.hr\/en\/katalog\/catering-dietary-sweetener-in-bags\/","og_locale":"en_US","og_type":"article","og_title":"Catering dietary sweetener in sachets for catering","og_description":"catering dietary sweetener in sachets, dietary sweetener individually packaged in sachets, dietary sweetener for catering","og_url":"https:\/\/pelin1971.hr\/en\/katalog\/catering-dietary-sweetener-in-bags\/","og_site_name":"Pelin1971","article_modified_time":"2025-11-25T09:44:10+00:00","og_image":[{"width":500,"height":500,"url":"https:\/\/pelin1971.hr\/wp-content\/uploads\/2025\/11\/dijetalni-zasladjivac.jpg","type":"image\/jpeg"}],"twitter_card":"summary_large_image","schema":{"@context":"https:\/\/schema.org","@graph":[{"@type":"WebPage","@id":"https:\/\/pelin1971.hr\/en\/katalog\/catering-dietary-sweetener-in-bags\/","url":"https:\/\/pelin1971.hr\/en\/katalog\/catering-dietary-sweetener-in-bags\/","name":"Catering dietary sweetener in sachets for catering","isPartOf":{"@id":"https:\/\/pelin1971.hr\/en\/#website"},"primaryImageOfPage":{"@id":"https:\/\/pelin1971.hr\/en\/katalog\/catering-dietary-sweetener-in-bags\/#primaryimage"},"image":{"@id":"https:\/\/pelin1971.hr\/en\/katalog\/catering-dietary-sweetener-in-bags\/#primaryimage"},"thumbnailUrl":"https:\/\/pelin1971.hr\/wp-content\/uploads\/2016\/02\/dijetalni-zasladjivac.jpg","datePublished":"2025-11-18T16:19:56+00:00","dateModified":"2025-11-25T09:44:10+00:00","description":"catering dietary sweetener in sachets, dietary sweetener individually packaged in sachets, dietary sweetener for catering","breadcrumb":{"@id":"https:\/\/pelin1971.hr\/en\/katalog\/catering-dietary-sweetener-in-bags\/#breadcrumb"},"inLanguage":"en-US","potentialAction":[{"@type":"ReadAction","target":["https:\/\/pelin1971.hr\/en\/katalog\/catering-dietary-sweetener-in-bags\/"]}]},{"@type":"ImageObject","inLanguage":"en-US","@id":"https:\/\/pelin1971.hr\/en\/katalog\/catering-dietary-sweetener-in-bags\/#primaryimage","url":"https:\/\/pelin1971.hr\/wp-content\/uploads\/2016\/02\/dijetalni-zasladjivac.jpg","contentUrl":"https:\/\/pelin1971.hr\/wp-content\/uploads\/2016\/02\/dijetalni-zasladjivac.jpg","width":500,"height":500,"caption":"dijetalni zasla\u0111iva\u010d u vre\u0107icama za ugostiteljstvo,cijena"},{"@type":"BreadcrumbList","@id":"https:\/\/pelin1971.hr\/en\/katalog\/catering-dietary-sweetener-in-bags\/#breadcrumb","itemListElement":[{"@type":"ListItem","position":1,"name":"Home","item":"https:\/\/pelin1971.hr\/en\/"},{"@type":"ListItem","position":2,"name":"Shop","item":"https:\/\/pelin1971.hr\/en\/shop\/"},{"@type":"ListItem","position":3,"name":"Printing and packaging","item":"https:\/\/pelin1971.hr\/en\/kategorija-proizvoda\/printing-and-packaging\/"},{"@type":"ListItem","position":4,"name":"CATERING DIETARY SWEETENER IN BAGS"}]},{"@type":"WebSite","@id":"https:\/\/pelin1971.hr\/en\/#website","url":"https:\/\/pelin1971.hr\/en\/","name":"Pelin1971","description":"","potentialAction":[{"@type":"SearchAction","target":{"@type":"EntryPoint","urlTemplate":"https:\/\/pelin1971.hr\/en\/?s={search_term_string}"},"query-input":{"@type":"PropertyValueSpecification","valueRequired":true,"valueName":"search_term_string"}}],"inLanguage":"en-US"}]}},"_links":{"self":[{"href":"https:\/\/pelin1971.hr\/en\/wp-json\/wp\/v2\/product\/7219","targetHints":{"allow":["GET"]}}],"collection":[{"href":"https:\/\/pelin1971.hr\/en\/wp-json\/wp\/v2\/product"}],"about":[{"href":"https:\/\/pelin1971.hr\/en\/wp-json\/wp\/v2\/types\/product"}],"replies":[{"embeddable":true,"href":"https:\/\/pelin1971.hr\/en\/wp-json\/wp\/v2\/comments?post=7219"}],"wp:featuredmedia":[{"embeddable":true,"href":"https:\/\/pelin1971.hr\/en\/wp-json\/wp\/v2\/media\/8902"}],"wp:attachment":[{"href":"https:\/\/pelin1971.hr\/en\/wp-json\/wp\/v2\/media?parent=7219"}],"wp:term":[{"taxonomy":"product_brand","embeddable":true,"href":"https:\/\/pelin1971.hr\/en\/wp-json\/wp\/v2\/product_brand?post=7219"},{"taxonomy":"product_cat","embeddable":true,"href":"https:\/\/pelin1971.hr\/en\/wp-json\/wp\/v2\/product_cat?post=7219"},{"taxonomy":"product_tag","embeddable":true,"href":"https:\/\/pelin1971.hr\/en\/wp-json\/wp\/v2\/product_tag?post=7219"}],"curies":[{"name":"wp","href":"https:\/\/api.w.org\/{rel}","templated":true}]}}