{"id":7215,"date":"2025-11-18T17:19:36","date_gmt":"2025-11-18T16:19:36","guid":{"rendered":"https:\/\/pelin1971.hr\/katalog\/red-wine-glasses-cabernet-balloon-470ml\/"},"modified":"2025-11-25T10:44:05","modified_gmt":"2025-11-25T09:44:05","slug":"red-wine-glasses-cabernet-balloon-470ml","status":"publish","type":"product","link":"https:\/\/pelin1971.hr\/en\/katalog\/red-wine-glasses-cabernet-balloon-470ml\/","title":{"rendered":"red wine glasses &#8211; Cabernet balloon 470ml"},"content":{"rendered":"<h1>RED WINE GLASSES<\/h1>\n<h1>Cabernet balloon 470ml<\/h1>\n<p>-high-quality glasses on a stand for bottled red wine,<br \/>\n&#8211; volume 470ml<br \/>\n&#8211; Packaging 6\/1 and 12\/1<br \/>\n&#8211; manufacturer Luminarc, France<\/p>\n","protected":false},"excerpt":{"rendered":"<p>RED WINE GLASSES Cabernet balloon 470ml -high-quality glasses on a stand for bottled red wine, &#8211; volume 470ml &#8211; Packaging 6\/1 and 12\/1 &#8211; manufacturer Luminarc, France<\/p>\n","protected":false},"featured_media":9001,"comment_status":"open","ping_status":"closed","template":"","meta":{"_acf_changed":false},"product_brand":[],"product_cat":[4595],"product_tag":[2779,2775,2780,2773,2777],"class_list":{"0":"post-7215","1":"product","2":"type-product","3":"status-publish","4":"has-post-thumbnail","6":"product_cat-glasses-for-bottled-wines","7":"product_tag-balloon-red-wine-glasses","8":"product_tag-glasses-on-a-red-wine-rack","9":"product_tag-red-wine-bubble-glasses","10":"product_tag-red-wine-glasses","11":"product_tag-stemmed-glasses-for-red-wine","13":"first","14":"instock","15":"shipping-taxable","16":"purchasable","17":"product-type-simple"},"acf":[],"yoast_head":"<!-- This site is optimized with the Yoast SEO plugin v26.8 - https:\/\/yoast.com\/product\/yoast-seo-wordpress\/ -->\n<title>Red wine glasses on a stand Cabernet 470ml for bottled wines<\/title>\n<meta name=\"description\" content=\"red wine glasses, glasses on a wine rack, glasses for bottled red wine, crystal glasses for red wines, glass on a Cabernet wine rack, premium glasses, price\" \/>\n<meta name=\"robots\" content=\"index, follow, max-snippet:-1, max-image-preview:large, max-video-preview:-1\" \/>\n<link rel=\"canonical\" href=\"https:\/\/pelin1971.hr\/en\/katalog\/red-wine-glasses-cabernet-balloon-470ml\/\" \/>\n<meta property=\"og:locale\" content=\"en_US\" \/>\n<meta property=\"og:type\" content=\"article\" \/>\n<meta property=\"og:title\" content=\"Red wine glasses on a stand Cabernet 470ml for bottled wines\" \/>\n<meta property=\"og:description\" content=\"red wine glasses, glasses on a wine rack, glasses for bottled red wine, crystal glasses for red wines, glass on a Cabernet wine rack, premium glasses, price\" \/>\n<meta property=\"og:url\" content=\"https:\/\/pelin1971.hr\/en\/katalog\/red-wine-glasses-cabernet-balloon-470ml\/\" \/>\n<meta property=\"og:site_name\" content=\"Pelin1971\" \/>\n<meta property=\"article:modified_time\" content=\"2025-11-25T09:44:05+00:00\" \/>\n<meta property=\"og:image\" content=\"https:\/\/pelin1971.hr\/wp-content\/uploads\/2025\/11\/za-buteljske-c-vino-1.jpg\" \/>\n\t<meta property=\"og:image:width\" content=\"500\" \/>\n\t<meta property=\"og:image:height\" content=\"500\" \/>\n\t<meta property=\"og:image:type\" content=\"image\/jpeg\" \/>\n<meta name=\"twitter:card\" content=\"summary_large_image\" \/>\n<script type=\"application\/ld+json\" class=\"yoast-schema-graph\">{\"@context\":\"https:\/\/schema.org\",\"@graph\":[{\"@type\":\"WebPage\",\"@id\":\"https:\/\/pelin1971.hr\/en\/katalog\/red-wine-glasses-cabernet-balloon-470ml\/\",\"url\":\"https:\/\/pelin1971.hr\/en\/katalog\/red-wine-glasses-cabernet-balloon-470ml\/\",\"name\":\"Red wine glasses on a stand Cabernet 470ml for bottled wines\",\"isPartOf\":{\"@id\":\"https:\/\/pelin1971.hr\/en\/#website\"},\"primaryImageOfPage\":{\"@id\":\"https:\/\/pelin1971.hr\/en\/katalog\/red-wine-glasses-cabernet-balloon-470ml\/#primaryimage\"},\"image\":{\"@id\":\"https:\/\/pelin1971.hr\/en\/katalog\/red-wine-glasses-cabernet-balloon-470ml\/#primaryimage\"},\"thumbnailUrl\":\"https:\/\/pelin1971.hr\/wp-content\/uploads\/2016\/02\/za-buteljske-c-vino-1.jpg\",\"datePublished\":\"2025-11-18T16:19:36+00:00\",\"dateModified\":\"2025-11-25T09:44:05+00:00\",\"description\":\"red wine glasses, glasses on a wine rack, glasses for bottled red wine, crystal glasses for red wines, glass on a Cabernet wine rack, premium glasses, price\",\"breadcrumb\":{\"@id\":\"https:\/\/pelin1971.hr\/en\/katalog\/red-wine-glasses-cabernet-balloon-470ml\/#breadcrumb\"},\"inLanguage\":\"en-US\",\"potentialAction\":[{\"@type\":\"ReadAction\",\"target\":[\"https:\/\/pelin1971.hr\/en\/katalog\/red-wine-glasses-cabernet-balloon-470ml\/\"]}]},{\"@type\":\"ImageObject\",\"inLanguage\":\"en-US\",\"@id\":\"https:\/\/pelin1971.hr\/en\/katalog\/red-wine-glasses-cabernet-balloon-470ml\/#primaryimage\",\"url\":\"https:\/\/pelin1971.hr\/wp-content\/uploads\/2016\/02\/za-buteljske-c-vino-1.jpg\",\"contentUrl\":\"https:\/\/pelin1971.hr\/wp-content\/uploads\/2016\/02\/za-buteljske-c-vino-1.jpg\",\"width\":500,\"height\":500,\"caption\":\"\u010da\u0161a za crno vino na stalku Cabernet ballon 470ml,\u010da\u0161e za crna buteljirana vina,ugostiteljske \u010da\u0161e za vino,\u010da\u0161e za ugostiteljstvo,ugostiteljska oprema,vinske \u010da\u0161e,sitni inventar za ugostiteljstvo,vrhunske \u010da\u0161e za crno vino,cijena\"},{\"@type\":\"BreadcrumbList\",\"@id\":\"https:\/\/pelin1971.hr\/en\/katalog\/red-wine-glasses-cabernet-balloon-470ml\/#breadcrumb\",\"itemListElement\":[{\"@type\":\"ListItem\",\"position\":1,\"name\":\"Home\",\"item\":\"https:\/\/pelin1971.hr\/en\/\"},{\"@type\":\"ListItem\",\"position\":2,\"name\":\"Shop\",\"item\":\"https:\/\/pelin1971.hr\/en\/shop\/\"},{\"@type\":\"ListItem\",\"position\":3,\"name\":\"Catering glasses\",\"item\":\"https:\/\/pelin1971.hr\/en\/kategorija-proizvoda\/catering-glasses\/\"},{\"@type\":\"ListItem\",\"position\":4,\"name\":\"Glasses for bottled wines\",\"item\":\"https:\/\/pelin1971.hr\/en\/kategorija-proizvoda\/catering-glasses\/glasses-for-bottled-wines\/\"},{\"@type\":\"ListItem\",\"position\":5,\"name\":\"red wine glasses &#8211; Cabernet balloon 470ml\"}]},{\"@type\":\"WebSite\",\"@id\":\"https:\/\/pelin1971.hr\/en\/#website\",\"url\":\"https:\/\/pelin1971.hr\/en\/\",\"name\":\"Pelin1971\",\"description\":\"\",\"potentialAction\":[{\"@type\":\"SearchAction\",\"target\":{\"@type\":\"EntryPoint\",\"urlTemplate\":\"https:\/\/pelin1971.hr\/en\/?s={search_term_string}\"},\"query-input\":{\"@type\":\"PropertyValueSpecification\",\"valueRequired\":true,\"valueName\":\"search_term_string\"}}],\"inLanguage\":\"en-US\"}]}<\/script>\n<!-- \/ Yoast SEO plugin. -->","yoast_head_json":{"title":"Red wine glasses on a stand Cabernet 470ml for bottled wines","description":"red wine glasses, glasses on a wine rack, glasses for bottled red wine, crystal glasses for red wines, glass on a Cabernet wine rack, premium glasses, price","robots":{"index":"index","follow":"follow","max-snippet":"max-snippet:-1","max-image-preview":"max-image-preview:large","max-video-preview":"max-video-preview:-1"},"canonical":"https:\/\/pelin1971.hr\/en\/katalog\/red-wine-glasses-cabernet-balloon-470ml\/","og_locale":"en_US","og_type":"article","og_title":"Red wine glasses on a stand Cabernet 470ml for bottled wines","og_description":"red wine glasses, glasses on a wine rack, glasses for bottled red wine, crystal glasses for red wines, glass on a Cabernet wine rack, premium glasses, price","og_url":"https:\/\/pelin1971.hr\/en\/katalog\/red-wine-glasses-cabernet-balloon-470ml\/","og_site_name":"Pelin1971","article_modified_time":"2025-11-25T09:44:05+00:00","og_image":[{"width":500,"height":500,"url":"https:\/\/pelin1971.hr\/wp-content\/uploads\/2025\/11\/za-buteljske-c-vino-1.jpg","type":"image\/jpeg"}],"twitter_card":"summary_large_image","schema":{"@context":"https:\/\/schema.org","@graph":[{"@type":"WebPage","@id":"https:\/\/pelin1971.hr\/en\/katalog\/red-wine-glasses-cabernet-balloon-470ml\/","url":"https:\/\/pelin1971.hr\/en\/katalog\/red-wine-glasses-cabernet-balloon-470ml\/","name":"Red wine glasses on a stand Cabernet 470ml for bottled wines","isPartOf":{"@id":"https:\/\/pelin1971.hr\/en\/#website"},"primaryImageOfPage":{"@id":"https:\/\/pelin1971.hr\/en\/katalog\/red-wine-glasses-cabernet-balloon-470ml\/#primaryimage"},"image":{"@id":"https:\/\/pelin1971.hr\/en\/katalog\/red-wine-glasses-cabernet-balloon-470ml\/#primaryimage"},"thumbnailUrl":"https:\/\/pelin1971.hr\/wp-content\/uploads\/2016\/02\/za-buteljske-c-vino-1.jpg","datePublished":"2025-11-18T16:19:36+00:00","dateModified":"2025-11-25T09:44:05+00:00","description":"red wine glasses, glasses on a wine rack, glasses for bottled red wine, crystal glasses for red wines, glass on a Cabernet wine rack, premium glasses, price","breadcrumb":{"@id":"https:\/\/pelin1971.hr\/en\/katalog\/red-wine-glasses-cabernet-balloon-470ml\/#breadcrumb"},"inLanguage":"en-US","potentialAction":[{"@type":"ReadAction","target":["https:\/\/pelin1971.hr\/en\/katalog\/red-wine-glasses-cabernet-balloon-470ml\/"]}]},{"@type":"ImageObject","inLanguage":"en-US","@id":"https:\/\/pelin1971.hr\/en\/katalog\/red-wine-glasses-cabernet-balloon-470ml\/#primaryimage","url":"https:\/\/pelin1971.hr\/wp-content\/uploads\/2016\/02\/za-buteljske-c-vino-1.jpg","contentUrl":"https:\/\/pelin1971.hr\/wp-content\/uploads\/2016\/02\/za-buteljske-c-vino-1.jpg","width":500,"height":500,"caption":"\u010da\u0161a za crno vino na stalku Cabernet ballon 470ml,\u010da\u0161e za crna buteljirana vina,ugostiteljske \u010da\u0161e za vino,\u010da\u0161e za ugostiteljstvo,ugostiteljska oprema,vinske \u010da\u0161e,sitni inventar za ugostiteljstvo,vrhunske \u010da\u0161e za crno vino,cijena"},{"@type":"BreadcrumbList","@id":"https:\/\/pelin1971.hr\/en\/katalog\/red-wine-glasses-cabernet-balloon-470ml\/#breadcrumb","itemListElement":[{"@type":"ListItem","position":1,"name":"Home","item":"https:\/\/pelin1971.hr\/en\/"},{"@type":"ListItem","position":2,"name":"Shop","item":"https:\/\/pelin1971.hr\/en\/shop\/"},{"@type":"ListItem","position":3,"name":"Catering glasses","item":"https:\/\/pelin1971.hr\/en\/kategorija-proizvoda\/catering-glasses\/"},{"@type":"ListItem","position":4,"name":"Glasses for bottled wines","item":"https:\/\/pelin1971.hr\/en\/kategorija-proizvoda\/catering-glasses\/glasses-for-bottled-wines\/"},{"@type":"ListItem","position":5,"name":"red wine glasses &#8211; Cabernet balloon 470ml"}]},{"@type":"WebSite","@id":"https:\/\/pelin1971.hr\/en\/#website","url":"https:\/\/pelin1971.hr\/en\/","name":"Pelin1971","description":"","potentialAction":[{"@type":"SearchAction","target":{"@type":"EntryPoint","urlTemplate":"https:\/\/pelin1971.hr\/en\/?s={search_term_string}"},"query-input":{"@type":"PropertyValueSpecification","valueRequired":true,"valueName":"search_term_string"}}],"inLanguage":"en-US"}]}},"_links":{"self":[{"href":"https:\/\/pelin1971.hr\/en\/wp-json\/wp\/v2\/product\/7215","targetHints":{"allow":["GET"]}}],"collection":[{"href":"https:\/\/pelin1971.hr\/en\/wp-json\/wp\/v2\/product"}],"about":[{"href":"https:\/\/pelin1971.hr\/en\/wp-json\/wp\/v2\/types\/product"}],"replies":[{"embeddable":true,"href":"https:\/\/pelin1971.hr\/en\/wp-json\/wp\/v2\/comments?post=7215"}],"wp:featuredmedia":[{"embeddable":true,"href":"https:\/\/pelin1971.hr\/en\/wp-json\/wp\/v2\/media\/9001"}],"wp:attachment":[{"href":"https:\/\/pelin1971.hr\/en\/wp-json\/wp\/v2\/media?parent=7215"}],"wp:term":[{"taxonomy":"product_brand","embeddable":true,"href":"https:\/\/pelin1971.hr\/en\/wp-json\/wp\/v2\/product_brand?post=7215"},{"taxonomy":"product_cat","embeddable":true,"href":"https:\/\/pelin1971.hr\/en\/wp-json\/wp\/v2\/product_cat?post=7215"},{"taxonomy":"product_tag","embeddable":true,"href":"https:\/\/pelin1971.hr\/en\/wp-json\/wp\/v2\/product_tag?post=7215"}],"curies":[{"name":"wp","href":"https:\/\/api.w.org\/{rel}","templated":true}]}}