{"id":7210,"date":"2025-11-18T17:19:46","date_gmt":"2025-11-18T16:19:46","guid":{"rendered":"https:\/\/pelin1971.hr\/katalog\/grappa-pasabache-brandy-glasses\/"},"modified":"2025-11-25T10:43:49","modified_gmt":"2025-11-25T09:43:49","slug":"grappa-pasabache-brandy-glasses","status":"publish","type":"product","link":"https:\/\/pelin1971.hr\/en\/katalog\/grappa-pasabache-brandy-glasses\/","title":{"rendered":"GRAPPA &#8211; PASABACHE BRANDY GLASSES"},"content":{"rendered":"<h1>GRAPPA GLASS FOR PREMIUM BRANDIES- Pasabahce<\/h1>\n<p>-manufacturer: Pasabahce (capacity 10cl)<br \/>\n-packaging: 6\/1 and 12\/1<br \/>\n-purpose: serving top-quality brandies<\/p>\n","protected":false},"excerpt":{"rendered":"<h6>Grappa glasses<\/h6>\n","protected":false},"featured_media":8990,"comment_status":"open","ping_status":"closed","template":"","meta":{"_acf_changed":false},"product_brand":[],"product_cat":[4594],"product_tag":[2769,2768,4621],"class_list":{"0":"post-7210","1":"product","2":"type-product","3":"status-publish","4":"has-post-thumbnail","6":"product_cat-aperitif-glasses","7":"product_tag-glasses-for-premium-brandies","8":"product_tag-grappa-glasses","9":"product_tag-grappa-glasses-2","11":"first","12":"instock","13":"shipping-taxable","14":"purchasable","15":"product-type-simple"},"acf":[],"yoast_head":"<!-- This site is optimized with the Yoast SEO plugin v26.8 - https:\/\/yoast.com\/product\/yoast-seo-wordpress\/ -->\n<title>GRAPPA GLASSES FOR BRAGIA - premium glasses for premium brandies<\/title>\n<meta name=\"description\" content=\"grappa glasses for brandy, grappa glasses, top glasses for top brandy, excellent price-quality ratio, brandy grappa glass, price\" \/>\n<meta name=\"robots\" content=\"index, follow, max-snippet:-1, max-image-preview:large, max-video-preview:-1\" \/>\n<link rel=\"canonical\" href=\"https:\/\/pelin1971.hr\/en\/katalog\/grappa-pasabache-brandy-glasses\/\" \/>\n<meta property=\"og:locale\" content=\"en_US\" \/>\n<meta property=\"og:type\" content=\"article\" \/>\n<meta property=\"og:title\" content=\"GRAPPA GLASSES FOR BRAGIA - premium glasses for premium brandies\" \/>\n<meta property=\"og:description\" content=\"grappa glasses for brandy, grappa glasses, top glasses for top brandy, excellent price-quality ratio, brandy grappa glass, price\" \/>\n<meta property=\"og:url\" content=\"https:\/\/pelin1971.hr\/en\/katalog\/grappa-pasabache-brandy-glasses\/\" \/>\n<meta property=\"og:site_name\" content=\"Pelin1971\" \/>\n<meta property=\"article:modified_time\" content=\"2025-11-25T09:43:49+00:00\" \/>\n<meta property=\"og:image\" content=\"https:\/\/pelin1971.hr\/wp-content\/uploads\/2025\/11\/asa-grappa-pasabahce.jpg\" \/>\n\t<meta property=\"og:image:width\" content=\"2056\" \/>\n\t<meta property=\"og:image:height\" content=\"2057\" \/>\n\t<meta property=\"og:image:type\" content=\"image\/jpeg\" \/>\n<meta name=\"twitter:card\" content=\"summary_large_image\" \/>\n<script type=\"application\/ld+json\" class=\"yoast-schema-graph\">{\"@context\":\"https:\/\/schema.org\",\"@graph\":[{\"@type\":\"WebPage\",\"@id\":\"https:\/\/pelin1971.hr\/en\/katalog\/grappa-pasabache-brandy-glasses\/\",\"url\":\"https:\/\/pelin1971.hr\/en\/katalog\/grappa-pasabache-brandy-glasses\/\",\"name\":\"GRAPPA GLASSES FOR BRAGIA - premium glasses for premium brandies\",\"isPartOf\":{\"@id\":\"https:\/\/pelin1971.hr\/en\/#website\"},\"primaryImageOfPage\":{\"@id\":\"https:\/\/pelin1971.hr\/en\/katalog\/grappa-pasabache-brandy-glasses\/#primaryimage\"},\"image\":{\"@id\":\"https:\/\/pelin1971.hr\/en\/katalog\/grappa-pasabache-brandy-glasses\/#primaryimage\"},\"thumbnailUrl\":\"https:\/\/pelin1971.hr\/wp-content\/uploads\/2023\/01\/\u010da\u0161a-grappa-pasabahce.jpg\",\"datePublished\":\"2025-11-18T16:19:46+00:00\",\"dateModified\":\"2025-11-25T09:43:49+00:00\",\"description\":\"grappa glasses for brandy, grappa glasses, top glasses for top brandy, excellent price-quality ratio, brandy grappa glass, price\",\"breadcrumb\":{\"@id\":\"https:\/\/pelin1971.hr\/en\/katalog\/grappa-pasabache-brandy-glasses\/#breadcrumb\"},\"inLanguage\":\"en-US\",\"potentialAction\":[{\"@type\":\"ReadAction\",\"target\":[\"https:\/\/pelin1971.hr\/en\/katalog\/grappa-pasabache-brandy-glasses\/\"]}]},{\"@type\":\"ImageObject\",\"inLanguage\":\"en-US\",\"@id\":\"https:\/\/pelin1971.hr\/en\/katalog\/grappa-pasabache-brandy-glasses\/#primaryimage\",\"url\":\"https:\/\/pelin1971.hr\/wp-content\/uploads\/2023\/01\/\u010da\u0161a-grappa-pasabahce.jpg\",\"contentUrl\":\"https:\/\/pelin1971.hr\/wp-content\/uploads\/2023\/01\/\u010da\u0161a-grappa-pasabahce.jpg\",\"width\":2056,\"height\":2057,\"caption\":\"\u010da\u0161e grappa pasabahce za rakije na stalku,ugostiteljska oprema,sitni inventar za ugostiteljstvo,\u010da\u0161e za ugostiteljstvo,ugostiteljske \u010da\u0161e za rakiju,\u017eestoko,aperitive,cijena\"},{\"@type\":\"BreadcrumbList\",\"@id\":\"https:\/\/pelin1971.hr\/en\/katalog\/grappa-pasabache-brandy-glasses\/#breadcrumb\",\"itemListElement\":[{\"@type\":\"ListItem\",\"position\":1,\"name\":\"Home\",\"item\":\"https:\/\/pelin1971.hr\/en\/\"},{\"@type\":\"ListItem\",\"position\":2,\"name\":\"Shop\",\"item\":\"https:\/\/pelin1971.hr\/en\/shop\/\"},{\"@type\":\"ListItem\",\"position\":3,\"name\":\"Catering glasses\",\"item\":\"https:\/\/pelin1971.hr\/en\/kategorija-proizvoda\/catering-glasses\/\"},{\"@type\":\"ListItem\",\"position\":4,\"name\":\"Aperitif glasses\",\"item\":\"https:\/\/pelin1971.hr\/en\/kategorija-proizvoda\/catering-glasses\/aperitif-glasses\/\"},{\"@type\":\"ListItem\",\"position\":5,\"name\":\"GRAPPA &#8211; PASABACHE BRANDY GLASSES\"}]},{\"@type\":\"WebSite\",\"@id\":\"https:\/\/pelin1971.hr\/en\/#website\",\"url\":\"https:\/\/pelin1971.hr\/en\/\",\"name\":\"Pelin1971\",\"description\":\"\",\"potentialAction\":[{\"@type\":\"SearchAction\",\"target\":{\"@type\":\"EntryPoint\",\"urlTemplate\":\"https:\/\/pelin1971.hr\/en\/?s={search_term_string}\"},\"query-input\":{\"@type\":\"PropertyValueSpecification\",\"valueRequired\":true,\"valueName\":\"search_term_string\"}}],\"inLanguage\":\"en-US\"}]}<\/script>\n<!-- \/ Yoast SEO plugin. -->","yoast_head_json":{"title":"GRAPPA GLASSES FOR BRAGIA - premium glasses for premium brandies","description":"grappa glasses for brandy, grappa glasses, top glasses for top brandy, excellent price-quality ratio, brandy grappa glass, price","robots":{"index":"index","follow":"follow","max-snippet":"max-snippet:-1","max-image-preview":"max-image-preview:large","max-video-preview":"max-video-preview:-1"},"canonical":"https:\/\/pelin1971.hr\/en\/katalog\/grappa-pasabache-brandy-glasses\/","og_locale":"en_US","og_type":"article","og_title":"GRAPPA GLASSES FOR BRAGIA - premium glasses for premium brandies","og_description":"grappa glasses for brandy, grappa glasses, top glasses for top brandy, excellent price-quality ratio, brandy grappa glass, price","og_url":"https:\/\/pelin1971.hr\/en\/katalog\/grappa-pasabache-brandy-glasses\/","og_site_name":"Pelin1971","article_modified_time":"2025-11-25T09:43:49+00:00","og_image":[{"width":2056,"height":2057,"url":"https:\/\/pelin1971.hr\/wp-content\/uploads\/2025\/11\/asa-grappa-pasabahce.jpg","type":"image\/jpeg"}],"twitter_card":"summary_large_image","schema":{"@context":"https:\/\/schema.org","@graph":[{"@type":"WebPage","@id":"https:\/\/pelin1971.hr\/en\/katalog\/grappa-pasabache-brandy-glasses\/","url":"https:\/\/pelin1971.hr\/en\/katalog\/grappa-pasabache-brandy-glasses\/","name":"GRAPPA GLASSES FOR BRAGIA - premium glasses for premium brandies","isPartOf":{"@id":"https:\/\/pelin1971.hr\/en\/#website"},"primaryImageOfPage":{"@id":"https:\/\/pelin1971.hr\/en\/katalog\/grappa-pasabache-brandy-glasses\/#primaryimage"},"image":{"@id":"https:\/\/pelin1971.hr\/en\/katalog\/grappa-pasabache-brandy-glasses\/#primaryimage"},"thumbnailUrl":"https:\/\/pelin1971.hr\/wp-content\/uploads\/2023\/01\/\u010da\u0161a-grappa-pasabahce.jpg","datePublished":"2025-11-18T16:19:46+00:00","dateModified":"2025-11-25T09:43:49+00:00","description":"grappa glasses for brandy, grappa glasses, top glasses for top brandy, excellent price-quality ratio, brandy grappa glass, price","breadcrumb":{"@id":"https:\/\/pelin1971.hr\/en\/katalog\/grappa-pasabache-brandy-glasses\/#breadcrumb"},"inLanguage":"en-US","potentialAction":[{"@type":"ReadAction","target":["https:\/\/pelin1971.hr\/en\/katalog\/grappa-pasabache-brandy-glasses\/"]}]},{"@type":"ImageObject","inLanguage":"en-US","@id":"https:\/\/pelin1971.hr\/en\/katalog\/grappa-pasabache-brandy-glasses\/#primaryimage","url":"https:\/\/pelin1971.hr\/wp-content\/uploads\/2023\/01\/\u010da\u0161a-grappa-pasabahce.jpg","contentUrl":"https:\/\/pelin1971.hr\/wp-content\/uploads\/2023\/01\/\u010da\u0161a-grappa-pasabahce.jpg","width":2056,"height":2057,"caption":"\u010da\u0161e grappa pasabahce za rakije na stalku,ugostiteljska oprema,sitni inventar za ugostiteljstvo,\u010da\u0161e za ugostiteljstvo,ugostiteljske \u010da\u0161e za rakiju,\u017eestoko,aperitive,cijena"},{"@type":"BreadcrumbList","@id":"https:\/\/pelin1971.hr\/en\/katalog\/grappa-pasabache-brandy-glasses\/#breadcrumb","itemListElement":[{"@type":"ListItem","position":1,"name":"Home","item":"https:\/\/pelin1971.hr\/en\/"},{"@type":"ListItem","position":2,"name":"Shop","item":"https:\/\/pelin1971.hr\/en\/shop\/"},{"@type":"ListItem","position":3,"name":"Catering glasses","item":"https:\/\/pelin1971.hr\/en\/kategorija-proizvoda\/catering-glasses\/"},{"@type":"ListItem","position":4,"name":"Aperitif glasses","item":"https:\/\/pelin1971.hr\/en\/kategorija-proizvoda\/catering-glasses\/aperitif-glasses\/"},{"@type":"ListItem","position":5,"name":"GRAPPA &#8211; PASABACHE BRANDY GLASSES"}]},{"@type":"WebSite","@id":"https:\/\/pelin1971.hr\/en\/#website","url":"https:\/\/pelin1971.hr\/en\/","name":"Pelin1971","description":"","potentialAction":[{"@type":"SearchAction","target":{"@type":"EntryPoint","urlTemplate":"https:\/\/pelin1971.hr\/en\/?s={search_term_string}"},"query-input":{"@type":"PropertyValueSpecification","valueRequired":true,"valueName":"search_term_string"}}],"inLanguage":"en-US"}]}},"_links":{"self":[{"href":"https:\/\/pelin1971.hr\/en\/wp-json\/wp\/v2\/product\/7210","targetHints":{"allow":["GET"]}}],"collection":[{"href":"https:\/\/pelin1971.hr\/en\/wp-json\/wp\/v2\/product"}],"about":[{"href":"https:\/\/pelin1971.hr\/en\/wp-json\/wp\/v2\/types\/product"}],"replies":[{"embeddable":true,"href":"https:\/\/pelin1971.hr\/en\/wp-json\/wp\/v2\/comments?post=7210"}],"wp:featuredmedia":[{"embeddable":true,"href":"https:\/\/pelin1971.hr\/en\/wp-json\/wp\/v2\/media\/8990"}],"wp:attachment":[{"href":"https:\/\/pelin1971.hr\/en\/wp-json\/wp\/v2\/media?parent=7210"}],"wp:term":[{"taxonomy":"product_brand","embeddable":true,"href":"https:\/\/pelin1971.hr\/en\/wp-json\/wp\/v2\/product_brand?post=7210"},{"taxonomy":"product_cat","embeddable":true,"href":"https:\/\/pelin1971.hr\/en\/wp-json\/wp\/v2\/product_cat?post=7210"},{"taxonomy":"product_tag","embeddable":true,"href":"https:\/\/pelin1971.hr\/en\/wp-json\/wp\/v2\/product_tag?post=7210"}],"curies":[{"name":"wp","href":"https:\/\/api.w.org\/{rel}","templated":true}]}}