{"id":7207,"date":"2025-11-18T17:19:56","date_gmt":"2025-11-18T16:19:56","guid":{"rendered":"https:\/\/pelin1971.hr\/katalog\/restaurants-choco-dreaders-with-logo-inscription\/"},"modified":"2025-11-25T10:43:50","modified_gmt":"2025-11-25T09:43:50","slug":"restaurants-choco-dreaders-with-logo-inscription","status":"publish","type":"product","link":"https:\/\/pelin1971.hr\/en\/katalog\/restaurants-choco-dreaders-with-logo-inscription\/","title":{"rendered":"RESTAURANT&#8217;S CHOCO DREADERS WITH LOGO, INSCRIPTION"},"content":{"rendered":"<h1>Catering choco dragees with your logo, inscription<\/h1>\n<p>-free printing of your logo on bags of choco dragees<br \/>\n-use bags of choco dragees for branding of places, products and the like<br \/>\n&#8211; catering chocolate bars in bags with logo, inscription, print, choco dragees in bags with logo, inscription, print<br \/>\n-similar article:  <a href=\"https:\/\/pelin1971.hr\/katalog\/ugostiteljski-keksi\/\">catering biscuits with logo<\/a><\/p>\n","protected":false},"excerpt":{"rendered":"<p>Catering choco dragees with your logo, inscription -free printing of your logo on bags of choco dragees -use bags of choco dragees for branding of places, products and the like &#8211; catering chocolate bars in bags with logo, inscription, print, choco dragees in bags with logo, inscription, print -similar article: catering biscuits with logo<\/p>\n","protected":false},"featured_media":8910,"comment_status":"open","ping_status":"closed","template":"","meta":{"_acf_changed":false},"product_brand":[],"product_cat":[4581],"product_tag":[2751,2754,2755,2752,2757,2756,2753,2764,2759],"class_list":{"0":"post-7207","1":"product","2":"type-product","3":"status-publish","4":"has-post-thumbnail","6":"product_cat-printing-and-packaging","7":"product_tag-catering-chocolate-bars","8":"product_tag-catering-chocolate-dragee","9":"product_tag-chocolate-balls-in-bags","10":"product_tag-chocolate-bars-for-catering","11":"product_tag-chocolate-bars-with-logo","12":"product_tag-chocolate-bars-with-print","13":"product_tag-chocolate-sweets-in-bags","14":"product_tag-promo-chocolate-bars","15":"product_tag-promotional-chocolate-bars","17":"first","18":"instock","19":"shipping-taxable","20":"purchasable","21":"product-type-simple"},"acf":[],"yoast_head":"<!-- This site is optimized with the Yoast SEO plugin v26.8 - https:\/\/yoast.com\/product\/yoast-seo-wordpress\/ -->\n<title>Catering chocolate bars in bags with inscriptions and printing<\/title>\n<meta name=\"description\" content=\"catering chocolate bars in bags with logo, inscription, printing, choco dragees in bags with logo, inscription, printing, promotional choco pralines, price\" \/>\n<meta name=\"robots\" content=\"index, follow, max-snippet:-1, max-image-preview:large, max-video-preview:-1\" \/>\n<link rel=\"canonical\" href=\"https:\/\/pelin1971.hr\/en\/katalog\/restaurants-choco-dreaders-with-logo-inscription\/\" \/>\n<meta property=\"og:locale\" content=\"en_US\" \/>\n<meta property=\"og:type\" content=\"article\" \/>\n<meta property=\"og:title\" content=\"Catering chocolate bars in bags with inscriptions and printing\" \/>\n<meta property=\"og:description\" content=\"catering chocolate bars in bags with logo, inscription, printing, choco dragees in bags with logo, inscription, printing, promotional choco pralines, price\" \/>\n<meta property=\"og:url\" content=\"https:\/\/pelin1971.hr\/en\/katalog\/restaurants-choco-dreaders-with-logo-inscription\/\" \/>\n<meta property=\"og:site_name\" content=\"Pelin1971\" \/>\n<meta property=\"article:modified_time\" content=\"2025-11-25T09:43:50+00:00\" \/>\n<meta property=\"og:image\" content=\"https:\/\/pelin1971.hr\/wp-content\/uploads\/2025\/11\/Choco-draze-promo.jpg\" \/>\n\t<meta property=\"og:image:width\" content=\"2079\" \/>\n\t<meta property=\"og:image:height\" content=\"2080\" \/>\n\t<meta property=\"og:image:type\" content=\"image\/jpeg\" \/>\n<meta name=\"twitter:card\" content=\"summary_large_image\" \/>\n<script type=\"application\/ld+json\" class=\"yoast-schema-graph\">{\"@context\":\"https:\/\/schema.org\",\"@graph\":[{\"@type\":\"WebPage\",\"@id\":\"https:\/\/pelin1971.hr\/en\/katalog\/restaurants-choco-dreaders-with-logo-inscription\/\",\"url\":\"https:\/\/pelin1971.hr\/en\/katalog\/restaurants-choco-dreaders-with-logo-inscription\/\",\"name\":\"Catering chocolate bars in bags with inscriptions and printing\",\"isPartOf\":{\"@id\":\"https:\/\/pelin1971.hr\/en\/#website\"},\"primaryImageOfPage\":{\"@id\":\"https:\/\/pelin1971.hr\/en\/katalog\/restaurants-choco-dreaders-with-logo-inscription\/#primaryimage\"},\"image\":{\"@id\":\"https:\/\/pelin1971.hr\/en\/katalog\/restaurants-choco-dreaders-with-logo-inscription\/#primaryimage\"},\"thumbnailUrl\":\"https:\/\/pelin1971.hr\/wp-content\/uploads\/2024\/02\/Choco-dra\u017ee-promo.jpg\",\"datePublished\":\"2025-11-18T16:19:56+00:00\",\"dateModified\":\"2025-11-25T09:43:50+00:00\",\"description\":\"catering chocolate bars in bags with logo, inscription, printing, choco dragees in bags with logo, inscription, printing, promotional choco pralines, price\",\"breadcrumb\":{\"@id\":\"https:\/\/pelin1971.hr\/en\/katalog\/restaurants-choco-dreaders-with-logo-inscription\/#breadcrumb\"},\"inLanguage\":\"en-US\",\"potentialAction\":[{\"@type\":\"ReadAction\",\"target\":[\"https:\/\/pelin1971.hr\/en\/katalog\/restaurants-choco-dreaders-with-logo-inscription\/\"]}]},{\"@type\":\"ImageObject\",\"inLanguage\":\"en-US\",\"@id\":\"https:\/\/pelin1971.hr\/en\/katalog\/restaurants-choco-dreaders-with-logo-inscription\/#primaryimage\",\"url\":\"https:\/\/pelin1971.hr\/wp-content\/uploads\/2024\/02\/Choco-dra\u017ee-promo.jpg\",\"contentUrl\":\"https:\/\/pelin1971.hr\/wp-content\/uploads\/2024\/02\/Choco-dra\u017ee-promo.jpg\",\"width\":2079,\"height\":2080,\"caption\":\"Ugostiteljske \u010dokoladice,choco dra\u017eeji s logotipom,tiskom,printom,\u010dokoladice za ugostiteljstvo uz kavu,choco draggee s tiskom,personalizirane \u010dokoladice,reklamne \u010dokoladice,promotivne \u010dokolade,potro\u0161ni materijal za ugostiteljstvo,cijena\"},{\"@type\":\"BreadcrumbList\",\"@id\":\"https:\/\/pelin1971.hr\/en\/katalog\/restaurants-choco-dreaders-with-logo-inscription\/#breadcrumb\",\"itemListElement\":[{\"@type\":\"ListItem\",\"position\":1,\"name\":\"Home\",\"item\":\"https:\/\/pelin1971.hr\/en\/\"},{\"@type\":\"ListItem\",\"position\":2,\"name\":\"Shop\",\"item\":\"https:\/\/pelin1971.hr\/en\/shop\/\"},{\"@type\":\"ListItem\",\"position\":3,\"name\":\"Printing and packaging\",\"item\":\"https:\/\/pelin1971.hr\/en\/kategorija-proizvoda\/printing-and-packaging\/\"},{\"@type\":\"ListItem\",\"position\":4,\"name\":\"RESTAURANT&#8217;S CHOCO DREADERS WITH LOGO, INSCRIPTION\"}]},{\"@type\":\"WebSite\",\"@id\":\"https:\/\/pelin1971.hr\/en\/#website\",\"url\":\"https:\/\/pelin1971.hr\/en\/\",\"name\":\"Pelin1971\",\"description\":\"\",\"potentialAction\":[{\"@type\":\"SearchAction\",\"target\":{\"@type\":\"EntryPoint\",\"urlTemplate\":\"https:\/\/pelin1971.hr\/en\/?s={search_term_string}\"},\"query-input\":{\"@type\":\"PropertyValueSpecification\",\"valueRequired\":true,\"valueName\":\"search_term_string\"}}],\"inLanguage\":\"en-US\"}]}<\/script>\n<!-- \/ Yoast SEO plugin. -->","yoast_head_json":{"title":"Catering chocolate bars in bags with inscriptions and printing","description":"catering chocolate bars in bags with logo, inscription, printing, choco dragees in bags with logo, inscription, printing, promotional choco pralines, price","robots":{"index":"index","follow":"follow","max-snippet":"max-snippet:-1","max-image-preview":"max-image-preview:large","max-video-preview":"max-video-preview:-1"},"canonical":"https:\/\/pelin1971.hr\/en\/katalog\/restaurants-choco-dreaders-with-logo-inscription\/","og_locale":"en_US","og_type":"article","og_title":"Catering chocolate bars in bags with inscriptions and printing","og_description":"catering chocolate bars in bags with logo, inscription, printing, choco dragees in bags with logo, inscription, printing, promotional choco pralines, price","og_url":"https:\/\/pelin1971.hr\/en\/katalog\/restaurants-choco-dreaders-with-logo-inscription\/","og_site_name":"Pelin1971","article_modified_time":"2025-11-25T09:43:50+00:00","og_image":[{"width":2079,"height":2080,"url":"https:\/\/pelin1971.hr\/wp-content\/uploads\/2025\/11\/Choco-draze-promo.jpg","type":"image\/jpeg"}],"twitter_card":"summary_large_image","schema":{"@context":"https:\/\/schema.org","@graph":[{"@type":"WebPage","@id":"https:\/\/pelin1971.hr\/en\/katalog\/restaurants-choco-dreaders-with-logo-inscription\/","url":"https:\/\/pelin1971.hr\/en\/katalog\/restaurants-choco-dreaders-with-logo-inscription\/","name":"Catering chocolate bars in bags with inscriptions and printing","isPartOf":{"@id":"https:\/\/pelin1971.hr\/en\/#website"},"primaryImageOfPage":{"@id":"https:\/\/pelin1971.hr\/en\/katalog\/restaurants-choco-dreaders-with-logo-inscription\/#primaryimage"},"image":{"@id":"https:\/\/pelin1971.hr\/en\/katalog\/restaurants-choco-dreaders-with-logo-inscription\/#primaryimage"},"thumbnailUrl":"https:\/\/pelin1971.hr\/wp-content\/uploads\/2024\/02\/Choco-dra\u017ee-promo.jpg","datePublished":"2025-11-18T16:19:56+00:00","dateModified":"2025-11-25T09:43:50+00:00","description":"catering chocolate bars in bags with logo, inscription, printing, choco dragees in bags with logo, inscription, printing, promotional choco pralines, price","breadcrumb":{"@id":"https:\/\/pelin1971.hr\/en\/katalog\/restaurants-choco-dreaders-with-logo-inscription\/#breadcrumb"},"inLanguage":"en-US","potentialAction":[{"@type":"ReadAction","target":["https:\/\/pelin1971.hr\/en\/katalog\/restaurants-choco-dreaders-with-logo-inscription\/"]}]},{"@type":"ImageObject","inLanguage":"en-US","@id":"https:\/\/pelin1971.hr\/en\/katalog\/restaurants-choco-dreaders-with-logo-inscription\/#primaryimage","url":"https:\/\/pelin1971.hr\/wp-content\/uploads\/2024\/02\/Choco-dra\u017ee-promo.jpg","contentUrl":"https:\/\/pelin1971.hr\/wp-content\/uploads\/2024\/02\/Choco-dra\u017ee-promo.jpg","width":2079,"height":2080,"caption":"Ugostiteljske \u010dokoladice,choco dra\u017eeji s logotipom,tiskom,printom,\u010dokoladice za ugostiteljstvo uz kavu,choco draggee s tiskom,personalizirane \u010dokoladice,reklamne \u010dokoladice,promotivne \u010dokolade,potro\u0161ni materijal za ugostiteljstvo,cijena"},{"@type":"BreadcrumbList","@id":"https:\/\/pelin1971.hr\/en\/katalog\/restaurants-choco-dreaders-with-logo-inscription\/#breadcrumb","itemListElement":[{"@type":"ListItem","position":1,"name":"Home","item":"https:\/\/pelin1971.hr\/en\/"},{"@type":"ListItem","position":2,"name":"Shop","item":"https:\/\/pelin1971.hr\/en\/shop\/"},{"@type":"ListItem","position":3,"name":"Printing and packaging","item":"https:\/\/pelin1971.hr\/en\/kategorija-proizvoda\/printing-and-packaging\/"},{"@type":"ListItem","position":4,"name":"RESTAURANT&#8217;S CHOCO DREADERS WITH LOGO, INSCRIPTION"}]},{"@type":"WebSite","@id":"https:\/\/pelin1971.hr\/en\/#website","url":"https:\/\/pelin1971.hr\/en\/","name":"Pelin1971","description":"","potentialAction":[{"@type":"SearchAction","target":{"@type":"EntryPoint","urlTemplate":"https:\/\/pelin1971.hr\/en\/?s={search_term_string}"},"query-input":{"@type":"PropertyValueSpecification","valueRequired":true,"valueName":"search_term_string"}}],"inLanguage":"en-US"}]}},"_links":{"self":[{"href":"https:\/\/pelin1971.hr\/en\/wp-json\/wp\/v2\/product\/7207","targetHints":{"allow":["GET"]}}],"collection":[{"href":"https:\/\/pelin1971.hr\/en\/wp-json\/wp\/v2\/product"}],"about":[{"href":"https:\/\/pelin1971.hr\/en\/wp-json\/wp\/v2\/types\/product"}],"replies":[{"embeddable":true,"href":"https:\/\/pelin1971.hr\/en\/wp-json\/wp\/v2\/comments?post=7207"}],"wp:featuredmedia":[{"embeddable":true,"href":"https:\/\/pelin1971.hr\/en\/wp-json\/wp\/v2\/media\/8910"}],"wp:attachment":[{"href":"https:\/\/pelin1971.hr\/en\/wp-json\/wp\/v2\/media?parent=7207"}],"wp:term":[{"taxonomy":"product_brand","embeddable":true,"href":"https:\/\/pelin1971.hr\/en\/wp-json\/wp\/v2\/product_brand?post=7207"},{"taxonomy":"product_cat","embeddable":true,"href":"https:\/\/pelin1971.hr\/en\/wp-json\/wp\/v2\/product_cat?post=7207"},{"taxonomy":"product_tag","embeddable":true,"href":"https:\/\/pelin1971.hr\/en\/wp-json\/wp\/v2\/product_tag?post=7207"}],"curies":[{"name":"wp","href":"https:\/\/api.w.org\/{rel}","templated":true}]}}