{"id":7183,"date":"2025-11-18T17:20:05","date_gmt":"2025-11-18T16:20:05","guid":{"rendered":"https:\/\/pelin1971.hr\/katalog\/personalized-cup-with-spoon\/"},"modified":"2025-11-25T10:39:57","modified_gmt":"2025-11-25T09:39:57","slug":"personalized-cup-with-spoon","status":"publish","type":"product","link":"https:\/\/pelin1971.hr\/en\/katalog\/personalized-cup-with-spoon\/","title":{"rendered":"PERSONALIZED MUG WITH SPOON"},"content":{"rendered":"<h1>Personalized mug with teaspoon<\/h1>\n<p>Send us the picture or inscription you want by e-mail and the cup will arrive at your address (and that&#8217;s it&#8230; simple \ud83d\ude42 )<\/p>\n","protected":false},"excerpt":{"rendered":"<p>Personalized mug with teaspoon Send us the picture or inscription you want by e-mail and the cup will arrive at your address (and that&#8217;s it&#8230; simple \ud83d\ude42 )<\/p>\n","protected":false},"featured_media":8843,"comment_status":"open","ping_status":"closed","template":"","meta":{"_acf_changed":false},"product_brand":[],"product_cat":[4582],"product_tag":[2696,2699,2697,2698,2695],"class_list":{"0":"post-7183","1":"product","2":"type-product","3":"status-publish","4":"has-post-thumbnail","6":"product_cat-printing-on-t-shirts-mugs-hats-umbrellas","7":"product_tag-personalized-photo-mug","8":"product_tag-photo-cup-with-spoon","9":"product_tag-photo-mug-personalized-with-your-image","10":"product_tag-printing-on-request","11":"product_tag-with-the-inscription","13":"first","14":"instock","15":"shipping-taxable","16":"product-type-simple"},"acf":[],"yoast_head":"<!-- This site is optimized with the Yoast SEO plugin v26.8 - https:\/\/yoast.com\/product\/yoast-seo-wordpress\/ -->\n<title>Personalized photo mug with a teaspoon printed with your picture<\/title>\n<meta name=\"description\" content=\"personalized photo mug, photo mug personalized printed with your picture, inscription, print of your choice, photo mug with spoon\" \/>\n<meta name=\"robots\" content=\"index, follow, max-snippet:-1, max-image-preview:large, max-video-preview:-1\" \/>\n<link rel=\"canonical\" href=\"https:\/\/pelin1971.hr\/en\/katalog\/personalized-cup-with-spoon\/\" \/>\n<meta property=\"og:locale\" content=\"en_US\" \/>\n<meta property=\"og:type\" content=\"article\" \/>\n<meta property=\"og:title\" content=\"Personalized photo mug with a teaspoon printed with your picture\" \/>\n<meta property=\"og:description\" content=\"personalized photo mug, photo mug personalized printed with your picture, inscription, print of your choice, photo mug with spoon\" \/>\n<meta property=\"og:url\" content=\"https:\/\/pelin1971.hr\/en\/katalog\/personalized-cup-with-spoon\/\" \/>\n<meta property=\"og:site_name\" content=\"Pelin1971\" \/>\n<meta property=\"article:modified_time\" content=\"2025-11-25T09:39:57+00:00\" \/>\n<meta property=\"og:image\" content=\"https:\/\/pelin1971.hr\/wp-content\/uploads\/2025\/11\/alica-sa-zlicicom.jpg\" \/>\n\t<meta property=\"og:image:width\" content=\"499\" \/>\n\t<meta property=\"og:image:height\" content=\"499\" \/>\n\t<meta property=\"og:image:type\" content=\"image\/jpeg\" \/>\n<meta name=\"twitter:card\" content=\"summary_large_image\" \/>\n<script type=\"application\/ld+json\" class=\"yoast-schema-graph\">{\"@context\":\"https:\/\/schema.org\",\"@graph\":[{\"@type\":\"WebPage\",\"@id\":\"https:\/\/pelin1971.hr\/en\/katalog\/personalized-cup-with-spoon\/\",\"url\":\"https:\/\/pelin1971.hr\/en\/katalog\/personalized-cup-with-spoon\/\",\"name\":\"Personalized photo mug with a teaspoon printed with your picture\",\"isPartOf\":{\"@id\":\"https:\/\/pelin1971.hr\/en\/#website\"},\"primaryImageOfPage\":{\"@id\":\"https:\/\/pelin1971.hr\/en\/katalog\/personalized-cup-with-spoon\/#primaryimage\"},\"image\":{\"@id\":\"https:\/\/pelin1971.hr\/en\/katalog\/personalized-cup-with-spoon\/#primaryimage\"},\"thumbnailUrl\":\"https:\/\/pelin1971.hr\/wp-content\/uploads\/2016\/11\/\u0161alica-sa-\u017eli\u010dicom.jpg\",\"datePublished\":\"2025-11-18T16:20:05+00:00\",\"dateModified\":\"2025-11-25T09:39:57+00:00\",\"description\":\"personalized photo mug, photo mug personalized printed with your picture, inscription, print of your choice, photo mug with spoon\",\"breadcrumb\":{\"@id\":\"https:\/\/pelin1971.hr\/en\/katalog\/personalized-cup-with-spoon\/#breadcrumb\"},\"inLanguage\":\"en-US\",\"potentialAction\":[{\"@type\":\"ReadAction\",\"target\":[\"https:\/\/pelin1971.hr\/en\/katalog\/personalized-cup-with-spoon\/\"]}]},{\"@type\":\"ImageObject\",\"inLanguage\":\"en-US\",\"@id\":\"https:\/\/pelin1971.hr\/en\/katalog\/personalized-cup-with-spoon\/#primaryimage\",\"url\":\"https:\/\/pelin1971.hr\/wp-content\/uploads\/2016\/11\/\u0161alica-sa-\u017eli\u010dicom.jpg\",\"contentUrl\":\"https:\/\/pelin1971.hr\/wp-content\/uploads\/2016\/11\/\u0161alica-sa-\u017eli\u010dicom.jpg\",\"width\":499,\"height\":499,\"caption\":\"personalizirana foto \u0161alica sa slikom po \u017eelji,narud\u017ebi,izrada foto \u0161alica sa slikom,cijena\"},{\"@type\":\"BreadcrumbList\",\"@id\":\"https:\/\/pelin1971.hr\/en\/katalog\/personalized-cup-with-spoon\/#breadcrumb\",\"itemListElement\":[{\"@type\":\"ListItem\",\"position\":1,\"name\":\"Home\",\"item\":\"https:\/\/pelin1971.hr\/en\/\"},{\"@type\":\"ListItem\",\"position\":2,\"name\":\"Shop\",\"item\":\"https:\/\/pelin1971.hr\/en\/shop\/\"},{\"@type\":\"ListItem\",\"position\":3,\"name\":\"Printing on T-shirts, mugs, hats, umbrellas\u2026\",\"item\":\"https:\/\/pelin1971.hr\/en\/kategorija-proizvoda\/printing-on-t-shirts-mugs-hats-umbrellas\/\"},{\"@type\":\"ListItem\",\"position\":4,\"name\":\"PERSONALIZED MUG WITH SPOON\"}]},{\"@type\":\"WebSite\",\"@id\":\"https:\/\/pelin1971.hr\/en\/#website\",\"url\":\"https:\/\/pelin1971.hr\/en\/\",\"name\":\"Pelin1971\",\"description\":\"\",\"potentialAction\":[{\"@type\":\"SearchAction\",\"target\":{\"@type\":\"EntryPoint\",\"urlTemplate\":\"https:\/\/pelin1971.hr\/en\/?s={search_term_string}\"},\"query-input\":{\"@type\":\"PropertyValueSpecification\",\"valueRequired\":true,\"valueName\":\"search_term_string\"}}],\"inLanguage\":\"en-US\"}]}<\/script>\n<!-- \/ Yoast SEO plugin. -->","yoast_head_json":{"title":"Personalized photo mug with a teaspoon printed with your picture","description":"personalized photo mug, photo mug personalized printed with your picture, inscription, print of your choice, photo mug with spoon","robots":{"index":"index","follow":"follow","max-snippet":"max-snippet:-1","max-image-preview":"max-image-preview:large","max-video-preview":"max-video-preview:-1"},"canonical":"https:\/\/pelin1971.hr\/en\/katalog\/personalized-cup-with-spoon\/","og_locale":"en_US","og_type":"article","og_title":"Personalized photo mug with a teaspoon printed with your picture","og_description":"personalized photo mug, photo mug personalized printed with your picture, inscription, print of your choice, photo mug with spoon","og_url":"https:\/\/pelin1971.hr\/en\/katalog\/personalized-cup-with-spoon\/","og_site_name":"Pelin1971","article_modified_time":"2025-11-25T09:39:57+00:00","og_image":[{"width":499,"height":499,"url":"https:\/\/pelin1971.hr\/wp-content\/uploads\/2025\/11\/alica-sa-zlicicom.jpg","type":"image\/jpeg"}],"twitter_card":"summary_large_image","schema":{"@context":"https:\/\/schema.org","@graph":[{"@type":"WebPage","@id":"https:\/\/pelin1971.hr\/en\/katalog\/personalized-cup-with-spoon\/","url":"https:\/\/pelin1971.hr\/en\/katalog\/personalized-cup-with-spoon\/","name":"Personalized photo mug with a teaspoon printed with your picture","isPartOf":{"@id":"https:\/\/pelin1971.hr\/en\/#website"},"primaryImageOfPage":{"@id":"https:\/\/pelin1971.hr\/en\/katalog\/personalized-cup-with-spoon\/#primaryimage"},"image":{"@id":"https:\/\/pelin1971.hr\/en\/katalog\/personalized-cup-with-spoon\/#primaryimage"},"thumbnailUrl":"https:\/\/pelin1971.hr\/wp-content\/uploads\/2016\/11\/\u0161alica-sa-\u017eli\u010dicom.jpg","datePublished":"2025-11-18T16:20:05+00:00","dateModified":"2025-11-25T09:39:57+00:00","description":"personalized photo mug, photo mug personalized printed with your picture, inscription, print of your choice, photo mug with spoon","breadcrumb":{"@id":"https:\/\/pelin1971.hr\/en\/katalog\/personalized-cup-with-spoon\/#breadcrumb"},"inLanguage":"en-US","potentialAction":[{"@type":"ReadAction","target":["https:\/\/pelin1971.hr\/en\/katalog\/personalized-cup-with-spoon\/"]}]},{"@type":"ImageObject","inLanguage":"en-US","@id":"https:\/\/pelin1971.hr\/en\/katalog\/personalized-cup-with-spoon\/#primaryimage","url":"https:\/\/pelin1971.hr\/wp-content\/uploads\/2016\/11\/\u0161alica-sa-\u017eli\u010dicom.jpg","contentUrl":"https:\/\/pelin1971.hr\/wp-content\/uploads\/2016\/11\/\u0161alica-sa-\u017eli\u010dicom.jpg","width":499,"height":499,"caption":"personalizirana foto \u0161alica sa slikom po \u017eelji,narud\u017ebi,izrada foto \u0161alica sa slikom,cijena"},{"@type":"BreadcrumbList","@id":"https:\/\/pelin1971.hr\/en\/katalog\/personalized-cup-with-spoon\/#breadcrumb","itemListElement":[{"@type":"ListItem","position":1,"name":"Home","item":"https:\/\/pelin1971.hr\/en\/"},{"@type":"ListItem","position":2,"name":"Shop","item":"https:\/\/pelin1971.hr\/en\/shop\/"},{"@type":"ListItem","position":3,"name":"Printing on T-shirts, mugs, hats, umbrellas\u2026","item":"https:\/\/pelin1971.hr\/en\/kategorija-proizvoda\/printing-on-t-shirts-mugs-hats-umbrellas\/"},{"@type":"ListItem","position":4,"name":"PERSONALIZED MUG WITH SPOON"}]},{"@type":"WebSite","@id":"https:\/\/pelin1971.hr\/en\/#website","url":"https:\/\/pelin1971.hr\/en\/","name":"Pelin1971","description":"","potentialAction":[{"@type":"SearchAction","target":{"@type":"EntryPoint","urlTemplate":"https:\/\/pelin1971.hr\/en\/?s={search_term_string}"},"query-input":{"@type":"PropertyValueSpecification","valueRequired":true,"valueName":"search_term_string"}}],"inLanguage":"en-US"}]}},"_links":{"self":[{"href":"https:\/\/pelin1971.hr\/en\/wp-json\/wp\/v2\/product\/7183","targetHints":{"allow":["GET"]}}],"collection":[{"href":"https:\/\/pelin1971.hr\/en\/wp-json\/wp\/v2\/product"}],"about":[{"href":"https:\/\/pelin1971.hr\/en\/wp-json\/wp\/v2\/types\/product"}],"replies":[{"embeddable":true,"href":"https:\/\/pelin1971.hr\/en\/wp-json\/wp\/v2\/comments?post=7183"}],"wp:featuredmedia":[{"embeddable":true,"href":"https:\/\/pelin1971.hr\/en\/wp-json\/wp\/v2\/media\/8843"}],"wp:attachment":[{"href":"https:\/\/pelin1971.hr\/en\/wp-json\/wp\/v2\/media?parent=7183"}],"wp:term":[{"taxonomy":"product_brand","embeddable":true,"href":"https:\/\/pelin1971.hr\/en\/wp-json\/wp\/v2\/product_brand?post=7183"},{"taxonomy":"product_cat","embeddable":true,"href":"https:\/\/pelin1971.hr\/en\/wp-json\/wp\/v2\/product_cat?post=7183"},{"taxonomy":"product_tag","embeddable":true,"href":"https:\/\/pelin1971.hr\/en\/wp-json\/wp\/v2\/product_tag?post=7183"}],"curies":[{"name":"wp","href":"https:\/\/api.w.org\/{rel}","templated":true}]}}