{"id":7178,"date":"2025-11-18T17:19:57","date_gmt":"2025-11-18T16:19:57","guid":{"rendered":"https:\/\/pelin1971.hr\/katalog\/photo-puzzle-with-photo-print\/"},"modified":"2025-11-25T10:44:13","modified_gmt":"2025-11-25T09:44:13","slug":"photo-puzzle-with-photo-print","status":"publish","type":"product","link":"https:\/\/pelin1971.hr\/en\/katalog\/photo-puzzle-with-photo-print\/","title":{"rendered":"PHOTO PUZZLE WITH PHOTO, PRINT"},"content":{"rendered":"<h1>Photo puzzle with your photo,print as desired,order<\/h1>\n<p>Send us the picture you want by e-mail and the puzzle arrives at your address (and that&#8217;s it&#8230;.simple)<\/p>\n<p>&nbsp;<\/p>\n","protected":false},"excerpt":{"rendered":"<p>Photo puzzle with your photo,print as desired,order Send us the picture you want by e-mail and the puzzle arrives at your address (and that&#8217;s it&#8230;.simple) &nbsp;<\/p>\n","protected":false},"featured_media":7072,"comment_status":"open","ping_status":"closed","template":"","meta":{"_acf_changed":false},"product_brand":[],"product_cat":[4583],"product_tag":[2688,2565],"class_list":{"0":"post-7178","1":"product","2":"type-product","3":"status-publish","4":"has-post-thumbnail","6":"product_cat-printing-on-pens-lighters-keychains","7":"product_tag-jigsaw-puzzle-with-photography","8":"product_tag-photo-puzzle","10":"first","11":"instock","12":"shipping-taxable","13":"product-type-simple"},"acf":[],"yoast_head":"<!-- This site is optimized with the Yoast SEO plugin v26.8 - https:\/\/yoast.com\/product\/yoast-seo-wordpress\/ -->\n<title>PHOTO PUZZLE WITH PHOTO, PRINT, PRINT TO ORDER<\/title>\n<meta name=\"description\" content=\"photo puzzles, photo puzzle making. puzzle with photo, jigsaw puzzle made to order, puzzle with printing, printing, inscription as desired, price\" \/>\n<meta name=\"robots\" content=\"index, follow, max-snippet:-1, max-image-preview:large, max-video-preview:-1\" \/>\n<link rel=\"canonical\" href=\"https:\/\/pelin1971.hr\/en\/katalog\/photo-puzzle-with-photo-print\/\" \/>\n<meta property=\"og:locale\" content=\"en_US\" \/>\n<meta property=\"og:type\" content=\"article\" \/>\n<meta property=\"og:title\" content=\"PHOTO PUZZLE WITH PHOTO, PRINT, PRINT TO ORDER\" \/>\n<meta property=\"og:description\" content=\"photo puzzles, photo puzzle making. puzzle with photo, jigsaw puzzle made to order, puzzle with printing, printing, inscription as desired, price\" \/>\n<meta property=\"og:url\" content=\"https:\/\/pelin1971.hr\/en\/katalog\/photo-puzzle-with-photo-print\/\" \/>\n<meta property=\"og:site_name\" content=\"Pelin1971\" \/>\n<meta property=\"article:modified_time\" content=\"2025-11-25T09:44:13+00:00\" \/>\n<meta property=\"og:image\" content=\"https:\/\/pelin1971.hr\/wp-content\/uploads\/2025\/11\/puzzle-s-natpisom_srce-1.jpg\" \/>\n\t<meta property=\"og:image:width\" content=\"500\" \/>\n\t<meta property=\"og:image:height\" content=\"500\" \/>\n\t<meta property=\"og:image:type\" content=\"image\/jpeg\" \/>\n<meta name=\"twitter:card\" content=\"summary_large_image\" \/>\n<script type=\"application\/ld+json\" class=\"yoast-schema-graph\">{\"@context\":\"https:\/\/schema.org\",\"@graph\":[{\"@type\":\"WebPage\",\"@id\":\"https:\/\/pelin1971.hr\/en\/katalog\/photo-puzzle-with-photo-print\/\",\"url\":\"https:\/\/pelin1971.hr\/en\/katalog\/photo-puzzle-with-photo-print\/\",\"name\":\"PHOTO PUZZLE WITH PHOTO, PRINT, PRINT TO ORDER\",\"isPartOf\":{\"@id\":\"https:\/\/pelin1971.hr\/en\/#website\"},\"primaryImageOfPage\":{\"@id\":\"https:\/\/pelin1971.hr\/en\/katalog\/photo-puzzle-with-photo-print\/#primaryimage\"},\"image\":{\"@id\":\"https:\/\/pelin1971.hr\/en\/katalog\/photo-puzzle-with-photo-print\/#primaryimage\"},\"thumbnailUrl\":\"https:\/\/pelin1971.hr\/wp-content\/uploads\/2025\/11\/puzzle-s-natpisom_srce-1.jpg\",\"datePublished\":\"2025-11-18T16:19:57+00:00\",\"dateModified\":\"2025-11-25T09:44:13+00:00\",\"description\":\"photo puzzles, photo puzzle making. puzzle with photo, jigsaw puzzle made to order, puzzle with printing, printing, inscription as desired, price\",\"breadcrumb\":{\"@id\":\"https:\/\/pelin1971.hr\/en\/katalog\/photo-puzzle-with-photo-print\/#breadcrumb\"},\"inLanguage\":\"en-US\",\"potentialAction\":[{\"@type\":\"ReadAction\",\"target\":[\"https:\/\/pelin1971.hr\/en\/katalog\/photo-puzzle-with-photo-print\/\"]}]},{\"@type\":\"ImageObject\",\"inLanguage\":\"en-US\",\"@id\":\"https:\/\/pelin1971.hr\/en\/katalog\/photo-puzzle-with-photo-print\/#primaryimage\",\"url\":\"https:\/\/pelin1971.hr\/wp-content\/uploads\/2025\/11\/puzzle-s-natpisom_srce-1.jpg\",\"contentUrl\":\"https:\/\/pelin1971.hr\/wp-content\/uploads\/2025\/11\/puzzle-s-natpisom_srce-1.jpg\",\"width\":500,\"height\":500,\"caption\":\"foto puzzle sa slikom,tiskom,printom po \u017eelji,personalizirane puzzle,puzzle s tiskom,tisak na puzzle,puzzle s slikom,puzzle po narud\u017ebi,\u017eelji,cijena\"},{\"@type\":\"BreadcrumbList\",\"@id\":\"https:\/\/pelin1971.hr\/en\/katalog\/photo-puzzle-with-photo-print\/#breadcrumb\",\"itemListElement\":[{\"@type\":\"ListItem\",\"position\":1,\"name\":\"Home\",\"item\":\"https:\/\/pelin1971.hr\/en\/\"},{\"@type\":\"ListItem\",\"position\":2,\"name\":\"Shop\",\"item\":\"https:\/\/pelin1971.hr\/en\/shop\/\"},{\"@type\":\"ListItem\",\"position\":3,\"name\":\"Printing on pens, lighters, keychains,\u2026\",\"item\":\"https:\/\/pelin1971.hr\/en\/kategorija-proizvoda\/printing-on-pens-lighters-keychains\/\"},{\"@type\":\"ListItem\",\"position\":4,\"name\":\"PHOTO PUZZLE WITH PHOTO, PRINT\"}]},{\"@type\":\"WebSite\",\"@id\":\"https:\/\/pelin1971.hr\/en\/#website\",\"url\":\"https:\/\/pelin1971.hr\/en\/\",\"name\":\"Pelin1971\",\"description\":\"\",\"potentialAction\":[{\"@type\":\"SearchAction\",\"target\":{\"@type\":\"EntryPoint\",\"urlTemplate\":\"https:\/\/pelin1971.hr\/en\/?s={search_term_string}\"},\"query-input\":{\"@type\":\"PropertyValueSpecification\",\"valueRequired\":true,\"valueName\":\"search_term_string\"}}],\"inLanguage\":\"en-US\"}]}<\/script>\n<!-- \/ Yoast SEO plugin. -->","yoast_head_json":{"title":"PHOTO PUZZLE WITH PHOTO, PRINT, PRINT TO ORDER","description":"photo puzzles, photo puzzle making. puzzle with photo, jigsaw puzzle made to order, puzzle with printing, printing, inscription as desired, price","robots":{"index":"index","follow":"follow","max-snippet":"max-snippet:-1","max-image-preview":"max-image-preview:large","max-video-preview":"max-video-preview:-1"},"canonical":"https:\/\/pelin1971.hr\/en\/katalog\/photo-puzzle-with-photo-print\/","og_locale":"en_US","og_type":"article","og_title":"PHOTO PUZZLE WITH PHOTO, PRINT, PRINT TO ORDER","og_description":"photo puzzles, photo puzzle making. puzzle with photo, jigsaw puzzle made to order, puzzle with printing, printing, inscription as desired, price","og_url":"https:\/\/pelin1971.hr\/en\/katalog\/photo-puzzle-with-photo-print\/","og_site_name":"Pelin1971","article_modified_time":"2025-11-25T09:44:13+00:00","og_image":[{"width":500,"height":500,"url":"https:\/\/pelin1971.hr\/wp-content\/uploads\/2025\/11\/puzzle-s-natpisom_srce-1.jpg","type":"image\/jpeg"}],"twitter_card":"summary_large_image","schema":{"@context":"https:\/\/schema.org","@graph":[{"@type":"WebPage","@id":"https:\/\/pelin1971.hr\/en\/katalog\/photo-puzzle-with-photo-print\/","url":"https:\/\/pelin1971.hr\/en\/katalog\/photo-puzzle-with-photo-print\/","name":"PHOTO PUZZLE WITH PHOTO, PRINT, PRINT TO ORDER","isPartOf":{"@id":"https:\/\/pelin1971.hr\/en\/#website"},"primaryImageOfPage":{"@id":"https:\/\/pelin1971.hr\/en\/katalog\/photo-puzzle-with-photo-print\/#primaryimage"},"image":{"@id":"https:\/\/pelin1971.hr\/en\/katalog\/photo-puzzle-with-photo-print\/#primaryimage"},"thumbnailUrl":"https:\/\/pelin1971.hr\/wp-content\/uploads\/2025\/11\/puzzle-s-natpisom_srce-1.jpg","datePublished":"2025-11-18T16:19:57+00:00","dateModified":"2025-11-25T09:44:13+00:00","description":"photo puzzles, photo puzzle making. puzzle with photo, jigsaw puzzle made to order, puzzle with printing, printing, inscription as desired, price","breadcrumb":{"@id":"https:\/\/pelin1971.hr\/en\/katalog\/photo-puzzle-with-photo-print\/#breadcrumb"},"inLanguage":"en-US","potentialAction":[{"@type":"ReadAction","target":["https:\/\/pelin1971.hr\/en\/katalog\/photo-puzzle-with-photo-print\/"]}]},{"@type":"ImageObject","inLanguage":"en-US","@id":"https:\/\/pelin1971.hr\/en\/katalog\/photo-puzzle-with-photo-print\/#primaryimage","url":"https:\/\/pelin1971.hr\/wp-content\/uploads\/2025\/11\/puzzle-s-natpisom_srce-1.jpg","contentUrl":"https:\/\/pelin1971.hr\/wp-content\/uploads\/2025\/11\/puzzle-s-natpisom_srce-1.jpg","width":500,"height":500,"caption":"foto puzzle sa slikom,tiskom,printom po \u017eelji,personalizirane puzzle,puzzle s tiskom,tisak na puzzle,puzzle s slikom,puzzle po narud\u017ebi,\u017eelji,cijena"},{"@type":"BreadcrumbList","@id":"https:\/\/pelin1971.hr\/en\/katalog\/photo-puzzle-with-photo-print\/#breadcrumb","itemListElement":[{"@type":"ListItem","position":1,"name":"Home","item":"https:\/\/pelin1971.hr\/en\/"},{"@type":"ListItem","position":2,"name":"Shop","item":"https:\/\/pelin1971.hr\/en\/shop\/"},{"@type":"ListItem","position":3,"name":"Printing on pens, lighters, keychains,\u2026","item":"https:\/\/pelin1971.hr\/en\/kategorija-proizvoda\/printing-on-pens-lighters-keychains\/"},{"@type":"ListItem","position":4,"name":"PHOTO PUZZLE WITH PHOTO, PRINT"}]},{"@type":"WebSite","@id":"https:\/\/pelin1971.hr\/en\/#website","url":"https:\/\/pelin1971.hr\/en\/","name":"Pelin1971","description":"","potentialAction":[{"@type":"SearchAction","target":{"@type":"EntryPoint","urlTemplate":"https:\/\/pelin1971.hr\/en\/?s={search_term_string}"},"query-input":{"@type":"PropertyValueSpecification","valueRequired":true,"valueName":"search_term_string"}}],"inLanguage":"en-US"}]}},"_links":{"self":[{"href":"https:\/\/pelin1971.hr\/en\/wp-json\/wp\/v2\/product\/7178","targetHints":{"allow":["GET"]}}],"collection":[{"href":"https:\/\/pelin1971.hr\/en\/wp-json\/wp\/v2\/product"}],"about":[{"href":"https:\/\/pelin1971.hr\/en\/wp-json\/wp\/v2\/types\/product"}],"replies":[{"embeddable":true,"href":"https:\/\/pelin1971.hr\/en\/wp-json\/wp\/v2\/comments?post=7178"}],"wp:featuredmedia":[{"embeddable":true,"href":"https:\/\/pelin1971.hr\/en\/wp-json\/wp\/v2\/media\/7072"}],"wp:attachment":[{"href":"https:\/\/pelin1971.hr\/en\/wp-json\/wp\/v2\/media?parent=7178"}],"wp:term":[{"taxonomy":"product_brand","embeddable":true,"href":"https:\/\/pelin1971.hr\/en\/wp-json\/wp\/v2\/product_brand?post=7178"},{"taxonomy":"product_cat","embeddable":true,"href":"https:\/\/pelin1971.hr\/en\/wp-json\/wp\/v2\/product_cat?post=7178"},{"taxonomy":"product_tag","embeddable":true,"href":"https:\/\/pelin1971.hr\/en\/wp-json\/wp\/v2\/product_tag?post=7178"}],"curies":[{"name":"wp","href":"https:\/\/api.w.org\/{rel}","templated":true}]}}