{"id":7128,"date":"2025-11-18T17:20:05","date_gmt":"2025-11-18T16:20:05","guid":{"rendered":"https:\/\/pelin1971.hr\/katalog\/cloth-bags-with-print-print-image\/"},"modified":"2025-11-25T10:39:46","modified_gmt":"2025-11-25T09:39:46","slug":"cloth-bags-with-print-print-image","status":"publish","type":"product","link":"https:\/\/pelin1971.hr\/en\/katalog\/cloth-bags-with-print-print-image\/","title":{"rendered":"CANVAS BAGS WITH PRINT, PRINT, PICTURE"},"content":{"rendered":"<h1>PRINTED CANVAS BAGS<\/h1>\n<p>Send us the inscription or picture you want by e-mail and the cloth bags arrive at your address (and that&#8217;s it&#8230;. simple \ud83d\ude42 )<\/p>\n<p>&#8211; model with a short handle<br \/>\n &#8211; model with a long handle<\/p>\n<p>-100% cotton, durable, ecological, and a great promotion for your company, shop, brand,..<\/p>\n<p>-The dimensions of the cloth bag\/bag are 38x42cm, the weight is 140 g\/m2.<\/p>\n","protected":false},"excerpt":{"rendered":"<p>PRINTED CANVAS BAGS Send us the inscription or picture you want by e-mail and the cloth bags arrive at your address (and that&#8217;s it&#8230;. simple \ud83d\ude42 ) &#8211; model with a short handle &#8211; model with a long handle -100% cotton, durable, ecological, and a great promotion for your company, shop, brand,.. -The dimensions of<\/p>\n","protected":false},"featured_media":7141,"comment_status":"open","ping_status":"closed","template":"","meta":{"_acf_changed":false},"product_brand":[],"product_cat":[4582],"product_tag":[2653,2650,2651,2645,2648,2652],"class_list":{"0":"post-7128","1":"product","2":"type-product","3":"status-publish","4":"has-post-thumbnail","6":"product_cat-printing-on-t-shirts-mugs-hats-umbrellas","7":"product_tag-advertising","8":"product_tag-canvas-bag-with-print","9":"product_tag-personalized-canvas-bags","10":"product_tag-printed-cloth-bags","11":"product_tag-printing-on-cloth-bags","12":"product_tag-promotional-canvas-bags","14":"first","15":"instock","16":"shipping-taxable","17":"product-type-simple"},"acf":[],"yoast_head":"<!-- This site is optimized with the Yoast SEO plugin v26.8 - https:\/\/yoast.com\/product\/yoast-seo-wordpress\/ -->\n<title>CANVAS BAGS WITH PRINTING, PRINTING, LOGO<\/title>\n<meta name=\"description\" content=\"Printed Canvas Bags,Printed Canvas Bags,Printed Canvas Bags,Personalized Canvas Bags,Promotional Canvas Bags,Advertising\" \/>\n<meta name=\"robots\" content=\"index, follow, max-snippet:-1, max-image-preview:large, max-video-preview:-1\" \/>\n<link rel=\"canonical\" href=\"https:\/\/pelin1971.hr\/en\/katalog\/cloth-bags-with-print-print-image\/\" \/>\n<meta property=\"og:locale\" content=\"en_US\" \/>\n<meta property=\"og:type\" content=\"article\" \/>\n<meta property=\"og:title\" content=\"CANVAS BAGS WITH PRINTING, PRINTING, LOGO\" \/>\n<meta property=\"og:description\" content=\"Printed Canvas Bags,Printed Canvas Bags,Printed Canvas Bags,Personalized Canvas Bags,Promotional Canvas Bags,Advertising\" \/>\n<meta property=\"og:url\" content=\"https:\/\/pelin1971.hr\/en\/katalog\/cloth-bags-with-print-print-image\/\" \/>\n<meta property=\"og:site_name\" content=\"Pelin1971\" \/>\n<meta property=\"article:modified_time\" content=\"2025-11-25T09:39:46+00:00\" \/>\n<meta property=\"og:image\" content=\"https:\/\/pelin1971.hr\/wp-content\/uploads\/2025\/11\/Slika-platnena-torba-dar_1.jpg\" \/>\n\t<meta property=\"og:image:width\" content=\"665\" \/>\n\t<meta property=\"og:image:height\" content=\"665\" \/>\n\t<meta property=\"og:image:type\" content=\"image\/jpeg\" \/>\n<meta name=\"twitter:card\" content=\"summary_large_image\" \/>\n<script type=\"application\/ld+json\" class=\"yoast-schema-graph\">{\"@context\":\"https:\/\/schema.org\",\"@graph\":[{\"@type\":\"WebPage\",\"@id\":\"https:\/\/pelin1971.hr\/en\/katalog\/cloth-bags-with-print-print-image\/\",\"url\":\"https:\/\/pelin1971.hr\/en\/katalog\/cloth-bags-with-print-print-image\/\",\"name\":\"CANVAS BAGS WITH PRINTING, PRINTING, LOGO\",\"isPartOf\":{\"@id\":\"https:\/\/pelin1971.hr\/en\/#website\"},\"primaryImageOfPage\":{\"@id\":\"https:\/\/pelin1971.hr\/en\/katalog\/cloth-bags-with-print-print-image\/#primaryimage\"},\"image\":{\"@id\":\"https:\/\/pelin1971.hr\/en\/katalog\/cloth-bags-with-print-print-image\/#primaryimage\"},\"thumbnailUrl\":\"https:\/\/pelin1971.hr\/wp-content\/uploads\/2025\/11\/Slika-platnena-torba-dar_1.jpg\",\"datePublished\":\"2025-11-18T16:20:05+00:00\",\"dateModified\":\"2025-11-25T09:39:46+00:00\",\"description\":\"Printed Canvas Bags,Printed Canvas Bags,Printed Canvas Bags,Personalized Canvas Bags,Promotional Canvas Bags,Advertising\",\"breadcrumb\":{\"@id\":\"https:\/\/pelin1971.hr\/en\/katalog\/cloth-bags-with-print-print-image\/#breadcrumb\"},\"inLanguage\":\"en-US\",\"potentialAction\":[{\"@type\":\"ReadAction\",\"target\":[\"https:\/\/pelin1971.hr\/en\/katalog\/cloth-bags-with-print-print-image\/\"]}]},{\"@type\":\"ImageObject\",\"inLanguage\":\"en-US\",\"@id\":\"https:\/\/pelin1971.hr\/en\/katalog\/cloth-bags-with-print-print-image\/#primaryimage\",\"url\":\"https:\/\/pelin1971.hr\/wp-content\/uploads\/2025\/11\/Slika-platnena-torba-dar_1.jpg\",\"contentUrl\":\"https:\/\/pelin1971.hr\/wp-content\/uploads\/2025\/11\/Slika-platnena-torba-dar_1.jpg\",\"width\":665,\"height\":665,\"caption\":\"platnene vre\u0107ice s tiskom,printom,natpisom,platnene torbe s natpisom po \u017eelji,izrada platnenih torbi s tiskom logotipa,reklamne platnene torbe vre\u0107ice,promotivne platnene vre\u0107ice torbe,cijena\"},{\"@type\":\"BreadcrumbList\",\"@id\":\"https:\/\/pelin1971.hr\/en\/katalog\/cloth-bags-with-print-print-image\/#breadcrumb\",\"itemListElement\":[{\"@type\":\"ListItem\",\"position\":1,\"name\":\"Home\",\"item\":\"https:\/\/pelin1971.hr\/en\/\"},{\"@type\":\"ListItem\",\"position\":2,\"name\":\"Shop\",\"item\":\"https:\/\/pelin1971.hr\/en\/shop\/\"},{\"@type\":\"ListItem\",\"position\":3,\"name\":\"Printing on T-shirts, mugs, hats, umbrellas\u2026\",\"item\":\"https:\/\/pelin1971.hr\/en\/kategorija-proizvoda\/printing-on-t-shirts-mugs-hats-umbrellas\/\"},{\"@type\":\"ListItem\",\"position\":4,\"name\":\"CANVAS BAGS WITH PRINT, PRINT, PICTURE\"}]},{\"@type\":\"WebSite\",\"@id\":\"https:\/\/pelin1971.hr\/en\/#website\",\"url\":\"https:\/\/pelin1971.hr\/en\/\",\"name\":\"Pelin1971\",\"description\":\"\",\"potentialAction\":[{\"@type\":\"SearchAction\",\"target\":{\"@type\":\"EntryPoint\",\"urlTemplate\":\"https:\/\/pelin1971.hr\/en\/?s={search_term_string}\"},\"query-input\":{\"@type\":\"PropertyValueSpecification\",\"valueRequired\":true,\"valueName\":\"search_term_string\"}}],\"inLanguage\":\"en-US\"}]}<\/script>\n<!-- \/ Yoast SEO plugin. -->","yoast_head_json":{"title":"CANVAS BAGS WITH PRINTING, PRINTING, LOGO","description":"Printed Canvas Bags,Printed Canvas Bags,Printed Canvas Bags,Personalized Canvas Bags,Promotional Canvas Bags,Advertising","robots":{"index":"index","follow":"follow","max-snippet":"max-snippet:-1","max-image-preview":"max-image-preview:large","max-video-preview":"max-video-preview:-1"},"canonical":"https:\/\/pelin1971.hr\/en\/katalog\/cloth-bags-with-print-print-image\/","og_locale":"en_US","og_type":"article","og_title":"CANVAS BAGS WITH PRINTING, PRINTING, LOGO","og_description":"Printed Canvas Bags,Printed Canvas Bags,Printed Canvas Bags,Personalized Canvas Bags,Promotional Canvas Bags,Advertising","og_url":"https:\/\/pelin1971.hr\/en\/katalog\/cloth-bags-with-print-print-image\/","og_site_name":"Pelin1971","article_modified_time":"2025-11-25T09:39:46+00:00","og_image":[{"width":665,"height":665,"url":"https:\/\/pelin1971.hr\/wp-content\/uploads\/2025\/11\/Slika-platnena-torba-dar_1.jpg","type":"image\/jpeg"}],"twitter_card":"summary_large_image","schema":{"@context":"https:\/\/schema.org","@graph":[{"@type":"WebPage","@id":"https:\/\/pelin1971.hr\/en\/katalog\/cloth-bags-with-print-print-image\/","url":"https:\/\/pelin1971.hr\/en\/katalog\/cloth-bags-with-print-print-image\/","name":"CANVAS BAGS WITH PRINTING, PRINTING, LOGO","isPartOf":{"@id":"https:\/\/pelin1971.hr\/en\/#website"},"primaryImageOfPage":{"@id":"https:\/\/pelin1971.hr\/en\/katalog\/cloth-bags-with-print-print-image\/#primaryimage"},"image":{"@id":"https:\/\/pelin1971.hr\/en\/katalog\/cloth-bags-with-print-print-image\/#primaryimage"},"thumbnailUrl":"https:\/\/pelin1971.hr\/wp-content\/uploads\/2025\/11\/Slika-platnena-torba-dar_1.jpg","datePublished":"2025-11-18T16:20:05+00:00","dateModified":"2025-11-25T09:39:46+00:00","description":"Printed Canvas Bags,Printed Canvas Bags,Printed Canvas Bags,Personalized Canvas Bags,Promotional Canvas Bags,Advertising","breadcrumb":{"@id":"https:\/\/pelin1971.hr\/en\/katalog\/cloth-bags-with-print-print-image\/#breadcrumb"},"inLanguage":"en-US","potentialAction":[{"@type":"ReadAction","target":["https:\/\/pelin1971.hr\/en\/katalog\/cloth-bags-with-print-print-image\/"]}]},{"@type":"ImageObject","inLanguage":"en-US","@id":"https:\/\/pelin1971.hr\/en\/katalog\/cloth-bags-with-print-print-image\/#primaryimage","url":"https:\/\/pelin1971.hr\/wp-content\/uploads\/2025\/11\/Slika-platnena-torba-dar_1.jpg","contentUrl":"https:\/\/pelin1971.hr\/wp-content\/uploads\/2025\/11\/Slika-platnena-torba-dar_1.jpg","width":665,"height":665,"caption":"platnene vre\u0107ice s tiskom,printom,natpisom,platnene torbe s natpisom po \u017eelji,izrada platnenih torbi s tiskom logotipa,reklamne platnene torbe vre\u0107ice,promotivne platnene vre\u0107ice torbe,cijena"},{"@type":"BreadcrumbList","@id":"https:\/\/pelin1971.hr\/en\/katalog\/cloth-bags-with-print-print-image\/#breadcrumb","itemListElement":[{"@type":"ListItem","position":1,"name":"Home","item":"https:\/\/pelin1971.hr\/en\/"},{"@type":"ListItem","position":2,"name":"Shop","item":"https:\/\/pelin1971.hr\/en\/shop\/"},{"@type":"ListItem","position":3,"name":"Printing on T-shirts, mugs, hats, umbrellas\u2026","item":"https:\/\/pelin1971.hr\/en\/kategorija-proizvoda\/printing-on-t-shirts-mugs-hats-umbrellas\/"},{"@type":"ListItem","position":4,"name":"CANVAS BAGS WITH PRINT, PRINT, PICTURE"}]},{"@type":"WebSite","@id":"https:\/\/pelin1971.hr\/en\/#website","url":"https:\/\/pelin1971.hr\/en\/","name":"Pelin1971","description":"","potentialAction":[{"@type":"SearchAction","target":{"@type":"EntryPoint","urlTemplate":"https:\/\/pelin1971.hr\/en\/?s={search_term_string}"},"query-input":{"@type":"PropertyValueSpecification","valueRequired":true,"valueName":"search_term_string"}}],"inLanguage":"en-US"}]}},"_links":{"self":[{"href":"https:\/\/pelin1971.hr\/en\/wp-json\/wp\/v2\/product\/7128","targetHints":{"allow":["GET"]}}],"collection":[{"href":"https:\/\/pelin1971.hr\/en\/wp-json\/wp\/v2\/product"}],"about":[{"href":"https:\/\/pelin1971.hr\/en\/wp-json\/wp\/v2\/types\/product"}],"replies":[{"embeddable":true,"href":"https:\/\/pelin1971.hr\/en\/wp-json\/wp\/v2\/comments?post=7128"}],"wp:featuredmedia":[{"embeddable":true,"href":"https:\/\/pelin1971.hr\/en\/wp-json\/wp\/v2\/media\/7141"}],"wp:attachment":[{"href":"https:\/\/pelin1971.hr\/en\/wp-json\/wp\/v2\/media?parent=7128"}],"wp:term":[{"taxonomy":"product_brand","embeddable":true,"href":"https:\/\/pelin1971.hr\/en\/wp-json\/wp\/v2\/product_brand?post=7128"},{"taxonomy":"product_cat","embeddable":true,"href":"https:\/\/pelin1971.hr\/en\/wp-json\/wp\/v2\/product_cat?post=7128"},{"taxonomy":"product_tag","embeddable":true,"href":"https:\/\/pelin1971.hr\/en\/wp-json\/wp\/v2\/product_tag?post=7128"}],"curies":[{"name":"wp","href":"https:\/\/api.w.org\/{rel}","templated":true}]}}