{"id":7085,"date":"2025-11-18T17:20:05","date_gmt":"2025-11-18T16:20:05","guid":{"rendered":"https:\/\/pelin1971.hr\/katalog\/aprons-for-waiters-with-inscription-print-print\/"},"modified":"2025-11-25T10:39:49","modified_gmt":"2025-11-25T09:39:49","slug":"aprons-for-waiters-with-inscription-print-print","status":"publish","type":"product","link":"https:\/\/pelin1971.hr\/en\/katalog\/aprons-for-waiters-with-inscription-print-print\/","title":{"rendered":"Waiter aprons with inscription, print, print"},"content":{"rendered":"<h1>Waiter aprons with inscription, print, print<\/h1>\n<p>Send us the inscription or picture you want by e-mail and the aprons arrive at your address (and that&#8217;s it&#8230;. simple \ud83d\ude42 )<\/p>\n<p>-In the past, aprons were mainly used in the kitchen, but today there is almost no industry that does not use them, aunts in kindergarten, shoemakers, artists, hairdressers, pedicurists, employees in tourism, waiters, cooks, &#8230;.<br \/>\n-Our aprons are 100% cotton and easy to maintain. And in addition, they are very useful because they protect clothes, but they are also a great promotion for your company, bar, brand,..<br \/>\n&#8211; aprons for catering, waiter&#8217;s aprons, catering aprons, aprons with print, aprons with inscription, aprons with logo <\/p>\n","protected":false},"excerpt":{"rendered":"<p>Waiter aprons with inscription, print, print Send us the inscription or picture you want by e-mail and the aprons arrive at your address (and that&#8217;s it&#8230;. simple \ud83d\ude42 ) -In the past, aprons were mainly used in the kitchen, but today there is almost no industry that does not use them, aunts in kindergarten, shoemakers,<\/p>\n","protected":false},"featured_media":7107,"comment_status":"open","ping_status":"closed","template":"","meta":{"_acf_changed":false},"product_brand":[],"product_cat":[4582],"product_tag":[2602,2597,2613,2614,2611,2608,2606],"class_list":{"0":"post-7085","1":"product","2":"type-product","3":"status-publish","4":"has-post-thumbnail","6":"product_cat-printing-on-t-shirts-mugs-hats-umbrellas","7":"product_tag-aprons-for-catering","8":"product_tag-aprons-for-waiters","9":"product_tag-aprons-with-inscription","10":"product_tag-aprons-with-logo","11":"product_tag-aprons-with-print","12":"product_tag-catering-aprons","13":"product_tag-waiters-aprons","15":"first","16":"instock","17":"shipping-taxable","18":"product-type-simple"},"acf":[],"yoast_head":"<!-- This site is optimized with the Yoast SEO plugin v26.8 - https:\/\/yoast.com\/product\/yoast-seo-wordpress\/ -->\n<title>APRONS FOR WAITERS, APRONS FOR CATERING<\/title>\n<meta name=\"description\" content=\"aprons for waiters, aprons for catering, waiter&#039;s aprons, catering aprons, aprons with printing, aprons with inscription, aprons with logo, price\" \/>\n<meta name=\"robots\" content=\"index, follow, max-snippet:-1, max-image-preview:large, max-video-preview:-1\" \/>\n<link rel=\"canonical\" href=\"https:\/\/pelin1971.hr\/en\/katalog\/aprons-for-waiters-with-inscription-print-print\/\" \/>\n<meta property=\"og:locale\" content=\"en_US\" \/>\n<meta property=\"og:type\" content=\"article\" \/>\n<meta property=\"og:title\" content=\"APRONS FOR WAITERS, APRONS FOR CATERING\" \/>\n<meta property=\"og:description\" content=\"aprons for waiters, aprons for catering, waiter&#039;s aprons, catering aprons, aprons with printing, aprons with inscription, aprons with logo, price\" \/>\n<meta property=\"og:url\" content=\"https:\/\/pelin1971.hr\/en\/katalog\/aprons-for-waiters-with-inscription-print-print\/\" \/>\n<meta property=\"og:site_name\" content=\"Pelin1971\" \/>\n<meta property=\"article:modified_time\" content=\"2025-11-25T09:39:49+00:00\" \/>\n<meta property=\"og:image\" content=\"https:\/\/pelin1971.hr\/wp-content\/uploads\/2025\/11\/pregace-s-natpisom.jpg\" \/>\n\t<meta property=\"og:image:width\" content=\"600\" \/>\n\t<meta property=\"og:image:height\" content=\"600\" \/>\n\t<meta property=\"og:image:type\" content=\"image\/jpeg\" \/>\n<meta name=\"twitter:card\" content=\"summary_large_image\" \/>\n<meta name=\"twitter:label1\" content=\"Est. reading time\" \/>\n\t<meta name=\"twitter:data1\" content=\"1 minute\" \/>\n<script type=\"application\/ld+json\" class=\"yoast-schema-graph\">{\"@context\":\"https:\/\/schema.org\",\"@graph\":[{\"@type\":\"WebPage\",\"@id\":\"https:\/\/pelin1971.hr\/en\/katalog\/aprons-for-waiters-with-inscription-print-print\/\",\"url\":\"https:\/\/pelin1971.hr\/en\/katalog\/aprons-for-waiters-with-inscription-print-print\/\",\"name\":\"APRONS FOR WAITERS, APRONS FOR CATERING\",\"isPartOf\":{\"@id\":\"https:\/\/pelin1971.hr\/en\/#website\"},\"primaryImageOfPage\":{\"@id\":\"https:\/\/pelin1971.hr\/en\/katalog\/aprons-for-waiters-with-inscription-print-print\/#primaryimage\"},\"image\":{\"@id\":\"https:\/\/pelin1971.hr\/en\/katalog\/aprons-for-waiters-with-inscription-print-print\/#primaryimage\"},\"thumbnailUrl\":\"https:\/\/pelin1971.hr\/wp-content\/uploads\/2025\/11\/konobarska-pregaca-s-okovratnikom-i-logotipom.jpg\",\"datePublished\":\"2025-11-18T16:20:05+00:00\",\"dateModified\":\"2025-11-25T09:39:49+00:00\",\"description\":\"aprons for waiters, aprons for catering, waiter's aprons, catering aprons, aprons with printing, aprons with inscription, aprons with logo, price\",\"breadcrumb\":{\"@id\":\"https:\/\/pelin1971.hr\/en\/katalog\/aprons-for-waiters-with-inscription-print-print\/#breadcrumb\"},\"inLanguage\":\"en-US\",\"potentialAction\":[{\"@type\":\"ReadAction\",\"target\":[\"https:\/\/pelin1971.hr\/en\/katalog\/aprons-for-waiters-with-inscription-print-print\/\"]}]},{\"@type\":\"ImageObject\",\"inLanguage\":\"en-US\",\"@id\":\"https:\/\/pelin1971.hr\/en\/katalog\/aprons-for-waiters-with-inscription-print-print\/#primaryimage\",\"url\":\"https:\/\/pelin1971.hr\/wp-content\/uploads\/2025\/11\/konobarska-pregaca-s-okovratnikom-i-logotipom.jpg\",\"contentUrl\":\"https:\/\/pelin1971.hr\/wp-content\/uploads\/2025\/11\/konobarska-pregaca-s-okovratnikom-i-logotipom.jpg\",\"width\":2080,\"height\":2079,\"caption\":\"konobarska prega\u010da s okovratnikom sa tiskom,printom,logotipom po \u017eelji,personalizirane prega\u010de s okovratnikom za ugostiteljske objekte,restorane,reklamne prega\u010de,promotivne prega\u010de,ugostiteljske prega\u010de s okovratnikom,cijena\"},{\"@type\":\"BreadcrumbList\",\"@id\":\"https:\/\/pelin1971.hr\/en\/katalog\/aprons-for-waiters-with-inscription-print-print\/#breadcrumb\",\"itemListElement\":[{\"@type\":\"ListItem\",\"position\":1,\"name\":\"Home\",\"item\":\"https:\/\/pelin1971.hr\/en\/\"},{\"@type\":\"ListItem\",\"position\":2,\"name\":\"Shop\",\"item\":\"https:\/\/pelin1971.hr\/en\/shop\/\"},{\"@type\":\"ListItem\",\"position\":3,\"name\":\"Printing on T-shirts, mugs, hats, umbrellas\u2026\",\"item\":\"https:\/\/pelin1971.hr\/en\/kategorija-proizvoda\/printing-on-t-shirts-mugs-hats-umbrellas\/\"},{\"@type\":\"ListItem\",\"position\":4,\"name\":\"Waiter aprons with inscription, print, print\"}]},{\"@type\":\"WebSite\",\"@id\":\"https:\/\/pelin1971.hr\/en\/#website\",\"url\":\"https:\/\/pelin1971.hr\/en\/\",\"name\":\"Pelin1971\",\"description\":\"\",\"potentialAction\":[{\"@type\":\"SearchAction\",\"target\":{\"@type\":\"EntryPoint\",\"urlTemplate\":\"https:\/\/pelin1971.hr\/en\/?s={search_term_string}\"},\"query-input\":{\"@type\":\"PropertyValueSpecification\",\"valueRequired\":true,\"valueName\":\"search_term_string\"}}],\"inLanguage\":\"en-US\"}]}<\/script>\n<!-- \/ Yoast SEO plugin. -->","yoast_head_json":{"title":"APRONS FOR WAITERS, APRONS FOR CATERING","description":"aprons for waiters, aprons for catering, waiter's aprons, catering aprons, aprons with printing, aprons with inscription, aprons with logo, price","robots":{"index":"index","follow":"follow","max-snippet":"max-snippet:-1","max-image-preview":"max-image-preview:large","max-video-preview":"max-video-preview:-1"},"canonical":"https:\/\/pelin1971.hr\/en\/katalog\/aprons-for-waiters-with-inscription-print-print\/","og_locale":"en_US","og_type":"article","og_title":"APRONS FOR WAITERS, APRONS FOR CATERING","og_description":"aprons for waiters, aprons for catering, waiter's aprons, catering aprons, aprons with printing, aprons with inscription, aprons with logo, price","og_url":"https:\/\/pelin1971.hr\/en\/katalog\/aprons-for-waiters-with-inscription-print-print\/","og_site_name":"Pelin1971","article_modified_time":"2025-11-25T09:39:49+00:00","og_image":[{"width":600,"height":600,"url":"https:\/\/pelin1971.hr\/wp-content\/uploads\/2025\/11\/pregace-s-natpisom.jpg","type":"image\/jpeg"}],"twitter_card":"summary_large_image","twitter_misc":{"Est. reading time":"1 minute"},"schema":{"@context":"https:\/\/schema.org","@graph":[{"@type":"WebPage","@id":"https:\/\/pelin1971.hr\/en\/katalog\/aprons-for-waiters-with-inscription-print-print\/","url":"https:\/\/pelin1971.hr\/en\/katalog\/aprons-for-waiters-with-inscription-print-print\/","name":"APRONS FOR WAITERS, APRONS FOR CATERING","isPartOf":{"@id":"https:\/\/pelin1971.hr\/en\/#website"},"primaryImageOfPage":{"@id":"https:\/\/pelin1971.hr\/en\/katalog\/aprons-for-waiters-with-inscription-print-print\/#primaryimage"},"image":{"@id":"https:\/\/pelin1971.hr\/en\/katalog\/aprons-for-waiters-with-inscription-print-print\/#primaryimage"},"thumbnailUrl":"https:\/\/pelin1971.hr\/wp-content\/uploads\/2025\/11\/konobarska-pregaca-s-okovratnikom-i-logotipom.jpg","datePublished":"2025-11-18T16:20:05+00:00","dateModified":"2025-11-25T09:39:49+00:00","description":"aprons for waiters, aprons for catering, waiter's aprons, catering aprons, aprons with printing, aprons with inscription, aprons with logo, price","breadcrumb":{"@id":"https:\/\/pelin1971.hr\/en\/katalog\/aprons-for-waiters-with-inscription-print-print\/#breadcrumb"},"inLanguage":"en-US","potentialAction":[{"@type":"ReadAction","target":["https:\/\/pelin1971.hr\/en\/katalog\/aprons-for-waiters-with-inscription-print-print\/"]}]},{"@type":"ImageObject","inLanguage":"en-US","@id":"https:\/\/pelin1971.hr\/en\/katalog\/aprons-for-waiters-with-inscription-print-print\/#primaryimage","url":"https:\/\/pelin1971.hr\/wp-content\/uploads\/2025\/11\/konobarska-pregaca-s-okovratnikom-i-logotipom.jpg","contentUrl":"https:\/\/pelin1971.hr\/wp-content\/uploads\/2025\/11\/konobarska-pregaca-s-okovratnikom-i-logotipom.jpg","width":2080,"height":2079,"caption":"konobarska prega\u010da s okovratnikom sa tiskom,printom,logotipom po \u017eelji,personalizirane prega\u010de s okovratnikom za ugostiteljske objekte,restorane,reklamne prega\u010de,promotivne prega\u010de,ugostiteljske prega\u010de s okovratnikom,cijena"},{"@type":"BreadcrumbList","@id":"https:\/\/pelin1971.hr\/en\/katalog\/aprons-for-waiters-with-inscription-print-print\/#breadcrumb","itemListElement":[{"@type":"ListItem","position":1,"name":"Home","item":"https:\/\/pelin1971.hr\/en\/"},{"@type":"ListItem","position":2,"name":"Shop","item":"https:\/\/pelin1971.hr\/en\/shop\/"},{"@type":"ListItem","position":3,"name":"Printing on T-shirts, mugs, hats, umbrellas\u2026","item":"https:\/\/pelin1971.hr\/en\/kategorija-proizvoda\/printing-on-t-shirts-mugs-hats-umbrellas\/"},{"@type":"ListItem","position":4,"name":"Waiter aprons with inscription, print, print"}]},{"@type":"WebSite","@id":"https:\/\/pelin1971.hr\/en\/#website","url":"https:\/\/pelin1971.hr\/en\/","name":"Pelin1971","description":"","potentialAction":[{"@type":"SearchAction","target":{"@type":"EntryPoint","urlTemplate":"https:\/\/pelin1971.hr\/en\/?s={search_term_string}"},"query-input":{"@type":"PropertyValueSpecification","valueRequired":true,"valueName":"search_term_string"}}],"inLanguage":"en-US"}]}},"_links":{"self":[{"href":"https:\/\/pelin1971.hr\/en\/wp-json\/wp\/v2\/product\/7085","targetHints":{"allow":["GET"]}}],"collection":[{"href":"https:\/\/pelin1971.hr\/en\/wp-json\/wp\/v2\/product"}],"about":[{"href":"https:\/\/pelin1971.hr\/en\/wp-json\/wp\/v2\/types\/product"}],"replies":[{"embeddable":true,"href":"https:\/\/pelin1971.hr\/en\/wp-json\/wp\/v2\/comments?post=7085"}],"wp:featuredmedia":[{"embeddable":true,"href":"https:\/\/pelin1971.hr\/en\/wp-json\/wp\/v2\/media\/7107"}],"wp:attachment":[{"href":"https:\/\/pelin1971.hr\/en\/wp-json\/wp\/v2\/media?parent=7085"}],"wp:term":[{"taxonomy":"product_brand","embeddable":true,"href":"https:\/\/pelin1971.hr\/en\/wp-json\/wp\/v2\/product_brand?post=7085"},{"taxonomy":"product_cat","embeddable":true,"href":"https:\/\/pelin1971.hr\/en\/wp-json\/wp\/v2\/product_cat?post=7085"},{"taxonomy":"product_tag","embeddable":true,"href":"https:\/\/pelin1971.hr\/en\/wp-json\/wp\/v2\/product_tag?post=7085"}],"curies":[{"name":"wp","href":"https:\/\/api.w.org\/{rel}","templated":true}]}}