{"id":5302,"date":"2016-02-01T10:24:31","date_gmt":"2016-02-01T09:24:31","guid":{"rendered":"https:\/\/pelin1971.hr\/catering-equipment-printing-packaging-promotional-items\/"},"modified":"2025-11-24T20:51:14","modified_gmt":"2025-11-24T19:51:14","slug":"catering-equipment-printing-packaging-promotional-items","status":"publish","type":"page","link":"https:\/\/pelin1971.hr\/en\/","title":{"rendered":"Homepage"},"content":{"rendered":"\n<h1 class=\"wp-block-heading has-text-align-center pt-5rem pb-4 pb-md-5 mb-0\">See our offer and prices<\/h1>\n    <ul class=\"products columns-5 categories-section\">\r\n                    <li>\r\n             \r\n                    <a href=\"https:\/\/pelin1971.hr\/en\/printing-on-t-shirts-and-mugs-print-inscriptions-personalization\/\">\r\n                        <img decoding=\"async\" src=\"https:\/\/pelin1971.hr\/wp-content\/uploads\/2025\/09\/tisak-na-majice.jpg\" alt=\"Printing on T-shirts, mugs, hats, umbrellas\u2026\">\r\n                        <p class=\"d-none\">Printing on T-shirts, mugs, hats, umbrellas\u2026<\/p>\r\n                        <p class=\"categories-name mb-0\">T-shirt printing<br>\r\n<span>shirts, umbrellas, mugs<\/span><\/p>\r\n                    <\/a>\r\n              \r\n            <\/li>\r\n                        <li>\r\n             \r\n                    <a href=\"https:\/\/pelin1971.hr\/en\/business-gifts-printing-on-lighters-ballpoint-pens\/\">\r\n                        <img decoding=\"async\" src=\"https:\/\/pelin1971.hr\/wp-content\/uploads\/2025\/10\/tisak-na-olovke-2.jpg\" alt=\"Printing on pens, lighters, keychains,\u2026\">\r\n                        <p class=\"d-none\">Printing on pens, lighters, keychains,\u2026<\/p>\r\n                        <p class=\"categories-name mb-0\">Printing on pens<br>\r\n<span>lighters, key rings..<\/span><\/p>\r\n                    <\/a>\r\n              \r\n            <\/li>\r\n                        <li>\r\n             \r\n                    <a href=\"https:\/\/pelin1971.hr\/en\/catering-sugar-in-bags-with-logo-cookies-chocolate-bars-salt-honey\/\">\r\n                        <img decoding=\"async\" src=\"https:\/\/pelin1971.hr\/wp-content\/uploads\/2025\/09\/tisak-i-pakiranje.jpg\" alt=\"Printing and packaging\">\r\n                        <p class=\"d-none\">Printing and packaging<\/p>\r\n                        <p class=\"categories-name mb-0\">Printing and packaging<br>\r\n<span>catering sugar, chocolate bars<\/span><\/p>\r\n                    <\/a>\r\n              \r\n            <\/li>\r\n                        <li>\r\n             \r\n                    <a href=\"https:\/\/pelin1971.hr\/en\/toilet-paper-and-holders-foldable-towels-urinal-tablets-nets-toilet-tiles\/\">\r\n                        <img decoding=\"async\" src=\"https:\/\/pelin1971.hr\/wp-content\/uploads\/2025\/09\/sanitarni_program.jpg\" alt=\"Sanitary program\">\r\n                        <p class=\"d-none\">Sanitary program<\/p>\r\n                        <p class=\"categories-name mb-0\">Sanitary program<br>\r\n<span>towels, toilet paper..<\/span><\/p>\r\n                    <\/a>\r\n              \r\n            <\/li>\r\n                        <li>\r\n             \r\n                    <a href=\"https:\/\/pelin1971.hr\/en\/thermo-rolls-adding-rolls-cash-register-and-printer-tapes\/\">\r\n                        <img decoding=\"async\" src=\"https:\/\/pelin1971.hr\/wp-content\/uploads\/2025\/09\/trake_za_kasu.jpg\" alt=\"Ribbons for cash registers, computers, rolls and books\">\r\n                        <p class=\"d-none\">Ribbons for cash registers, computers, rolls and books<\/p>\r\n                        <p class=\"categories-name mb-0\">Cash register tapes<br>\r\n<span>thermal rolls, ading rolls<\/span><\/p>\r\n                    <\/a>\r\n              \r\n            <\/li>\r\n                        <li>\r\n             \r\n                    <a href=\"https:\/\/pelin1971.hr\/en\/catering-glasses-cocktail-glasses-wine-glasses-champagne-glasses-beer-glasses\/\">\r\n                        <img decoding=\"async\" src=\"https:\/\/pelin1971.hr\/wp-content\/uploads\/2025\/09\/ugostiteljske-case.jpg\" alt=\"Glasses for catering I\">\r\n                        <p class=\"d-none\">Glasses for catering I<\/p>\r\n                        <p class=\"categories-name mb-0\">Glasses for catering<br>\r\n<span>glasses for cocktails, martinis..<\/span><\/p>\r\n                    <\/a>\r\n              \r\n            <\/li>\r\n                        <li>\r\n             \r\n                    <a href=\"https:\/\/pelin1971.hr\/en\/catering-glasses-for-aperitif-white-and-red-wine-glasses\/\">\r\n                        <img decoding=\"async\" src=\"https:\/\/pelin1971.hr\/wp-content\/uploads\/2025\/09\/ugostiteljske-case-2.jpg\" alt=\"Catering glasses\">\r\n                        <p class=\"d-none\">Catering glasses<\/p>\r\n                        <p class=\"categories-name mb-0\">Catering glasses<br>\r\n<span>wine glasses, aperitif..<\/span><\/p>\r\n                    <\/a>\r\n              \r\n            <\/li>\r\n                        <li>\r\n             \r\n                    <a href=\"https:\/\/pelin1971.hr\/en\/ashtrays-beer-mugs-ice-containers-wine-jackets-cups\/\">\r\n                        <img decoding=\"async\" src=\"https:\/\/pelin1971.hr\/wp-content\/uploads\/2025\/09\/pepeljare_i_salice.jpg\" alt=\"Ashtrays, cups\">\r\n                        <p class=\"d-none\">Ashtrays, cups<\/p>\r\n                        <p class=\"categories-name mb-0\">Ashtrays<br>\r\n<span>cups, jugs, mugs, ice buckets<\/span><\/p>\r\n                    <\/a>\r\n              \r\n            <\/li>\r\n                        <li>\r\n             \r\n                    <a href=\"https:\/\/pelin1971.hr\/en\/rostfrei-for-catering-stainless-steel-trays-boston-shaker-coffee-spoons-bottles\/\">\r\n                        <img decoding=\"async\" src=\"https:\/\/pelin1971.hr\/wp-content\/uploads\/2025\/09\/rostfrei.jpg\" alt=\"Stainless steel for catering\">\r\n                        <p class=\"d-none\">Stainless steel for catering<\/p>\r\n                        <p class=\"categories-name mb-0\">Rostfrei<br>\r\n<span>spoons, trays, tongs<\/span><\/p>\r\n                    <\/a>\r\n              \r\n            <\/li>\r\n                        <li>\r\n             \r\n                    <a href=\"https:\/\/pelin1971.hr\/en\/equipment-for-cocktail-bars-pastry-shops-pizzerias-plastic-straws-pizza-plates\/\">\r\n                        <img decoding=\"async\" src=\"https:\/\/pelin1971.hr\/wp-content\/uploads\/2025\/09\/cocktail-bar.jpg\" alt=\"Cocktail bar, pastry shop, pizzeria\">\r\n                        <p class=\"d-none\">Cocktail bar, pastry shop, pizzeria<\/p>\r\n                        <p class=\"categories-name mb-0\">Cocktail bar<br>\r\n<span>pastry shop, pizzeria<\/span><\/p>\r\n                    <\/a>\r\n              \r\n            <\/li>\r\n                        <li>\r\n             \r\n                    <a href=\"https:\/\/pelin1971.hr\/en\/small-catering-equipment-whisk-bottles-waiter-wallets-and-menus-drink-meters\/\">\r\n                        <img decoding=\"async\" src=\"https:\/\/pelin1971.hr\/wp-content\/uploads\/2025\/09\/sitni-inventar.jpg\" alt=\"Small inventory\">\r\n                        <p class=\"d-none\">Small inventory<\/p>\r\n                        <p class=\"categories-name mb-0\">Small inventory<br>\r\n<span>wallets, drink meters<\/span><\/p>\r\n                    <\/a>\r\n              \r\n            <\/li>\r\n                        <li>\r\n             \r\n                    <a href=\"https:\/\/pelin1971.hr\/en\/dishwasher-detergentscleaning-detergentspercaffe\/\">\r\n                        <img decoding=\"async\" src=\"https:\/\/pelin1971.hr\/wp-content\/uploads\/2025\/10\/kemija.jpg\" alt=\"Chemistry\">\r\n                        <p class=\"d-none\">Chemistry<\/p>\r\n                        <p class=\"categories-name mb-0\">Chemicals detergents<br>\r\n<span>disinfection<\/span><\/p>\r\n                    <\/a>\r\n              \r\n            <\/li>\r\n                        <li>\r\n             \r\n                    <a href=\"https:\/\/pelin1971.hr\/en\/garbage-bags-glass-and-floor-polishing-clothes-sponges\/\">\r\n                        <img decoding=\"async\" src=\"https:\/\/pelin1971.hr\/wp-content\/uploads\/2025\/10\/higijena-1.jpg\" alt=\"Hygiene\">\r\n                        <p class=\"d-none\">Hygiene<\/p>\r\n                        <p class=\"categories-name mb-0\">Space hygiene<br>\r\n<span>garbage bags, rags<\/span><\/p>\r\n                    <\/a>\r\n              \r\n            <\/li>\r\n                        <li>\r\n             \r\n                    <a href=\"https:\/\/pelin1971.hr\/en\/catering-packagingfood-delivery-containerscoffee-to-go-cups\/\">\r\n                        <img decoding=\"async\" src=\"https:\/\/pelin1971.hr\/wp-content\/uploads\/2025\/09\/catering-ambalaza.jpg\" alt=\"Catering packaging\">\r\n                        <p class=\"d-none\">Catering packaging<\/p>\r\n                        <p class=\"categories-name mb-0\">Catering packaging\r\n<span>Styrofoam and aluminum containers<\/span><\/p>\r\n                    <\/a>\r\n              \r\n            <\/li>\r\n                        <li>\r\n             \r\n                    <a href=\"https:\/\/pelin1971.hr\/en\/personalized-giftsbirthday-giftsgift-ideasbirthday-gifts\/\">\r\n                        <img decoding=\"async\" src=\"https:\/\/pelin1971.hr\/wp-content\/uploads\/2025\/09\/poklon-artikli.jpg\" alt=\"Gift items\">\r\n                        <p class=\"d-none\">Gift items<\/p>\r\n                        <p class=\"categories-name mb-0\">Gift items<br>\r\n<span>personalized gifts<\/span><\/p>\r\n                    <\/a>\r\n              \r\n            <\/li>\r\n                <\/ul>\r\n\n\n<h2 class=\"wp-block-heading has-text-align-center pt-5rem mb-2\">Buy first hand&#8230; because why pay more?!<\/h2>\n\n<p class=\"has-text-align-center mb-3 mb-md-5\">Printing and packaging, direct import and sale of catering consumables&#8230;<\/p>\n\n<div class=\"wp-block-columns alignfull is-layout-flex wp-container-core-columns-is-layout-9d6595d7 wp-block-columns-is-layout-flex\">\n<div class=\"wp-block-column is-layout-flow wp-block-column-is-layout-flow\">    <div class=\"swiper swiper-home\">\n        <div class=\"swiper-wrapper\">\n                            <div class=\"swiper-slide\">\n                      <div class=\"desktop-swiper-image\">\n                        <img loading=\"lazy\" decoding=\"async\" width=\"2000\" height=\"1333\" src=\"https:\/\/pelin1971.hr\/wp-content\/uploads\/2025\/05\/96072aa26a323328fe3e4a0a30fa9e99f31e3626.jpg\" class=\"swiper-img wp-post-image\" alt=\"\" srcset=\"https:\/\/pelin1971.hr\/wp-content\/uploads\/2025\/05\/96072aa26a323328fe3e4a0a30fa9e99f31e3626.jpg 2000w, https:\/\/pelin1971.hr\/wp-content\/uploads\/2025\/05\/96072aa26a323328fe3e4a0a30fa9e99f31e3626-300x200.jpg 300w, https:\/\/pelin1971.hr\/wp-content\/uploads\/2025\/05\/96072aa26a323328fe3e4a0a30fa9e99f31e3626-1024x682.jpg 1024w, https:\/\/pelin1971.hr\/wp-content\/uploads\/2025\/05\/96072aa26a323328fe3e4a0a30fa9e99f31e3626-768x512.jpg 768w, https:\/\/pelin1971.hr\/wp-content\/uploads\/2025\/05\/96072aa26a323328fe3e4a0a30fa9e99f31e3626-1536x1024.jpg 1536w, https:\/\/pelin1971.hr\/wp-content\/uploads\/2025\/05\/96072aa26a323328fe3e4a0a30fa9e99f31e3626-500x333.jpg 500w\" sizes=\"auto, (max-width: 2000px) 100vw, 2000px\" \/>                     <div class=\"slider-content\">\n                        <div>\n                        <h2>Ponuda sitnog inventara<\/h2>\n<p>Provjerite ponudu i na\u0161e cijene, po\u0161aljite upit za Va\u0161u personaliziranu narud\u017ebu.<\/p>\n                        <\/div>\n                                                        <a href=\"\/sitni-inventar-za-ugostiteljstvo\/\" class=\"slider-cta-button\">\n                                    Saznaj vi\u0161e                                <\/a>\n                            \n                    <\/div>\n                    <\/div>\n                <\/div>\n                            <div class=\"swiper-slide\">\n                      <div class=\"desktop-swiper-image\">\n                        <img loading=\"lazy\" decoding=\"async\" width=\"1920\" height=\"430\" src=\"https:\/\/pelin1971.hr\/wp-content\/uploads\/2026\/02\/kontakt-lokacija-hero-image-desktop.jpg\" class=\"swiper-img wp-post-image\" alt=\"\" srcset=\"https:\/\/pelin1971.hr\/wp-content\/uploads\/2026\/02\/kontakt-lokacija-hero-image-desktop.jpg 1920w, https:\/\/pelin1971.hr\/wp-content\/uploads\/2026\/02\/kontakt-lokacija-hero-image-desktop-300x67.jpg 300w, https:\/\/pelin1971.hr\/wp-content\/uploads\/2026\/02\/kontakt-lokacija-hero-image-desktop-1024x229.jpg 1024w, https:\/\/pelin1971.hr\/wp-content\/uploads\/2026\/02\/kontakt-lokacija-hero-image-desktop-768x172.jpg 768w, https:\/\/pelin1971.hr\/wp-content\/uploads\/2026\/02\/kontakt-lokacija-hero-image-desktop-1536x344.jpg 1536w, https:\/\/pelin1971.hr\/wp-content\/uploads\/2026\/02\/kontakt-lokacija-hero-image-desktop-500x112.jpg 500w\" sizes=\"auto, (max-width: 1920px) 100vw, 1920px\" \/>                     <div class=\"slider-content\">\n                        <div>\n                        <p>tekst ispod naslova<\/p>\n                        <\/div>\n                                                        <a href=\"http:\/\/unesite%20link\" class=\"slider-cta-button\">\n                                    Naru\u010di                                <\/a>\n                            \n                    <\/div>\n                    <\/div>\n                <\/div>\n                    <\/div>\n        <div class=\"swiper-button-prev\">\n        <\/div>\n        <div class=\"swiper-button-next\">\n        <\/div>\n    <\/div>\n\n<\/div>\n<\/div>\n\n<div class=\"wp-block-cover alignfull has-parallax\" style=\"min-height:430px;aspect-ratio:unset;\"><div class=\"wp-block-cover__image-background wp-image-5073 size-full has-parallax\" style=\"background-position:50% 50%;background-image:url(https:\/\/pelin1971.hr\/wp-content\/uploads\/2025\/05\/5e189c5edede796ce4e1c5f77d40899b4a04500e-scaled.jpg)\"><\/div><span aria-hidden=\"true\" class=\"wp-block-cover__background has-black-background-color has-background-dim-60 has-background-dim\"><\/span><div class=\"wp-block-cover__inner-container is-layout-constrained wp-block-cover-is-layout-constrained\">\n<h6 class=\"wp-block-heading has-text-align-center h2 has-white-color has-text-color has-link-color wp-elements-a0bdecf9c2beb3c25f13bf1603bf8a27\">Subscribe to the newsletter<\/h6>\n\n\n\n<p class=\"has-text-align-center font-18 has-white-color has-text-color has-link-color wp-elements-ba41601f26f94a27294e1a58965592cf\">Short text info<\/p>\n\n\n<div class=\"tnp tnp-subscription \">\n<form method=\"post\" action=\"https:\/\/pelin1971.hr\/wp-admin\/admin-ajax.php?action=tnp&amp;na=s\">\n<input type=\"hidden\" name=\"nlang\" value=\"en\">\n<div class=\"tnp-field tnp-field-email\"><label for=\"tnp-1\">Email<\/label>\n<input class=\"tnp-email\" type=\"email\" name=\"ne\" id=\"tnp-1\" value=\"\" placeholder=\"E-mail\" required><\/div>\n<div class=\"tnp-field tnp-privacy-field\"><label><input type=\"checkbox\" name=\"ny\" required class=\"tnp-privacy\"> <a target=\"_blank\" href=\"https:\/\/pelin1971.hr\/zastita-privatnosti\/\">\u017delim primati E-mail i prihva\u0107am uvjete kori\u0161tenja i za\u0161tite privatnosti podataka<\/a><\/label><\/div><div class=\"tnp-field tnp-field-button\" style=\"text-align: left\"><input class=\"tnp-submit\" type=\"submit\" value=\"PRETPLATI ME\" style=\"\">\n<\/div>\n<\/form>\n<\/div>\n\n<\/div><\/div>\n","protected":false},"excerpt":{"rendered":"<p>See our offer and prices Buy first hand&#8230; because why pay more?! Printing and packaging, direct import and sale of catering consumables&#8230;<\/p>\n","protected":false},"author":1,"featured_media":0,"parent":0,"menu_order":0,"comment_status":"closed","ping_status":"closed","template":"","meta":{"_acf_changed":false,"footnotes":""},"class_list":["post-5302","page","type-page","status-publish","hentry"],"acf":[],"yoast_head":"<!-- This site is optimized with the Yoast SEO plugin v26.8 - https:\/\/yoast.com\/product\/yoast-seo-wordpress\/ -->\n<title>CATERING EQUIPMENT, PRINTING, PACKAGING, PROMOTIONAL ITEMS<\/title>\n<meta name=\"description\" content=\"catering equipment, small catering equipment, printing, packaging of granulated sugar, catering equipment, printing on t-shirts, mugs, aprons, promotional items\" \/>\n<meta name=\"robots\" content=\"index, follow, max-snippet:-1, max-image-preview:large, max-video-preview:-1\" \/>\n<link rel=\"canonical\" href=\"https:\/\/pelin1971.hr\/en\/\" \/>\n<meta property=\"og:locale\" content=\"en_US\" \/>\n<meta property=\"og:type\" content=\"article\" \/>\n<meta property=\"og:title\" content=\"CATERING EQUIPMENT, PRINTING, PACKAGING, PROMOTIONAL ITEMS\" \/>\n<meta property=\"og:description\" content=\"catering equipment, small catering equipment, printing, packaging of granulated sugar, catering equipment, printing on t-shirts, mugs, aprons, promotional items\" \/>\n<meta property=\"og:url\" content=\"https:\/\/pelin1971.hr\/en\/\" \/>\n<meta property=\"og:site_name\" content=\"Pelin1971\" \/>\n<meta property=\"article:modified_time\" content=\"2025-11-24T19:51:14+00:00\" \/>\n<meta name=\"twitter:card\" content=\"summary_large_image\" \/>\n<script type=\"application\/ld+json\" class=\"yoast-schema-graph\">{\"@context\":\"https:\/\/schema.org\",\"@graph\":[{\"@type\":\"WebPage\",\"@id\":\"https:\/\/pelin1971.hr\/en\/\",\"url\":\"https:\/\/pelin1971.hr\/en\/\",\"name\":\"CATERING EQUIPMENT, PRINTING, PACKAGING, PROMOTIONAL ITEMS\",\"isPartOf\":{\"@id\":\"https:\/\/pelin1971.hr\/en\/#website\"},\"datePublished\":\"2016-02-01T09:24:31+00:00\",\"dateModified\":\"2025-11-24T19:51:14+00:00\",\"description\":\"catering equipment, small catering equipment, printing, packaging of granulated sugar, catering equipment, printing on t-shirts, mugs, aprons, promotional items\",\"breadcrumb\":{\"@id\":\"https:\/\/pelin1971.hr\/en\/#breadcrumb\"},\"inLanguage\":\"en-US\",\"potentialAction\":[{\"@type\":\"ReadAction\",\"target\":[\"https:\/\/pelin1971.hr\/en\/\"]}]},{\"@type\":\"BreadcrumbList\",\"@id\":\"https:\/\/pelin1971.hr\/en\/#breadcrumb\",\"itemListElement\":[{\"@type\":\"ListItem\",\"position\":1,\"name\":\"Home\",\"item\":\"https:\/\/pelin1971.hr\/en\/\"},{\"@type\":\"ListItem\",\"position\":2,\"name\":\"Homepage\"}]},{\"@type\":\"WebSite\",\"@id\":\"https:\/\/pelin1971.hr\/en\/#website\",\"url\":\"https:\/\/pelin1971.hr\/en\/\",\"name\":\"Pelin1971\",\"description\":\"\",\"potentialAction\":[{\"@type\":\"SearchAction\",\"target\":{\"@type\":\"EntryPoint\",\"urlTemplate\":\"https:\/\/pelin1971.hr\/en\/?s={search_term_string}\"},\"query-input\":{\"@type\":\"PropertyValueSpecification\",\"valueRequired\":true,\"valueName\":\"search_term_string\"}}],\"inLanguage\":\"en-US\"}]}<\/script>\n<!-- \/ Yoast SEO plugin. -->","yoast_head_json":{"title":"CATERING EQUIPMENT, PRINTING, PACKAGING, PROMOTIONAL ITEMS","description":"catering equipment, small catering equipment, printing, packaging of granulated sugar, catering equipment, printing on t-shirts, mugs, aprons, promotional items","robots":{"index":"index","follow":"follow","max-snippet":"max-snippet:-1","max-image-preview":"max-image-preview:large","max-video-preview":"max-video-preview:-1"},"canonical":"https:\/\/pelin1971.hr\/en\/","og_locale":"en_US","og_type":"article","og_title":"CATERING EQUIPMENT, PRINTING, PACKAGING, PROMOTIONAL ITEMS","og_description":"catering equipment, small catering equipment, printing, packaging of granulated sugar, catering equipment, printing on t-shirts, mugs, aprons, promotional items","og_url":"https:\/\/pelin1971.hr\/en\/","og_site_name":"Pelin1971","article_modified_time":"2025-11-24T19:51:14+00:00","twitter_card":"summary_large_image","schema":{"@context":"https:\/\/schema.org","@graph":[{"@type":"WebPage","@id":"https:\/\/pelin1971.hr\/en\/","url":"https:\/\/pelin1971.hr\/en\/","name":"CATERING EQUIPMENT, PRINTING, PACKAGING, PROMOTIONAL ITEMS","isPartOf":{"@id":"https:\/\/pelin1971.hr\/en\/#website"},"datePublished":"2016-02-01T09:24:31+00:00","dateModified":"2025-11-24T19:51:14+00:00","description":"catering equipment, small catering equipment, printing, packaging of granulated sugar, catering equipment, printing on t-shirts, mugs, aprons, promotional items","breadcrumb":{"@id":"https:\/\/pelin1971.hr\/en\/#breadcrumb"},"inLanguage":"en-US","potentialAction":[{"@type":"ReadAction","target":["https:\/\/pelin1971.hr\/en\/"]}]},{"@type":"BreadcrumbList","@id":"https:\/\/pelin1971.hr\/en\/#breadcrumb","itemListElement":[{"@type":"ListItem","position":1,"name":"Home","item":"https:\/\/pelin1971.hr\/en\/"},{"@type":"ListItem","position":2,"name":"Homepage"}]},{"@type":"WebSite","@id":"https:\/\/pelin1971.hr\/en\/#website","url":"https:\/\/pelin1971.hr\/en\/","name":"Pelin1971","description":"","potentialAction":[{"@type":"SearchAction","target":{"@type":"EntryPoint","urlTemplate":"https:\/\/pelin1971.hr\/en\/?s={search_term_string}"},"query-input":{"@type":"PropertyValueSpecification","valueRequired":true,"valueName":"search_term_string"}}],"inLanguage":"en-US"}]}},"_links":{"self":[{"href":"https:\/\/pelin1971.hr\/en\/wp-json\/wp\/v2\/pages\/5302","targetHints":{"allow":["GET"]}}],"collection":[{"href":"https:\/\/pelin1971.hr\/en\/wp-json\/wp\/v2\/pages"}],"about":[{"href":"https:\/\/pelin1971.hr\/en\/wp-json\/wp\/v2\/types\/page"}],"author":[{"embeddable":true,"href":"https:\/\/pelin1971.hr\/en\/wp-json\/wp\/v2\/users\/1"}],"replies":[{"embeddable":true,"href":"https:\/\/pelin1971.hr\/en\/wp-json\/wp\/v2\/comments?post=5302"}],"version-history":[{"count":2,"href":"https:\/\/pelin1971.hr\/en\/wp-json\/wp\/v2\/pages\/5302\/revisions"}],"predecessor-version":[{"id":8064,"href":"https:\/\/pelin1971.hr\/en\/wp-json\/wp\/v2\/pages\/5302\/revisions\/8064"}],"wp:attachment":[{"href":"https:\/\/pelin1971.hr\/en\/wp-json\/wp\/v2\/media?parent=5302"}],"curies":[{"name":"wp","href":"https:\/\/api.w.org\/{rel}","templated":true}]}}